{"id":103,"date":"2022-05-19T20:02:48","date_gmt":"2022-05-19T20:02:48","guid":{"rendered":"https:\/\/headroomx.de\/?page_id=103"},"modified":"2022-05-29T12:53:37","modified_gmt":"2022-05-29T12:53:37","slug":"erfahrungen-mit-billigen-fahrradtaschen","status":"publish","type":"page","link":"https:\/\/headroomx.de\/?page_id=103","title":{"rendered":"Erfahrungen mit billigen Fahrradtaschen"},"content":{"rendered":"\n<p>Taschen, wasserdicht?<\/p>\n\n\n\n<p>Ach ja, h\u00e4tte ich meiner Frau vorher gesagt, ich m\u00f6chte mal eben f\u00fcr die Tour f\u00fcr 400 Euro ein paar Ortlieb-Taschen kaufen, h\u00e4tte sie mir den Vogel gezeigt. F\u00fcr meine t\u00e4glichen Fahrten zur Arbeit habe ich eine Ortlieb Office, die wirklich gut ist, aber die habe ich nicht mitgenommen, da sie mir zu schade war. Dar\u00fcber hinaus hatten wir noch zwei wirklich dichte Taschen, mit allerdings m\u00e4\u00dfigem Befestigungssystem.&nbsp;<\/p>\n\n\n\n<p>Also kaufte meine Frau mal eben beim L&#8230; (gro\u00dfer Discounter) so ein Heckpacktaschen-Querdr\u00fcbersonstwaspaket zum Preise von neunzehnkommahastenichgesehen mit beiliegendem Regenpariser. Das sollte eigentlich schon zu denken geben!<\/p>\n\n\n\n<p>Ich habe meinerseits, angesichts der Materialstapel meiner Frau (was so alles noch unbedingt mit musste), einen Tag vor der Abreise beim A&#8230; (anderer gro\u00dfer Discounter) schnell noch zwei Packtaschen f\u00fcr 9,99 gekauft, nat\u00fcrlich auch mit Regenpariser.&nbsp;<\/p>\n\n\n\n<p><strong>Kurz gesagt, eine Tasche, die einen separaten Regenschutz braucht, ist nicht dicht.<\/strong>&nbsp;Ein Tasche, die konstruktiv nicht dicht ist, l\u00e4sst sich auch mit Regen\u00fcberziehern nicht dicht bekommen! Der einzige Vorteil liegt darin, dass die Suppe, die oben reinl\u00e4uft, nach S\u00e4ttigung der Klamotten auch unten wieder rauskann, man spart das Ausleeren!<\/p>\n\n\n\n<p>Alles das war mir vor der Fahrt schon bekannt, aber da meine Frau die Agrarwetterprognosen von zu Hause bis Wien eingeholt hatte, f\u00fchlten wir uns nahezu regensicher&#8230; &nbsp;<\/p>\n\n\n\n<p>&#8230;das war dann aber nicht ganz so, an rund 4 von 9 Tagen hatten wir heftige Regenschauer bis Dauerregen. Wenn man dann noch mit dem Zelt unterwegs ist, sind die M\u00f6glichkeiten zum Trocknen durchn\u00e4sster Ausr\u00fcstung \u00fcberwiegend auf den Morgen des Reisetages und den Abend des Heimkehrtages beschr\u00e4nkt.&nbsp;<\/p>\n\n\n\n<p>So haben wir zwar eine Menge mitgeschleppt, konnten jedoch gewisse Dinge wegen Durchn\u00e4ssung gar nicht nutzen. Allerh\u00f6chstens Tauchutensilien lie\u00dfen sich mit solchen Taschen ad\u00e4quat vorfluten.<\/p>\n\n\n\n<p>Jedenfalls brauche ich meiner Frau nun nicht mehr zu erkl\u00e4ren, warum Ortlieb &amp; Co f\u00fcr gute Taschen richtig viel Geld verlangen k\u00f6nnen. &nbsp;<\/p>\n\n\n<div class=\"wp-block-image\">\n<figure class=\"aligncenter size-full\"><img loading=\"lazy\" decoding=\"async\" width=\"700\" height=\"768\" src=\"https:\/\/headroomx.de\/wp-content\/uploads\/2022\/05\/Billigtaschen01.png\" alt=\"\" class=\"wp-image-2182\" srcset=\"https:\/\/headroomx.de\/wp-content\/uploads\/2022\/05\/Billigtaschen01.png 700w, https:\/\/headroomx.de\/wp-content\/uploads\/2022\/05\/Billigtaschen01-273x300.png 273w\" sizes=\"auto, (max-width: 700px) 100vw, 700px\" \/><\/figure>\n<\/div>\n\n\n<p>Solche Taschen sind f\u00fcr\u2018n A&#8230;! Sie taugen maximal dazu, leichte Regenbekleidung mitzuf\u00fchren, da diese bei Regen nicht da drin bleibt, also auch nichts trocken gehalten werden muss. Bei unserer Reise war es eher sinnbefreit, Klamotten darin mitzuf\u00fchren, die man dann wegen Durchn\u00e4ssung dann eh nicht anziehen konnte. \u00d6kologisch gesehen schade um das Material, das man f\u00fcr die Herstellung so eines Produktes ver(sch)wendet hat.&nbsp;<\/p>\n\n\n<div class=\"wp-block-image\">\n<figure class=\"aligncenter size-full\"><img loading=\"lazy\" decoding=\"async\" width=\"700\" height=\"572\" src=\"https:\/\/headroomx.de\/wp-content\/uploads\/2022\/05\/Billigtaschen02.png\" alt=\"\" class=\"wp-image-2183\" srcset=\"https:\/\/headroomx.de\/wp-content\/uploads\/2022\/05\/Billigtaschen02.png 700w, https:\/\/headroomx.de\/wp-content\/uploads\/2022\/05\/Billigtaschen02-300x245.png 300w\" sizes=\"auto, (max-width: 700px) 100vw, 700px\" \/><\/figure>\n<\/div>\n\n\n<p>Das Gegenst\u00fcck vom Konkurrenz-Diskounter:&nbsp;<strong>Passform wie ein Kartoffelsack im Kellereck.<\/strong>&nbsp;<\/p>\n\n\n\n<p>Auch hier der \u201etolle\u201c Regenpariser, der eigentlich nur eine Aufgabe wirklich bestens erf\u00fcllt: Er h\u00e4lt das R\u00fccklicht wirksam davon ab, gesehen zu werden!<\/p>\n\n\n<div class=\"wp-block-image\">\n<figure class=\"aligncenter size-full\"><img loading=\"lazy\" decoding=\"async\" width=\"700\" height=\"736\" src=\"https:\/\/headroomx.de\/wp-content\/uploads\/2022\/05\/Billigtaschen03.png\" alt=\"\" class=\"wp-image-2184\" srcset=\"https:\/\/headroomx.de\/wp-content\/uploads\/2022\/05\/Billigtaschen03.png 700w, https:\/\/headroomx.de\/wp-content\/uploads\/2022\/05\/Billigtaschen03-285x300.png 285w\" sizes=\"auto, (max-width: 700px) 100vw, 700px\" \/><\/figure>\n<\/div>\n\n\n<p>Kleines Nachwort:<\/p>\n\n\n\n<p>Nein, ich bin nicht sauer und ich sehe gerade das mit den Taschen in der abschlie\u00dfenden Betrachtung doch eher am\u00fcsiert, entbindet es mich davon, meiner Frau lang und breit erkl\u00e4ren zu m\u00fcssen, warum gute Taschen Geld kosten (obwohl sie es eigentlich wei\u00df) und wie spa\u00dfbefreit es ist, mit nassen Klamotten unterwegs zu sein.<\/p>\n\n\n\n<p>Ich schimpfe auch nicht auf Aldi und Lidl, nein, die Taschen k\u00f6nnen genau das, was man f\u00fcr den bezahlten Preis erwarten kann: Oben kann man was reintun und sie verlieren es bewiesenerma\u00dfen eine Woche lang nicht. Nach Tibet w\u00fcrde ich damit nicht fahren wollen!<\/p>\n\n\n\n<p>Mittlerweile f\u00e4hrt meine Frau mit 4 Ortlieb-Taschen und ich hinten mit Vaude-Taschen und vorne mit Ideale-Taschen. Die Ideale Taschen sind aus &#8222;LKW-Plane&#8220;. Lediglich die Befestigungen waren nicht so der Bringer. Die habe ich umgebaut und gut ist.<\/p>\n","protected":false},"excerpt":{"rendered":"<p>Eine etwas lustiger Erfahrungsbericht \u00fcber billige Fahrradtaschen&#8230;<\/p>\n","protected":false},"author":1,"featured_media":0,"parent":0,"menu_order":0,"comment_status":"closed","ping_status":"closed","template":"","meta":{"footnotes":""},"class_list":["post-103","page","type-page","status-publish","czr-hentry"],"_links":{"self":[{"href":"https:\/\/headroomx.de\/index.php?rest_route=\/wp\/v2\/pages\/103","targetHints":{"allow":["GET"]}}],"collection":[{"href":"https:\/\/headroomx.de\/index.php?rest_route=\/wp\/v2\/pages"}],"about":[{"href":"https:\/\/headroomx.de\/index.php?rest_route=\/wp\/v2\/types\/page"}],"author":[{"embeddable":true,"href":"https:\/\/headroomx.de\/index.php?rest_route=\/wp\/v2\/users\/1"}],"replies":[{"embeddable":true,"href":"https:\/\/headroomx.de\/index.php?rest_route=%2Fwp%2Fv2%2Fcomments&post=103"}],"version-history":[{"count":3,"href":"https:\/\/headroomx.de\/index.php?rest_route=\/wp\/v2\/pages\/103\/revisions"}],"predecessor-version":[{"id":2186,"href":"https:\/\/headroomx.de\/index.php?rest_route=\/wp\/v2\/pages\/103\/revisions\/2186"}],"wp:attachment":[{"href":"https:\/\/headroomx.de\/index.php?rest_route=%2Fwp%2Fv2%2Fmedia&parent=103"}],"curies":[{"name":"wp","href":"https:\/\/api.w.org\/{rel}","templated":true}]}}