{"id":112,"date":"2022-05-19T20:06:18","date_gmt":"2022-05-19T20:06:18","guid":{"rendered":"https:\/\/headroomx.de\/?page_id=112"},"modified":"2022-05-29T12:54:51","modified_gmt":"2022-05-29T12:54:51","slug":"front-rack-fuer-zelt","status":"publish","type":"page","link":"https:\/\/headroomx.de\/?page_id=112","title":{"rendered":"Front-Rack f\u00fcr Zelt"},"content":{"rendered":"\n<p>F\u00fcr unsere Radreise von St. Nazaire nach Bayern Ende Mai brauchte ich ein Rack f\u00fcr das Zelt. Im Vorjahr hatte ich das Zelt in einer beiden vorderen Packtaschen. Da das Zelt aber verpackt eine Rolle ist und wegen der Stangen auch nicht k\u00fcrzer zu bekommen ist, passte es nur leidlich in die Packtasche. Au\u00dferdem musste ich deswegen vorne die gro\u00dfen Taschen verwenden.&nbsp;<\/p>\n\n\n\n<p>Nun wollte ich ich das Zelt vorne quer anbringen. Es gibt zwar vordere Randoneuse-Gep\u00e4cktr\u00e4ger, aber die passen nicht zus\u00e4tzlich zu meinem Tubus Tara und au\u00dferdem kosten die um die 150 Euro.&nbsp;<\/p>\n\n\n\n<p>So beschlo\u00df ich, ein Rack selbst zu bauen. Verwendet wurden 6mm und 8mm Edelstahlrohre mit 1mm Wandst\u00e4rke. Verbunden wurde alles mittels Silberlot, also hartgel\u00f6tet. Au\u00dferdem wurden alle Verbindungen zus\u00e4tzlich so ausgef\u00fchrt, dass sie gleichzeitig &nbsp;formschl\u00fcssig sind. D.h. die Last wirkt nur zum Teil auf die L\u00f6tstellen.<\/p>\n\n\n\n<p>Unten ist das frisch gel\u00f6tete Rack zu sehen, noch nicht gereinigt und poliert, bei der ersten Anprobe. Die Schutzblechstreben werden sp\u00e4ter noch verschwinden.&nbsp;<\/p>\n\n\n<div class=\"wp-block-image\">\n<figure class=\"aligncenter size-full\"><img loading=\"lazy\" decoding=\"async\" width=\"700\" height=\"933\" src=\"https:\/\/headroomx.de\/wp-content\/uploads\/2022\/05\/Frontrack01.jpg\" alt=\"\" class=\"wp-image-2187\" srcset=\"https:\/\/headroomx.de\/wp-content\/uploads\/2022\/05\/Frontrack01.jpg 700w, https:\/\/headroomx.de\/wp-content\/uploads\/2022\/05\/Frontrack01-225x300.jpg 225w\" sizes=\"auto, (max-width: 700px) 100vw, 700px\" \/><\/figure>\n<\/div>\n\n\n<p>So, eine Blick auf die Waage. Nicht, dass es mich bei einem schweren Reiserad wirklich interessiert, aber nat\u00fcrlich will ich wissen, wie &#8222;gut&#8220; ich bin!<\/p>\n\n\n<div class=\"wp-block-image\">\n<figure class=\"aligncenter size-full\"><img loading=\"lazy\" decoding=\"async\" width=\"700\" height=\"541\" src=\"https:\/\/headroomx.de\/wp-content\/uploads\/2022\/05\/Frontrack02.jpg\" alt=\"\" class=\"wp-image-2188\" srcset=\"https:\/\/headroomx.de\/wp-content\/uploads\/2022\/05\/Frontrack02.jpg 700w, https:\/\/headroomx.de\/wp-content\/uploads\/2022\/05\/Frontrack02-300x232.jpg 300w\" sizes=\"auto, (max-width: 700px) 100vw, 700px\" \/><\/figure>\n<\/div>\n\n\n<p>272 Gramm. Eigentlich m\u00fcsste man dan noch die zwei Schutzblechstreben davon abziehen, denn die fallen letztendlich weg.&nbsp;<\/p>\n\n\n<div class=\"wp-block-image\">\n<figure class=\"aligncenter size-full\"><img loading=\"lazy\" decoding=\"async\" width=\"700\" height=\"522\" src=\"https:\/\/headroomx.de\/wp-content\/uploads\/2022\/05\/Frontrack03.jpg\" alt=\"\" class=\"wp-image-2189\" srcset=\"https:\/\/headroomx.de\/wp-content\/uploads\/2022\/05\/Frontrack03.jpg 700w, https:\/\/headroomx.de\/wp-content\/uploads\/2022\/05\/Frontrack03-300x224.jpg 300w\" sizes=\"auto, (max-width: 700px) 100vw, 700px\" \/><\/figure>\n<\/div>\n\n\n<p>Nachfolgend das gereinigte Rack in Frontansicht&#8230;<\/p>\n\n\n<div class=\"wp-block-image\">\n<figure class=\"aligncenter size-full\"><img loading=\"lazy\" decoding=\"async\" width=\"700\" height=\"733\" src=\"https:\/\/headroomx.de\/wp-content\/uploads\/2022\/05\/Frontrack04.jpg\" alt=\"\" class=\"wp-image-2190\" srcset=\"https:\/\/headroomx.de\/wp-content\/uploads\/2022\/05\/Frontrack04.jpg 700w, https:\/\/headroomx.de\/wp-content\/uploads\/2022\/05\/Frontrack04-286x300.jpg 286w\" sizes=\"auto, (max-width: 700px) 100vw, 700px\" \/><\/figure>\n<\/div>\n\n\n<p>&#8230;und Seitenansicht.<\/p>\n\n\n<div class=\"wp-block-image\">\n<figure class=\"aligncenter size-large\"><img loading=\"lazy\" decoding=\"async\" width=\"653\" height=\"1024\" src=\"https:\/\/headroomx.de\/wp-content\/uploads\/2022\/05\/Frontrack05-653x1024.jpg\" alt=\"\" class=\"wp-image-2191\" srcset=\"https:\/\/headroomx.de\/wp-content\/uploads\/2022\/05\/Frontrack05-653x1024.jpg 653w, https:\/\/headroomx.de\/wp-content\/uploads\/2022\/05\/Frontrack05-191x300.jpg 191w, https:\/\/headroomx.de\/wp-content\/uploads\/2022\/05\/Frontrack05.jpg 700w\" sizes=\"auto, (max-width: 653px) 100vw, 653px\" \/><\/figure>\n<\/div>\n\n\n<p>Erstmals montiert, mit ge\u00e4nderter Schutzblechbefestigung. Hier ist allerdings die Lampe noch nicht verkabelt.<\/p>\n\n\n<div class=\"wp-block-image\">\n<figure class=\"aligncenter size-large\"><img loading=\"lazy\" decoding=\"async\" width=\"683\" height=\"1024\" src=\"https:\/\/headroomx.de\/wp-content\/uploads\/2022\/05\/Frontrack06-683x1024.jpg\" alt=\"\" class=\"wp-image-2193\" srcset=\"https:\/\/headroomx.de\/wp-content\/uploads\/2022\/05\/Frontrack06-683x1024.jpg 683w, https:\/\/headroomx.de\/wp-content\/uploads\/2022\/05\/Frontrack06-200x300.jpg 200w, https:\/\/headroomx.de\/wp-content\/uploads\/2022\/05\/Frontrack06.jpg 700w\" sizes=\"auto, (max-width: 683px) 100vw, 683px\" \/><\/figure>\n<\/div>\n\n\n<p>Das fertige Rad. Alles verkabelt (fehlt eigentlich nur noch der USB-Lader. Auch die Schriftz\u00fcge sind nun am Rad.<\/p>\n\n\n<div class=\"wp-block-image\">\n<figure class=\"aligncenter size-full\"><img loading=\"lazy\" decoding=\"async\" width=\"700\" height=\"545\" src=\"https:\/\/headroomx.de\/wp-content\/uploads\/2022\/05\/Frontrack07.jpg\" alt=\"\" class=\"wp-image-2194\" srcset=\"https:\/\/headroomx.de\/wp-content\/uploads\/2022\/05\/Frontrack07.jpg 700w, https:\/\/headroomx.de\/wp-content\/uploads\/2022\/05\/Frontrack07-300x234.jpg 300w\" sizes=\"auto, (max-width: 700px) 100vw, 700px\" \/><\/figure>\n<\/div>\n\n\n<p>Nachfolgend eine Frontansicht mit aufgelegtem Zelt. Die Lampe leuchtet \u00fcber das Zelt. Auch lie\u00dfe sich die Lampe bei Bedarf noch um 3cm nach oben schwenken.<\/p>\n\n\n<div class=\"wp-block-image\">\n<figure class=\"aligncenter size-full\"><img loading=\"lazy\" decoding=\"async\" width=\"700\" height=\"933\" src=\"https:\/\/headroomx.de\/wp-content\/uploads\/2022\/05\/Frontrack08.jpg\" alt=\"\" class=\"wp-image-2195\" srcset=\"https:\/\/headroomx.de\/wp-content\/uploads\/2022\/05\/Frontrack08.jpg 700w, https:\/\/headroomx.de\/wp-content\/uploads\/2022\/05\/Frontrack08-225x300.jpg 225w\" sizes=\"auto, (max-width: 700px) 100vw, 700px\" \/><\/figure>\n<\/div>\n\n\n<p>Alles in allem bin ich zufrieden.<\/p>\n\n\n\n<p><strong>Update: Position der Lampe ge\u00e4ndert!<\/strong><\/p>\n\n\n\n<figure class=\"wp-block-image size-full\"><img loading=\"lazy\" decoding=\"async\" width=\"702\" height=\"527\" src=\"https:\/\/headroomx.de\/wp-content\/uploads\/2022\/05\/00_06_Fotor.jpg\" alt=\"\" class=\"wp-image-1950\" srcset=\"https:\/\/headroomx.de\/wp-content\/uploads\/2022\/05\/00_06_Fotor.jpg 702w, https:\/\/headroomx.de\/wp-content\/uploads\/2022\/05\/00_06_Fotor-300x225.jpg 300w\" sizes=\"auto, (max-width: 702px) 100vw, 702px\" \/><\/figure>\n\n\n\n<figure class=\"wp-block-image size-full\"><img loading=\"lazy\" decoding=\"async\" width=\"702\" height=\"936\" src=\"https:\/\/headroomx.de\/wp-content\/uploads\/2022\/05\/00_05_Fotor.jpg\" alt=\"\" class=\"wp-image-1949\" srcset=\"https:\/\/headroomx.de\/wp-content\/uploads\/2022\/05\/00_05_Fotor.jpg 702w, https:\/\/headroomx.de\/wp-content\/uploads\/2022\/05\/00_05_Fotor-225x300.jpg 225w\" sizes=\"auto, (max-width: 702px) 100vw, 702px\" \/><\/figure>\n","protected":false},"excerpt":{"rendered":"<p>Ein Zelt muss mit, aber wo? Am besten vorne&#8230;<\/p>\n","protected":false},"author":1,"featured_media":0,"parent":0,"menu_order":0,"comment_status":"closed","ping_status":"closed","template":"","meta":{"footnotes":""},"class_list":["post-112","page","type-page","status-publish","czr-hentry"],"_links":{"self":[{"href":"https:\/\/headroomx.de\/index.php?rest_route=\/wp\/v2\/pages\/112","targetHints":{"allow":["GET"]}}],"collection":[{"href":"https:\/\/headroomx.de\/index.php?rest_route=\/wp\/v2\/pages"}],"about":[{"href":"https:\/\/headroomx.de\/index.php?rest_route=\/wp\/v2\/types\/page"}],"author":[{"embeddable":true,"href":"https:\/\/headroomx.de\/index.php?rest_route=\/wp\/v2\/users\/1"}],"replies":[{"embeddable":true,"href":"https:\/\/headroomx.de\/index.php?rest_route=%2Fwp%2Fv2%2Fcomments&post=112"}],"version-history":[{"count":3,"href":"https:\/\/headroomx.de\/index.php?rest_route=\/wp\/v2\/pages\/112\/revisions"}],"predecessor-version":[{"id":2196,"href":"https:\/\/headroomx.de\/index.php?rest_route=\/wp\/v2\/pages\/112\/revisions\/2196"}],"wp:attachment":[{"href":"https:\/\/headroomx.de\/index.php?rest_route=%2Fwp%2Fv2%2Fmedia&parent=112"}],"curies":[{"name":"wp","href":"https:\/\/api.w.org\/{rel}","templated":true}]}}