{"id":119,"date":"2022-05-19T20:13:51","date_gmt":"2022-05-19T20:13:51","guid":{"rendered":"https:\/\/headroomx.de\/?page_id=119"},"modified":"2022-05-29T12:59:05","modified_gmt":"2022-05-29T12:59:05","slug":"bikemanufaktur-magic-lx-mein-erstes-reiserad","status":"publish","type":"page","link":"https:\/\/headroomx.de\/?page_id=119","title":{"rendered":"bikemanufaktur Magic LX, mein erstes &#8222;Reiserad&#8220;"},"content":{"rendered":"<div class=\"wp-block-image\">\n<figure class=\"aligncenter size-full\"><img loading=\"lazy\" decoding=\"async\" width=\"700\" height=\"525\" src=\"https:\/\/headroomx.de\/wp-content\/uploads\/2022\/05\/EV6-2012_0001.png\" alt=\"\" class=\"wp-image-699\" srcset=\"https:\/\/headroomx.de\/wp-content\/uploads\/2022\/05\/EV6-2012_0001.png 700w, https:\/\/headroomx.de\/wp-content\/uploads\/2022\/05\/EV6-2012_0001-300x225.png 300w\" sizes=\"auto, (max-width: 700px) 100vw, 700px\" \/><\/figure>\n<\/div>\n\n\n<p>Aktuelle Austattung:<\/p>\n\n\n\n<ul class=\"wp-block-list\"><li>Rahmenkauf 2005<\/li><li>Schaltung SRAM S7 mit Thumbshifter<\/li><li>Lichtanlage Axa<\/li><li>Sturmey Archer Nabendynamo (mit 90mm Trommelbremse)<\/li><li>Bremse vorne: Trommelbremse<\/li><li>Bremse hinten: Trommelbremse<\/li><li>Sattel SQlab<\/li><li>Antrieb Shimano Hollowtech II<\/li><li>Reifen 50-622 Schwalbe Marathon Dureme \/ 40-622 Spikes<\/li><li>Easy UP ET Lenkerh\u00f6henverstellung<\/li><\/ul>\n\n\n\n<p>&nbsp;Das war mein erstes Rad, mit dem ich 2005 wieder angefangen habe Rad zu fahren. War urspr\u00fcnglich komplett LX. Irgendwann das ganze Kettenschaltgelumpe rausgeschmissen und eine Rohloff reingebaut. Damit das ging, wurde das Tretlager gegen ein Trickstuff Exzentriker getauscht. Die Bremsen wurden auf Scheiben umger\u00fcstet. Sp\u00e4ter wurde es wieder gefleddert, die Laufr\u00e4der in das M\u00fcsing gebaut und dieses hier mit einer SturmeyArcher Nady-Trommelbremskombination versehen. Hinten kam eine S7 mit Trommelbremse rein. Da die S7 einen direkten Gang hat, habe ich sie den billigen Shimano 7 Gang vorgezogen. Ich komme mit der S7 klar. Allerdings experimentiere ich mit verschiedenen &#8222;lock-washer&#8220;n (diese Sicherungsscheiben), da die Radmuttern zum gelegentlichen L\u00f6sen neigen. Die Trommelbremsen sind Winterfest und das Frontlicht ist ein 70 Lux AXA Scheinwerfer. Das Leuchtfeld ist zwar nicht so sch\u00f6n gleichm\u00e4\u00dfig, wie vom BuM Cyo oder Luxos, aber das Preis-\/Leistungsverh\u00e4ltnis ist unschlagbar. Ein 120er Vorbau mit einem EASYup ET, einem Straightbar (0\u00b0\/0\u00b0) und Bar ends komplettieren es.&nbsp;Im Sommer habe ich aktuell 50-622er Dureme drauf und im Winter 40er Spikereifen. Da ich diverse habe, bevorzuge ich vorne den alten Schwalbe SnowStud, weil sich der bei Schnee nicht zusetzt, wie die neuen Schwalbe Winter.&nbsp;Ach ja, den S7 Drehgriff habe ich durch einen Sachs Thumbshifter ersetzt, mal sehen, wie der sich bew\u00e4hrt, ist mir aber momentan lieber, weil er weniger Platz braucht. Der SQlab Sattel wird demn\u00e4chst wieder gegen einen alten Brooks ersetzt. Andererseits ist er gerade im urbanen Umfeld nicht unangenehm. Er sieht einfach nur Schei55e aus.<br>Ich nutze das Rad im Sommer als &#8222;Stadtschlampe&#8220;, wenn ich irgendwo mein Rad l\u00e4nger parken muss und im Winter auf dem Weg zur Arbeit.&nbsp;Letztendich habe ich es jetzt nochmals umgebaut auf eine Sturmey-Archer Kickshift und V-Brake vorne, weil es jetzt als Werksrad im Werksgel\u00e4nde genutzt wird, wo Dynamos verboten sind und 2 G\u00e4nge mehr als ausreichen&#8230;&nbsp;&nbsp;&nbsp;<strong>Update 2020<\/strong>Da ich das Rad als Werksrad ausmustern m\u00f6chte aber der Rahmen sehr stabil ist und sich bestens bew\u00e4hrt hat, m\u00f6chte ich es umbauen:<\/p>\n\n\n\n<ul class=\"wp-block-list\"><li>vorne statt der recht d\u00fcnnen Davtus-Gabel meine alte Luftfedergabel mit 100mm Federweg<\/li><li>hinten einen untersetzten PUMS CST-Heckmotor mit 10-fach Kranz<\/li><li>anstatt zwei\/drei Kettenkranz vorne eine Patterson Transmission (1-1.6).<\/li><\/ul>\n\n\n\n<p>So w\u00fcrde aus dem Tourenrad ein Feld-, Wald- und Wiesenweg-Fahrad werden, dass ich im Bereich des Altm\u00fchltals einfach so aus Spass einsetzen k\u00f6nnte.Mal sehen, wann ich Zeit dazu habe&#8230;&nbsp;<\/p>\n\n\n<div class=\"wp-block-image\">\n<figure class=\"aligncenter size-full\"><img loading=\"lazy\" decoding=\"async\" width=\"600\" height=\"450\" src=\"https:\/\/headroomx.de\/wp-content\/uploads\/2022\/05\/MagicLX01.jpg\" alt=\"\" class=\"wp-image-2232\" srcset=\"https:\/\/headroomx.de\/wp-content\/uploads\/2022\/05\/MagicLX01.jpg 600w, https:\/\/headroomx.de\/wp-content\/uploads\/2022\/05\/MagicLX01-300x225.jpg 300w\" sizes=\"auto, (max-width: 600px) 100vw, 600px\" \/><\/figure>\n<\/div>\n\n<div class=\"wp-block-image\">\n<figure class=\"aligncenter size-full\"><img loading=\"lazy\" decoding=\"async\" width=\"600\" height=\"450\" src=\"https:\/\/headroomx.de\/wp-content\/uploads\/2022\/05\/MagicLX03.jpg\" alt=\"\" class=\"wp-image-2233\" srcset=\"https:\/\/headroomx.de\/wp-content\/uploads\/2022\/05\/MagicLX03.jpg 600w, https:\/\/headroomx.de\/wp-content\/uploads\/2022\/05\/MagicLX03-300x225.jpg 300w\" sizes=\"auto, (max-width: 600px) 100vw, 600px\" \/><\/figure>\n<\/div>\n\n<div class=\"wp-block-image\">\n<figure class=\"aligncenter size-full\"><img loading=\"lazy\" decoding=\"async\" width=\"600\" height=\"450\" src=\"https:\/\/headroomx.de\/wp-content\/uploads\/2022\/05\/MagicLX05.jpg\" alt=\"\" class=\"wp-image-2234\" srcset=\"https:\/\/headroomx.de\/wp-content\/uploads\/2022\/05\/MagicLX05.jpg 600w, https:\/\/headroomx.de\/wp-content\/uploads\/2022\/05\/MagicLX05-300x225.jpg 300w\" sizes=\"auto, (max-width: 600px) 100vw, 600px\" \/><\/figure>\n<\/div>","protected":false},"excerpt":{"rendered":"<p>Tausendmal umgebaut und keine Schaltung, die nicht dort schon probiert wurde&#8230;<\/p>\n","protected":false},"author":1,"featured_media":0,"parent":0,"menu_order":0,"comment_status":"closed","ping_status":"closed","template":"","meta":{"footnotes":""},"class_list":["post-119","page","type-page","status-publish","czr-hentry"],"_links":{"self":[{"href":"https:\/\/headroomx.de\/index.php?rest_route=\/wp\/v2\/pages\/119","targetHints":{"allow":["GET"]}}],"collection":[{"href":"https:\/\/headroomx.de\/index.php?rest_route=\/wp\/v2\/pages"}],"about":[{"href":"https:\/\/headroomx.de\/index.php?rest_route=\/wp\/v2\/types\/page"}],"author":[{"embeddable":true,"href":"https:\/\/headroomx.de\/index.php?rest_route=\/wp\/v2\/users\/1"}],"replies":[{"embeddable":true,"href":"https:\/\/headroomx.de\/index.php?rest_route=%2Fwp%2Fv2%2Fcomments&post=119"}],"version-history":[{"count":4,"href":"https:\/\/headroomx.de\/index.php?rest_route=\/wp\/v2\/pages\/119\/revisions"}],"predecessor-version":[{"id":2236,"href":"https:\/\/headroomx.de\/index.php?rest_route=\/wp\/v2\/pages\/119\/revisions\/2236"}],"wp:attachment":[{"href":"https:\/\/headroomx.de\/index.php?rest_route=%2Fwp%2Fv2%2Fmedia&parent=119"}],"curies":[{"name":"wp","href":"https:\/\/api.w.org\/{rel}","templated":true}]}}