{"id":2362,"date":"2022-05-30T15:10:49","date_gmt":"2022-05-30T15:10:49","guid":{"rendered":"https:\/\/headroomx.de\/?page_id=2362"},"modified":"2022-06-01T06:00:46","modified_gmt":"2022-06-01T06:00:46","slug":"headroomx-im-wandel-der-zeit","status":"publish","type":"page","link":"https:\/\/headroomx.de\/?page_id=2362","title":{"rendered":"heaDrOOMx im Wandel der Zeit"},"content":{"rendered":"\n<p>Ich habe mal in der Waybackmachine gesucht, um alte Designs dieser Seite zu finden. Nicht alles habe ich gefunden, aber ein paar kann ich zeigen.<\/p>\n\n\n\n<p>Fangen wir mit dem ersten Design an. Da habe ich keinen Screenshot mehr, aber ich habe noch die Hintergrundgrafik der Seite. Die will ich nicht vorenthalten.<\/p>\n\n\n<div class=\"wp-block-image\">\n<figure class=\"aligncenter size-large is-resized\"><img decoding=\"async\" src=\"https:\/\/headroomx.de\/wp-content\/uploads\/2022\/05\/NEUHINTERGRUND_ANI-800x1024.jpeg\" alt=\"\" class=\"wp-image-2363\" width=\"700\" srcset=\"https:\/\/headroomx.de\/wp-content\/uploads\/2022\/05\/NEUHINTERGRUND_ANI-800x1024.jpeg 800w, https:\/\/headroomx.de\/wp-content\/uploads\/2022\/05\/NEUHINTERGRUND_ANI-234x300.jpeg 234w, https:\/\/headroomx.de\/wp-content\/uploads\/2022\/05\/NEUHINTERGRUND_ANI-768x983.jpeg 768w, https:\/\/headroomx.de\/wp-content\/uploads\/2022\/05\/NEUHINTERGRUND_ANI.jpeg 1000w\" sizes=\"(max-width: 800px) 100vw, 800px\" \/><figcaption>Das Hintergundbild war von mir selbst gemacht. Ich denke, f\u00fcr 2002 war das nicht ganz schlecht. <\/figcaption><\/figure>\n<\/div>\n\n\n<p> <\/p>\n\n\n\n<p>Nach einigen Versuchen mit diversen Systemen wechselte ich zu einem Homepagemaker von DataBecker. Schlagt mich tot, wei\u00df nicht mehr, wie das hie\u00df. Jedenfalls war die Verwaltung einfacher, wenn auch der produzierte Code seltsam war. Das Ganze sah dann so aus&#8230; (Verzeiht mir, wenn das eine oder andere Element fehlt, die Waybackmaschine ist gut, aber nicht perfekt)<\/p>\n\n\n<div class=\"wp-block-image\">\n<figure class=\"aligncenter size-full is-resized\"><img decoding=\"async\" src=\"https:\/\/headroomx.de\/wp-content\/uploads\/2022\/05\/Bildschirmfoto-2022-05-30-um-16.28.53.png\" alt=\"\" class=\"wp-image-2364\" width=\"700\" srcset=\"https:\/\/headroomx.de\/wp-content\/uploads\/2022\/05\/Bildschirmfoto-2022-05-30-um-16.28.53.png 836w, https:\/\/headroomx.de\/wp-content\/uploads\/2022\/05\/Bildschirmfoto-2022-05-30-um-16.28.53-300x292.png 300w, https:\/\/headroomx.de\/wp-content\/uploads\/2022\/05\/Bildschirmfoto-2022-05-30-um-16.28.53-768x748.png 768w\" sizes=\"(max-width: 836px) 100vw, 836px\" \/><figcaption>Wie man sieht, war da nichts mit Mehrsprachigkeit. Das war alles &#8222;handmade&#8220; mit Links.<\/figcaption><\/figure>\n<\/div>\n\n\n<p>Dann bin ich auf Rapidweaver umgestiegen, der nicht ganz schlecht war. Er bot mir mehr M\u00f6glichkeiten, war intuitiv zu bedienen und lief auf dem Mac, da ich mittlerweile nur noch Macs hatte. Ich bitte die mangelhafte Darstellung zu entschuldigen, aber die Waybackmachine kriegt nicht mehr alles zusammen.<\/p>\n\n\n\n<p> <\/p>\n\n\n<div class=\"wp-block-image\">\n<figure class=\"aligncenter size-large is-resized\"><img decoding=\"async\" src=\"https:\/\/headroomx.de\/wp-content\/uploads\/2022\/05\/Bildschirmfoto-2022-05-30-um-16.53.47-1024x764.png\" alt=\"\" class=\"wp-image-2365\" width=\"700\" srcset=\"https:\/\/headroomx.de\/wp-content\/uploads\/2022\/05\/Bildschirmfoto-2022-05-30-um-16.53.47-1024x764.png 1024w, https:\/\/headroomx.de\/wp-content\/uploads\/2022\/05\/Bildschirmfoto-2022-05-30-um-16.53.47-300x224.png 300w, https:\/\/headroomx.de\/wp-content\/uploads\/2022\/05\/Bildschirmfoto-2022-05-30-um-16.53.47-768x573.png 768w, https:\/\/headroomx.de\/wp-content\/uploads\/2022\/05\/Bildschirmfoto-2022-05-30-um-16.53.47.png 1073w\" sizes=\"(max-width: 1024px) 100vw, 1024px\" \/><figcaption>Auch hier war das Deutsch-Englisch-Problem ungel\u00f6st.<\/figcaption><\/figure>\n<\/div>\n\n\n<p>Deswegen machte ich eine Einstiegsseite mit Auswahlm\u00f6glichkeit&#8230;<\/p>\n\n\n<div class=\"wp-block-image\">\n<figure class=\"aligncenter size-large is-resized\"><img decoding=\"async\" src=\"https:\/\/headroomx.de\/wp-content\/uploads\/2022\/05\/Bildschirmfoto-2022-05-30-um-16.58.47-1024x384.png\" alt=\"\" class=\"wp-image-2366\" width=\"700\" srcset=\"https:\/\/headroomx.de\/wp-content\/uploads\/2022\/05\/Bildschirmfoto-2022-05-30-um-16.58.47-1024x384.png 1024w, https:\/\/headroomx.de\/wp-content\/uploads\/2022\/05\/Bildschirmfoto-2022-05-30-um-16.58.47-300x112.png 300w, https:\/\/headroomx.de\/wp-content\/uploads\/2022\/05\/Bildschirmfoto-2022-05-30-um-16.58.47-768x288.png 768w, https:\/\/headroomx.de\/wp-content\/uploads\/2022\/05\/Bildschirmfoto-2022-05-30-um-16.58.47.png 1073w\" sizes=\"(max-width: 1024px) 100vw, 1024px\" \/><figcaption>Ehrlich gesagt, aus heutige Sicht sieht es einfach Scheisse aus.<\/figcaption><\/figure>\n<\/div>\n\n\n<p>Da mich das alles irgendwie ankotzte, wechselte ich zu Joomla Dreipunktschlagmichtot. Erstmals bekam ich die Seite so hin, wie ich wollte. Auch das mit dem Deutsch-Englisch funktionierte, wenn es auch recht aufw\u00e4ndig zu implementieren war. <\/p>\n\n\n<div class=\"wp-block-image\">\n<figure class=\"aligncenter size-full is-resized\"><img decoding=\"async\" src=\"https:\/\/headroomx.de\/wp-content\/uploads\/2022\/05\/Bildschirmfoto-2022-05-30-um-16.31.14.png\" alt=\"\" class=\"wp-image-2367\" width=\"700\" srcset=\"https:\/\/headroomx.de\/wp-content\/uploads\/2022\/05\/Bildschirmfoto-2022-05-30-um-16.31.14.png 980w, https:\/\/headroomx.de\/wp-content\/uploads\/2022\/05\/Bildschirmfoto-2022-05-30-um-16.31.14-300x239.png 300w, https:\/\/headroomx.de\/wp-content\/uploads\/2022\/05\/Bildschirmfoto-2022-05-30-um-16.31.14-768x612.png 768w\" sizes=\"(max-width: 980px) 100vw, 980px\" \/><figcaption>Man konnte auf jeder Seite problemlos zwischen Deutsch und Englisch wechseln. Allerdings mussten die Seiten in zwei Sprachen angelegt werden. <\/figcaption><\/figure>\n<\/div>\n\n\n<p>Dann allerdings kam Joomla 4. Das Update schoss mir die Seite ab. Ich bekam sie zwar wieder zu laufen, aber irgendwie war ich sauer. Neu machen wollte ich die Seite eh schon l\u00e4nger. Da ich mittlerweile auch einige Seiten mit WordPress gemacht hatte, entschloss ich mich, headroomx.de mit WordPress umzusetzen. <\/p>\n\n\n\n<p>Das Ergebnis ist vor euch. Nein, sicher nicht perfekt, aber ich habe den Sprachwechsel an ein Widget abgegeben. Das ist zwar ein Maschinen\u00fcbersetzung und sicher weit weg von perfekt, aber ich bin nicht mehr beschr\u00e4nkt auf Englisch, sondern konnte mehrere Sprachen erm\u00f6glichen. Ich denke, um den Inhalt meiner Seite zu folgen, wird es gut genug \u00fcbersetzt sein.<\/p>\n\n\n<div class=\"wp-block-image\">\n<figure class=\"aligncenter size-large is-resized\"><img decoding=\"async\" src=\"https:\/\/headroomx.de\/wp-content\/uploads\/2022\/05\/Bildschirmfoto-2022-05-30-um-17.09.20-1024x518.png\" alt=\"\" class=\"wp-image-2368\" width=\"700\" srcset=\"https:\/\/headroomx.de\/wp-content\/uploads\/2022\/05\/Bildschirmfoto-2022-05-30-um-17.09.20-1024x518.png 1024w, https:\/\/headroomx.de\/wp-content\/uploads\/2022\/05\/Bildschirmfoto-2022-05-30-um-17.09.20-300x152.png 300w, https:\/\/headroomx.de\/wp-content\/uploads\/2022\/05\/Bildschirmfoto-2022-05-30-um-17.09.20-768x389.png 768w, https:\/\/headroomx.de\/wp-content\/uploads\/2022\/05\/Bildschirmfoto-2022-05-30-um-17.09.20.png 1536w\" sizes=\"(max-width: 1024px) 100vw, 1024px\" \/><\/figure>\n<\/div>","protected":false},"excerpt":{"rendered":"<p>Ich habe mal in der Waybackmachine gesucht, um alte Designs dieser Seite zu finden. Nicht alles habe ich gefunden, aber ein paar kann ich zeigen. Fangen wir mit dem ersten Design an. Da habe ich keinen Screenshot mehr, aber ich habe noch die Hintergrundgrafik der Seite. Die will ich nicht vorenthalten. Nach einigen Versuchen mit [&hellip;]<\/p>\n","protected":false},"author":1,"featured_media":0,"parent":0,"menu_order":0,"comment_status":"closed","ping_status":"closed","template":"","meta":{"footnotes":""},"class_list":["post-2362","page","type-page","status-publish","czr-hentry"],"_links":{"self":[{"href":"https:\/\/headroomx.de\/index.php?rest_route=\/wp\/v2\/pages\/2362","targetHints":{"allow":["GET"]}}],"collection":[{"href":"https:\/\/headroomx.de\/index.php?rest_route=\/wp\/v2\/pages"}],"about":[{"href":"https:\/\/headroomx.de\/index.php?rest_route=\/wp\/v2\/types\/page"}],"author":[{"embeddable":true,"href":"https:\/\/headroomx.de\/index.php?rest_route=\/wp\/v2\/users\/1"}],"replies":[{"embeddable":true,"href":"https:\/\/headroomx.de\/index.php?rest_route=%2Fwp%2Fv2%2Fcomments&post=2362"}],"version-history":[{"count":4,"href":"https:\/\/headroomx.de\/index.php?rest_route=\/wp\/v2\/pages\/2362\/revisions"}],"predecessor-version":[{"id":2411,"href":"https:\/\/headroomx.de\/index.php?rest_route=\/wp\/v2\/pages\/2362\/revisions\/2411"}],"wp:attachment":[{"href":"https:\/\/headroomx.de\/index.php?rest_route=%2Fwp%2Fv2%2Fmedia&parent=2362"}],"curies":[{"name":"wp","href":"https:\/\/api.w.org\/{rel}","templated":true}]}}