{"id":2489,"date":"2023-04-12T08:05:26","date_gmt":"2023-04-12T08:05:26","guid":{"rendered":"https:\/\/headroomx.de\/?page_id=2489"},"modified":"2023-04-21T07:54:11","modified_gmt":"2023-04-21T07:54:11","slug":"dimatec-regenrinne-am-ducato-anbringen","status":"publish","type":"page","link":"https:\/\/headroomx.de\/?page_id=2489","title":{"rendered":"Regenrinne am P\u00f6ssl"},"content":{"rendered":"\n<p>Beim Kastenwagen gibt es nichts unangenehmeres, als bei Regenwetter die Schiebet\u00fcr zu \u00f6ffnen. Das Wasser tropft dann genau auf die K\u00fcche und ins Genick. Dagegen gibt es verschiedenen L\u00f6sungen als Regenrinnen:<\/p>\n\n\n\n<ul class=\"wp-block-list\">\n<li>Weiche Gummileisten zum Kleben<\/li>\n\n\n\n<li>Kunststoffleisten zum Kleben<\/li>\n\n\n\n<li>Metallleisten ohne Beleuchtung zum Kleben\/Schrauben<\/li>\n\n\n\n<li>Metallleisten mit Beleuchtung zum Kleben\/Schrauben<\/li>\n<\/ul>\n\n\n\n<p>Ich habe mich f\u00fcr die Rinne von Dimatec entschieden. Sie verf\u00fcgt \u00fcber eine Beleuchtung und wird mit Dichtmasse geklebt, anschlie\u00dfend mit 3 kleinen Schrauben gesichert. Es gibt Zeitgenossen, die machen diese 3 Schrauben nicht rein und ich habe noch nicht geh\u00f6rt, dass jemandem die Leiste weggeflogen w\u00e4re. (Es gibt auch Leisten mit einem Klebestreifen anstatt Dichtmasse zu verwenden) <\/p>\n\n\n\n<p>Da die Rinne linke und rechts \u00fcber den T\u00fcrausschnitt hinaus geht, wurde dort auch abgedichtet, damit der Sabber nicht genau an der T\u00fcrkante runterl\u00e4uft.<\/p>\n\n\n\n<figure class=\"wp-block-image size-large\"><img loading=\"lazy\" decoding=\"async\" width=\"1024\" height=\"413\" src=\"https:\/\/headroomx.de\/wp-content\/uploads\/2023\/04\/IMG_6607-1024x413.jpeg\" alt=\"\" class=\"wp-image-2490\" srcset=\"https:\/\/headroomx.de\/wp-content\/uploads\/2023\/04\/IMG_6607-1024x413.jpeg 1024w, https:\/\/headroomx.de\/wp-content\/uploads\/2023\/04\/IMG_6607-300x121.jpeg 300w, https:\/\/headroomx.de\/wp-content\/uploads\/2023\/04\/IMG_6607-768x310.jpeg 768w, https:\/\/headroomx.de\/wp-content\/uploads\/2023\/04\/IMG_6607-1536x619.jpeg 1536w, https:\/\/headroomx.de\/wp-content\/uploads\/2023\/04\/IMG_6607.jpeg 1865w\" sizes=\"auto, (max-width: 1024px) 100vw, 1024px\" \/><\/figure>\n\n\n\n<figure class=\"wp-block-image size-large\"><img loading=\"lazy\" decoding=\"async\" width=\"1024\" height=\"768\" src=\"https:\/\/headroomx.de\/wp-content\/uploads\/2023\/04\/IMG_6611-1024x768.jpeg\" alt=\"\" class=\"wp-image-2491\" srcset=\"https:\/\/headroomx.de\/wp-content\/uploads\/2023\/04\/IMG_6611-1024x768.jpeg 1024w, https:\/\/headroomx.de\/wp-content\/uploads\/2023\/04\/IMG_6611-300x225.jpeg 300w, https:\/\/headroomx.de\/wp-content\/uploads\/2023\/04\/IMG_6611-768x576.jpeg 768w, https:\/\/headroomx.de\/wp-content\/uploads\/2023\/04\/IMG_6611-1536x1152.jpeg 1536w, https:\/\/headroomx.de\/wp-content\/uploads\/2023\/04\/IMG_6611.jpeg 1920w\" sizes=\"auto, (max-width: 1024px) 100vw, 1024px\" \/><\/figure>\n\n\n\n<figure class=\"wp-block-image size-large\"><img loading=\"lazy\" decoding=\"async\" width=\"1024\" height=\"768\" src=\"https:\/\/headroomx.de\/wp-content\/uploads\/2023\/04\/IMG_6670-1024x768.jpeg\" alt=\"\" class=\"wp-image-2492\" srcset=\"https:\/\/headroomx.de\/wp-content\/uploads\/2023\/04\/IMG_6670-1024x768.jpeg 1024w, https:\/\/headroomx.de\/wp-content\/uploads\/2023\/04\/IMG_6670-300x225.jpeg 300w, https:\/\/headroomx.de\/wp-content\/uploads\/2023\/04\/IMG_6670-768x576.jpeg 768w, https:\/\/headroomx.de\/wp-content\/uploads\/2023\/04\/IMG_6670-1536x1152.jpeg 1536w, https:\/\/headroomx.de\/wp-content\/uploads\/2023\/04\/IMG_6670.jpeg 1920w\" sizes=\"auto, (max-width: 1024px) 100vw, 1024px\" \/><\/figure>\n\n\n\n<p>Schwieriger war der Strom f\u00fcr die Beleuchtung. <\/p>\n\n\n\n<p>\u00dcber der T\u00fcr ist eine Verkleidung, hinter die man reinfassen kann. Leider waren dort kein Abgriff von 12 Volt m\u00f6glich. Rechts neben der Verkleidung ist der K\u00fcchenoberschrank, dessen Verkleidung ich eh \u00f6ffnen musste, um das Kabel von au\u00dfen einf\u00fchren zu k\u00f6nnen und rechts neben diesem Oberschrank ist der n\u00e4chste, in dem sich der Sat-Receiver befindet und auch eine 12V-Verteilerdose, an der auch der Receiver und TV angeschlossen sind. <\/p>\n\n\n\n<p>Also machte ich dort einen Abriff in der Dose und habe zus\u00e4tzlich eine selektive Zwischensicherung (ist erheblich niedriger, wie die Gesamtabsicherung) eingebaut. Nur so&#8230; sicherheitshalber. Schon rein deswegen, damit, wenn etwas mit dem Kabel au\u00dfen passieren sollte, nicht die ganze Seite dunkel wird. Die Sicherung ist in dem schwarzen Geh\u00e4use, also gut gesch\u00fctzt und doch gut zug\u00e4nglich.<\/p>\n\n\n\n<figure class=\"wp-block-image size-large\"><img loading=\"lazy\" decoding=\"async\" width=\"1024\" height=\"768\" src=\"https:\/\/headroomx.de\/wp-content\/uploads\/2023\/04\/IMG_6647-1024x768.jpeg\" alt=\"\" class=\"wp-image-2494\" srcset=\"https:\/\/headroomx.de\/wp-content\/uploads\/2023\/04\/IMG_6647-1024x768.jpeg 1024w, https:\/\/headroomx.de\/wp-content\/uploads\/2023\/04\/IMG_6647-300x225.jpeg 300w, https:\/\/headroomx.de\/wp-content\/uploads\/2023\/04\/IMG_6647-768x576.jpeg 768w, https:\/\/headroomx.de\/wp-content\/uploads\/2023\/04\/IMG_6647-1536x1152.jpeg 1536w, https:\/\/headroomx.de\/wp-content\/uploads\/2023\/04\/IMG_6647.jpeg 1920w\" sizes=\"auto, (max-width: 1024px) 100vw, 1024px\" \/><\/figure>\n\n\n\n<p>Dann geht das Kabel durch den K\u00fcchenschrank&#8230;<\/p>\n\n\n\n<figure class=\"wp-block-image size-large\"><img loading=\"lazy\" decoding=\"async\" width=\"1024\" height=\"768\" src=\"https:\/\/headroomx.de\/wp-content\/uploads\/2023\/04\/IMG_6646-1024x768.jpeg\" alt=\"\" class=\"wp-image-2493\" srcset=\"https:\/\/headroomx.de\/wp-content\/uploads\/2023\/04\/IMG_6646-1024x768.jpeg 1024w, https:\/\/headroomx.de\/wp-content\/uploads\/2023\/04\/IMG_6646-300x225.jpeg 300w, https:\/\/headroomx.de\/wp-content\/uploads\/2023\/04\/IMG_6646-768x576.jpeg 768w, https:\/\/headroomx.de\/wp-content\/uploads\/2023\/04\/IMG_6646-1536x1152.jpeg 1536w, https:\/\/headroomx.de\/wp-content\/uploads\/2023\/04\/IMG_6646.jpeg 1920w\" sizes=\"auto, (max-width: 1024px) 100vw, 1024px\" \/><\/figure>\n\n\n\n<p>&#8230;und endet im Kasten \u00fcber der T\u00fcr. Wenn man das EBL-Bedienteil abnimmt, kommt man gut an den Kasten ran und kann dort einen Schalter einbauen. In meinem Fall ist es der runde schwarze Schalter ganz links. Er hat ein Kontroll-LED, wenn die Leuchte eingeschaltet ist.<\/p>\n\n\n\n<p>Ich habe bewusst einen Schalter und kein Funkged\u00f6ns verwendet, weil Low-Tech im Zweifelsfall schnell repariert ist bzw. nicht so fehleranf\u00e4llig ist (just my two cents worth) <\/p>\n\n\n\n<figure class=\"wp-block-image size-large\"><img loading=\"lazy\" decoding=\"async\" width=\"1024\" height=\"768\" src=\"https:\/\/headroomx.de\/wp-content\/uploads\/2023\/04\/IMG_6648a-1024x768.jpeg\" alt=\"\" class=\"wp-image-2495\" srcset=\"https:\/\/headroomx.de\/wp-content\/uploads\/2023\/04\/IMG_6648a-1024x768.jpeg 1024w, https:\/\/headroomx.de\/wp-content\/uploads\/2023\/04\/IMG_6648a-300x225.jpeg 300w, https:\/\/headroomx.de\/wp-content\/uploads\/2023\/04\/IMG_6648a-768x576.jpeg 768w, https:\/\/headroomx.de\/wp-content\/uploads\/2023\/04\/IMG_6648a-1536x1152.jpeg 1536w, https:\/\/headroomx.de\/wp-content\/uploads\/2023\/04\/IMG_6648a.jpeg 1920w\" sizes=\"auto, (max-width: 1024px) 100vw, 1024px\" \/><\/figure>\n\n\n\n<p>Vom Schalter geht das Kabel durch eine vorhandene Karosserie\u00f6ffnung, die mit einem z\u00e4helastischem Kunststoff verschlossen ist. Mit einer &#8222;Nadel&#8220; kann man dasKabel durchstechen, ohne dass man an de Karosserie bohren muss und dicht ist es auch. <\/p>\n\n\n\n<p>Was soll ich sagen, es funktioniert, es ist hell genug, wenn man an unbeleuchteten Orten steht und mit dem Wasser im Genick, das hat sich erledigt. <\/p>\n","protected":false},"excerpt":{"rendered":"<p>Beim Kastenwagen gibt es nichts unangenehmeres, als bei Regenwetter die Schiebet\u00fcr zu \u00f6ffnen. Das Wasser tropft dann genau auf die K\u00fcche und ins Genick. Dagegen gibt es verschiedenen L\u00f6sungen als Regenrinnen: Ich habe mich f\u00fcr die Rinne von Dimatec entschieden. Sie verf\u00fcgt \u00fcber eine Beleuchtung und wird mit Dichtmasse geklebt, anschlie\u00dfend mit 3 kleinen Schrauben [&hellip;]<\/p>\n","protected":false},"author":1,"featured_media":0,"parent":0,"menu_order":0,"comment_status":"closed","ping_status":"closed","template":"","meta":{"footnotes":""},"class_list":["post-2489","page","type-page","status-publish","czr-hentry"],"_links":{"self":[{"href":"https:\/\/headroomx.de\/index.php?rest_route=\/wp\/v2\/pages\/2489","targetHints":{"allow":["GET"]}}],"collection":[{"href":"https:\/\/headroomx.de\/index.php?rest_route=\/wp\/v2\/pages"}],"about":[{"href":"https:\/\/headroomx.de\/index.php?rest_route=\/wp\/v2\/types\/page"}],"author":[{"embeddable":true,"href":"https:\/\/headroomx.de\/index.php?rest_route=\/wp\/v2\/users\/1"}],"replies":[{"embeddable":true,"href":"https:\/\/headroomx.de\/index.php?rest_route=%2Fwp%2Fv2%2Fcomments&post=2489"}],"version-history":[{"count":6,"href":"https:\/\/headroomx.de\/index.php?rest_route=\/wp\/v2\/pages\/2489\/revisions"}],"predecessor-version":[{"id":2643,"href":"https:\/\/headroomx.de\/index.php?rest_route=\/wp\/v2\/pages\/2489\/revisions\/2643"}],"wp:attachment":[{"href":"https:\/\/headroomx.de\/index.php?rest_route=%2Fwp%2Fv2%2Fmedia&parent=2489"}],"curies":[{"name":"wp","href":"https:\/\/api.w.org\/{rel}","templated":true}]}}