{"id":2499,"date":"2023-04-12T08:05:06","date_gmt":"2023-04-12T08:05:06","guid":{"rendered":"https:\/\/headroomx.de\/?page_id=2499"},"modified":"2024-03-12T12:29:12","modified_gmt":"2024-03-12T12:29:12","slug":"12v-15a-anschlussdose-am-hinteren-oberschrank","status":"publish","type":"page","link":"https:\/\/headroomx.de\/?page_id=2499","title":{"rendered":"12V Steckdose(n) im P\u00f6ssl"},"content":{"rendered":"\n<p>Sinnvollerweise hat unser P\u00f6ssl keine 12V-Steckdosen verbaut. Sinnvollerweise geh\u00f6ren welche nachger\u00fcstet. <\/p>\n\n\n\n<p>Nun muss man wissen, dass es zwei Systeme gibt. Einmal die kleine Steckdose gem. ISO 4165 mit 12mm durchmesser und dann die SEA J563, die dem bekannten Zigarettenanz\u00fcnder entspricht. Da nunmal fast alle Ger\u00e4te, die man f\u00fcr 12V kaufen kann, mit einem SEA J563 Stecker versehen sind, macht es Sinn, Dosen daf\u00fcr einzubauen, auch wenn die Kontaktierung der ISO-Variente besser ist (formschl\u00fcssig statt kraftschl\u00fcssig). <\/p>\n\n\n\n<p>Die Stecksdose sollte ganz hinten am Oberschrank installiert werden. Dazu braucht man eine eigene Stromleitung vom EBL99 vorne zum hinteren linken Oberschrank \u00fcberm Bett. Wenn man dahinten 12V\/15A haben will und man sich mal die notwendigen Kabelquerschnitte zu Gem\u00fcte f\u00fchrt, dann kommt man bei der L\u00e4nge auf 4 qmm. Sinnvollerweise 2-adrig, um sich nicht auf die Karosserie als Minus zu verlassen. Die recht dicke Auslegung des Kabels ist dem geschuldet, dass dort eine Dauerabnahme von 100W m\u00f6glich sein muss und wenn man die \u00fcblichen Bemessungsgrundlagen nimmt, landet man bei 8m Kabell\u00e4nge bei 4qmm Kabelquerschnitt. Sonst ist der Spannungsabfall zu hoch.<\/p>\n\n\n\n<p>Die Arbeiten vorne sind schnell erz\u00e4hlt:<\/p>\n\n\n\n<ul class=\"wp-block-list\">\n<li>Eine Leitung vom EBL99 (eine 15A-Reservesicherung wird daf\u00fcr verwendet) in den Batteriekasten. <\/li>\n\n\n\n<li>Vom Batteriekasten an die Fahrzeugunterseite und nach hinten. <\/li>\n<\/ul>\n\n\n\n<p>Hinten wird&#8217;s dann interessanter:<\/p>\n\n\n\n<ul class=\"wp-block-list\">\n<li>Hintere Sto\u00dfstange demontieren (ist kein Akt und schnell erledigt)<\/li>\n\n\n\n<li>Dann die vorhandene Durchf\u00fchrung nutzen und mit der Leitung in der S\u00e4ule nach oben.<\/li>\n\n\n\n<li>Oben bin ich aus der Verkleidung raus und dann in den Oberschrank reingegangen. Evtl. w\u00e4re es auch m\u00f6glich gewesen, das Kabel unsichtbar zu legen, aber da es ein 2-adriges Kabel mit 4qmm ist, war das sowieso schon recht widerspenstig.<\/li>\n\n\n\n<li>Oben wurden dann am Oberschrank eine SEA J563 Bordspannungdose installiert, die die vollen 15A bringen kann. Diese Dose dient nur f\u00fcr evtl. notwendige 12V-Ger\u00e4te, die man mal kurz betreiben m\u00f6chte. Daneben wurde eine Cannon-Dose (XLR-Dose) verbaut. Sie ist per Stromdieb und Zwischenabsicherung mit 10A gespeist und dient zum Anschlu\u00df eines &#8222;Zusatzschr\u00e4nkchens, das unter dem Oberschrank installiert wird, jedoch abnehmbar bleiben soll.<\/li>\n<\/ul>\n\n\n\n<p>Die Cannon-Dose wird sp\u00e4ter mit einem Winkelstecker abgegriffen und die Bordspannungsdose ist so angebracht, dass auch bei geschlossener Heckt\u00fcr der Stecker nicht geknickt wird:<\/p>\n\n\n\n<figure class=\"wp-block-image size-large\"><img loading=\"lazy\" decoding=\"async\" width=\"1024\" height=\"768\" src=\"https:\/\/headroomx.de\/wp-content\/uploads\/2023\/04\/IMG_6655-1-1024x768.jpeg\" alt=\"\" class=\"wp-image-2502\" srcset=\"https:\/\/headroomx.de\/wp-content\/uploads\/2023\/04\/IMG_6655-1-1024x768.jpeg 1024w, https:\/\/headroomx.de\/wp-content\/uploads\/2023\/04\/IMG_6655-1-300x225.jpeg 300w, https:\/\/headroomx.de\/wp-content\/uploads\/2023\/04\/IMG_6655-1-768x576.jpeg 768w, https:\/\/headroomx.de\/wp-content\/uploads\/2023\/04\/IMG_6655-1-1536x1152.jpeg 1536w, https:\/\/headroomx.de\/wp-content\/uploads\/2023\/04\/IMG_6655-1.jpeg 1920w\" sizes=\"auto, (max-width: 1024px) 100vw, 1024px\" \/><\/figure>\n\n\n\n<p>Von der Innseite sieht es so aus, die Sicherung wieder in einem schwarzen Geh\u00e4use. Nat\u00fcrlich kommt da noch ein Deckel dr\u00fcber, damit der Schrankinhalt nicht an den Kabeln &#8222;rumdr\u00fcckt&#8220;:<\/p>\n\n\n\n<figure class=\"wp-block-image size-large\"><img loading=\"lazy\" decoding=\"async\" width=\"1024\" height=\"768\" src=\"https:\/\/headroomx.de\/wp-content\/uploads\/2023\/04\/IMG_6649-1024x768.jpeg\" alt=\"\" class=\"wp-image-2500\" srcset=\"https:\/\/headroomx.de\/wp-content\/uploads\/2023\/04\/IMG_6649-1024x768.jpeg 1024w, https:\/\/headroomx.de\/wp-content\/uploads\/2023\/04\/IMG_6649-300x225.jpeg 300w, https:\/\/headroomx.de\/wp-content\/uploads\/2023\/04\/IMG_6649-768x576.jpeg 768w, https:\/\/headroomx.de\/wp-content\/uploads\/2023\/04\/IMG_6649-1536x1152.jpeg 1536w, https:\/\/headroomx.de\/wp-content\/uploads\/2023\/04\/IMG_6649.jpeg 1920w\" sizes=\"auto, (max-width: 1024px) 100vw, 1024px\" \/><\/figure>\n\n\n\n<p>Nachfolgend sieht man schon das Grundger\u00fcst der &#8222;Zusatzschr\u00e4nkschens, noch ohne Elektrik und Schaltpanel. Dar\u00fcber gibt es, wenn es best\u00fcckt ist, mehr Info. <\/p>\n\n\n\n<figure class=\"wp-block-image size-large\"><img loading=\"lazy\" decoding=\"async\" width=\"1024\" height=\"768\" src=\"https:\/\/headroomx.de\/wp-content\/uploads\/2023\/04\/IMG_6657-1024x768.jpeg\" alt=\"\" class=\"wp-image-2503\" srcset=\"https:\/\/headroomx.de\/wp-content\/uploads\/2023\/04\/IMG_6657-1024x768.jpeg 1024w, https:\/\/headroomx.de\/wp-content\/uploads\/2023\/04\/IMG_6657-300x225.jpeg 300w, https:\/\/headroomx.de\/wp-content\/uploads\/2023\/04\/IMG_6657-768x576.jpeg 768w, https:\/\/headroomx.de\/wp-content\/uploads\/2023\/04\/IMG_6657-1536x1152.jpeg 1536w, https:\/\/headroomx.de\/wp-content\/uploads\/2023\/04\/IMG_6657.jpeg 1920w\" sizes=\"auto, (max-width: 1024px) 100vw, 1024px\" \/><\/figure>\n\n\n\n<p>Das K\u00e4stchen ist abnehmbar. Der Grund ist, dass, falls wir unsere Betten wegr\u00e4umen wollen, diese aufgestellt werden und das K\u00e4stchen st\u00f6ren w\u00fcrde. Deswegen, um alle Optionen offen zu halten, ist das abnehmbar gestaltet.<\/p>\n\n\n\n<p>Nun hat s sich herausgestellt, dass es zwar gut und wichtig ist, hinten eine leistungsf\u00e4hige 12-Dose zu haben, allerdings w\u00e4re vorne in der N\u00e4he der Dinette des Gleichen angebracht. Schon aus dem Grund, damit man mit einem Notebook, das gerade geladen wird, weiterarbeiten kann und es nicht hinten ins Bett legen muss. <\/p>\n\n\n\n<p>Dazu wird vorne an der Sitzkonsole eine Dose angebracht, die auch beim EBL99 einen eigenen Ausgang mit eigener Absicherung bekommen wird. So w\u00e4re es theoretisch m\u00f6glich, beide 12 Dosen mit je 15A zu betreiben, ohne dass irgendwelche Leitungen \u00fcberlastet werden w\u00fcrden. Das Material f\u00fcr die vordere Dose ist schon da, es geh\u00f6rt nur noch installiert. <\/p>\n","protected":false},"excerpt":{"rendered":"<p>Sinnvollerweise hat unser P\u00f6ssl keine 12V-Steckdosen verbaut. Sinnvollerweise geh\u00f6ren welche nachger\u00fcstet. Nun muss man wissen, dass es zwei Systeme gibt. Einmal die kleine Steckdose gem. ISO 4165 mit 12mm durchmesser und dann die SEA J563, die dem bekannten Zigarettenanz\u00fcnder entspricht. Da nunmal fast alle Ger\u00e4te, die man f\u00fcr 12V kaufen kann, mit einem SEA J563 [&hellip;]<\/p>\n","protected":false},"author":1,"featured_media":0,"parent":0,"menu_order":0,"comment_status":"closed","ping_status":"closed","template":"","meta":{"footnotes":""},"class_list":["post-2499","page","type-page","status-publish","czr-hentry"],"_links":{"self":[{"href":"https:\/\/headroomx.de\/index.php?rest_route=\/wp\/v2\/pages\/2499","targetHints":{"allow":["GET"]}}],"collection":[{"href":"https:\/\/headroomx.de\/index.php?rest_route=\/wp\/v2\/pages"}],"about":[{"href":"https:\/\/headroomx.de\/index.php?rest_route=\/wp\/v2\/types\/page"}],"author":[{"embeddable":true,"href":"https:\/\/headroomx.de\/index.php?rest_route=\/wp\/v2\/users\/1"}],"replies":[{"embeddable":true,"href":"https:\/\/headroomx.de\/index.php?rest_route=%2Fwp%2Fv2%2Fcomments&post=2499"}],"version-history":[{"count":4,"href":"https:\/\/headroomx.de\/index.php?rest_route=\/wp\/v2\/pages\/2499\/revisions"}],"predecessor-version":[{"id":3044,"href":"https:\/\/headroomx.de\/index.php?rest_route=\/wp\/v2\/pages\/2499\/revisions\/3044"}],"wp:attachment":[{"href":"https:\/\/headroomx.de\/index.php?rest_route=%2Fwp%2Fv2%2Fmedia&parent=2499"}],"curies":[{"name":"wp","href":"https:\/\/api.w.org\/{rel}","templated":true}]}}