{"id":2505,"date":"2023-04-12T08:04:43","date_gmt":"2023-04-12T08:04:43","guid":{"rendered":"https:\/\/headroomx.de\/?page_id=2505"},"modified":"2023-04-21T05:18:37","modified_gmt":"2023-04-21T05:18:37","slug":"kleiderschrank-mit-beidseitigen-tueren","status":"publish","type":"page","link":"https:\/\/headroomx.de\/?page_id=2505","title":{"rendered":"P\u00f6ssl Kleiderschrank pimpen"},"content":{"rendered":"\n<p>Nun, unser Kawa ist ein 636FR, also 6,36m lang und mit franz\u00f6sischem Bett. Neben diesem Bett ist der Kleiderschrank, in dem man wirklich Klamotten h\u00e4ngen kann. Allerdings kommt man an diesen Kleiderschrank nur von innen, wenn man am Bett vorbei geht. <\/p>\n\n\n\n<p>Zum einen ist es \u00e4u\u00dferst m\u00fchsam, die Klamotten durch die Schiebet\u00fcr reinzutragen, nach hinten zu klettern um sie dann in den Schrank zu h\u00e4ngen. Also sollte der Kleiderschrank eine zweite T\u00fcr auf der R\u00fcckseite bekommen, so dass er bei ge\u00f6ffneter Heckt\u00fcr von hinten best\u00fcckt werden kann.<\/p>\n\n\n\n<p>Kurzum&#8230;tata&#8230;<\/p>\n\n\n\n<p>Es wurde eine T\u00fcr &#8222;aufgemalt&#8220; und mit einem Multimaster ein kleiner Einschnitt als Einf\u00e4delpunkt f\u00fcr eine Stichs\u00e4ge gemacht <\/p>\n\n\n\n<p>Sodann mit der Stichs\u00e4ge (feinstes Blatt, ohne Pendelhub) erst die linke Seite geschnitten und die Scharniere montiert. Danach wurde der Rest ausgeschnitten. So war die T\u00fcrmontageposition fast perfekt. Nicht bedacht hatte ich, dass die Schnittfugen recht d\u00fcnn sind und die Scharniere ein wenig &#8222;ausholen&#8220;. Ich musste also noch ein wenig Material an der T\u00fcr wegschleifen. Und ja, beim oberen rechten Bogen habe ich ein wenig gepatzt. Das wird noch kaschiert werden. Der Grund liegt darin, dass ich mit der Stichs\u00e4ge mich mit dem Kabel verheddert hatte und so&#8230; HRRGTTNCHML! Shit happens&#8230; aber wenn man es nicht wei\u00df, f\u00e4llt es nicht auf. <\/p>\n\n\n\n<figure class=\"wp-block-image size-large\"><img loading=\"lazy\" decoding=\"async\" width=\"1024\" height=\"740\" src=\"https:\/\/headroomx.de\/wp-content\/uploads\/2023\/04\/IMG_7575a-1024x740.jpeg\" alt=\"\" class=\"wp-image-2507\" srcset=\"https:\/\/headroomx.de\/wp-content\/uploads\/2023\/04\/IMG_7575a-1024x740.jpeg 1024w, https:\/\/headroomx.de\/wp-content\/uploads\/2023\/04\/IMG_7575a-300x217.jpeg 300w, https:\/\/headroomx.de\/wp-content\/uploads\/2023\/04\/IMG_7575a-768x555.jpeg 768w, https:\/\/headroomx.de\/wp-content\/uploads\/2023\/04\/IMG_7575a-1536x1110.jpeg 1536w, https:\/\/headroomx.de\/wp-content\/uploads\/2023\/04\/IMG_7575a.jpeg 1920w\" sizes=\"auto, (max-width: 1024px) 100vw, 1024px\" \/><\/figure>\n\n\n\n<p>Nachfolgend sieht man, wie der Schrank offen aussieht. Der Schrank ist nach unten noch ca 40cm tiefer, allerdings wollte ich den Einschnitt nicht weiter nach unten machen, um nicht die Aufnahme f\u00fcr Bettkonstruktion zu schw\u00e4chen (auf dem Bild unten links). <\/p>\n\n\n\n<figure class=\"wp-block-image size-large\"><img loading=\"lazy\" decoding=\"async\" width=\"938\" height=\"1024\" src=\"https:\/\/headroomx.de\/wp-content\/uploads\/2023\/04\/IMG_6684-938x1024.jpeg\" alt=\"\" class=\"wp-image-2506\" srcset=\"https:\/\/headroomx.de\/wp-content\/uploads\/2023\/04\/IMG_6684-938x1024.jpeg 938w, https:\/\/headroomx.de\/wp-content\/uploads\/2023\/04\/IMG_6684-275x300.jpeg 275w, https:\/\/headroomx.de\/wp-content\/uploads\/2023\/04\/IMG_6684-768x838.jpeg 768w, https:\/\/headroomx.de\/wp-content\/uploads\/2023\/04\/IMG_6684-1407x1536.jpeg 1407w, https:\/\/headroomx.de\/wp-content\/uploads\/2023\/04\/IMG_6684-1876x2048.jpeg 1876w, https:\/\/headroomx.de\/wp-content\/uploads\/2023\/04\/IMG_6684.jpeg 1920w\" sizes=\"auto, (max-width: 938px) 100vw, 938px\" \/><\/figure>\n\n\n\n<p>Im Ergebnis haben wir nun einen Schrank, in dem man Sachen h\u00e4ngen kann, der Zugang von Innen, wie auch von Au\u00dfen bietet. Das ist beim Ein-\/auspacken praktisch, aber auch wenn man unterwegs ist, kommt man schnell an eine Jacke o.\u00e4.<\/p>\n\n\n\n<p>Eigentlich wollte ich noch eine Deckleiste dr\u00fcber machen, aber meiner Frau gef\u00e4llt das ohne Deckleiste besser. Gut so, Arbeit gespart! Die offenen Enden werde ich noch mit Wachs versiegeln. <\/p>\n","protected":false},"excerpt":{"rendered":"<p>Nun, unser Kawa ist ein 636FR, also 6,36m lang und mit franz\u00f6sischem Bett. Neben diesem Bett ist der Kleiderschrank, in dem man wirklich Klamotten h\u00e4ngen kann. Allerdings kommt man an diesen Kleiderschrank nur von innen, wenn man am Bett vorbei geht. Zum einen ist es \u00e4u\u00dferst m\u00fchsam, die Klamotten durch die Schiebet\u00fcr reinzutragen, nach hinten [&hellip;]<\/p>\n","protected":false},"author":1,"featured_media":0,"parent":0,"menu_order":0,"comment_status":"closed","ping_status":"closed","template":"","meta":{"footnotes":""},"class_list":["post-2505","page","type-page","status-publish","czr-hentry"],"_links":{"self":[{"href":"https:\/\/headroomx.de\/index.php?rest_route=\/wp\/v2\/pages\/2505","targetHints":{"allow":["GET"]}}],"collection":[{"href":"https:\/\/headroomx.de\/index.php?rest_route=\/wp\/v2\/pages"}],"about":[{"href":"https:\/\/headroomx.de\/index.php?rest_route=\/wp\/v2\/types\/page"}],"author":[{"embeddable":true,"href":"https:\/\/headroomx.de\/index.php?rest_route=\/wp\/v2\/users\/1"}],"replies":[{"embeddable":true,"href":"https:\/\/headroomx.de\/index.php?rest_route=%2Fwp%2Fv2%2Fcomments&post=2505"}],"version-history":[{"count":6,"href":"https:\/\/headroomx.de\/index.php?rest_route=\/wp\/v2\/pages\/2505\/revisions"}],"predecessor-version":[{"id":2606,"href":"https:\/\/headroomx.de\/index.php?rest_route=\/wp\/v2\/pages\/2505\/revisions\/2606"}],"wp:attachment":[{"href":"https:\/\/headroomx.de\/index.php?rest_route=%2Fwp%2Fv2%2Fmedia&parent=2505"}],"curies":[{"name":"wp","href":"https:\/\/api.w.org\/{rel}","templated":true}]}}