{"id":2515,"date":"2023-04-12T08:03:52","date_gmt":"2023-04-12T08:03:52","guid":{"rendered":"https:\/\/headroomx.de\/?page_id=2515"},"modified":"2023-04-21T07:04:00","modified_gmt":"2023-04-21T07:04:00","slug":"franzoesisches-bett-reversibel-aendern","status":"publish","type":"page","link":"https:\/\/headroomx.de\/?page_id=2515","title":{"rendered":"Bettumbau im P\u00f6ssl"},"content":{"rendered":"\n<p>Konstruktion eines Einsatzst\u00fcckes am Fu\u00dfende des Betts.<\/p>\n\n\n\n<p>Wir haben einen 636FR, also mit franz\u00f6sischem Bett. <\/p>\n\n\n\n<p>Das hat durchaus sein Eigenheiten:<\/p>\n\n\n\n<ul class=\"wp-block-list\">\n<li>Toll ist, dass wir einen Kleiderschrank zum H\u00e4ngen haben, der hinten rechts neben dem Bett ist, also weder Matratzen weggeklappt werden m\u00fcssen oder wichtiger Platz in der Mitte daf\u00fcr verbraucht wird.<\/li>\n\n\n\n<li>Der Kleiderschrank ist durch Umbau auch von der Heckt\u00fcr aus erreichbar.<\/li>\n\n\n\n<li>Weniger toll ist, dass dieser &#8222;Gang&#8220; rechts neben dem Bett bei uns \u00fcberfl\u00fcssig ist und eigentlich nur eine Funktion hat: Unser Hund, ein Dackel, kommt aufs Bett und wieder runter, ohne sich die Knochen zu brechen. In Sinne der r\u00fcckw\u00e4rtigen Lage\u00fcberwachung muss also dieser &#8222;Gang erhalten bleiben.<\/li>\n\n\n\n<li>Das rechte Bett ist am Fu\u00dfende gerundet und erzeugt bei meiner Frau immer das Gef\u00fchl, &#8222;aus dem Bett zu fallen&#8220;. <\/li>\n<\/ul>\n\n\n\n<p><br>Es geht hier wohlgemerkt nicht um Tatsachen, sondern nur um Gef\u00fchle! So w\u00fcnschte sich mein Frau ein &#8222;F\u00fcllst\u00fcck&#8220; am Gang. Das habe ich dann auch was provisorisches gefertigt, es war eine Art Tisch mit Polsterung. Hinten blieb ein St\u00fcck frei, so da\u00df der Schrank trotzdem noch ge\u00f6ffnet werden konnte und unser Dackel unten durch das Ganze als Tunnel benutzen konnte.<br>So weit, so gut, aber die Rundung am Ende konnte ich damit trotzdem nicht beseitigen.<br>Au\u00dferdem lie\u00df sich der &#8222;Tisch&#8220;, wenn man das Bett wegbaute, nicht gut verstauen.<\/p>\n\n\n\n<figure class=\"wp-block-image size-full\"><img loading=\"lazy\" decoding=\"async\" width=\"705\" height=\"304\" src=\"https:\/\/headroomx.de\/wp-content\/uploads\/2023\/04\/GrundrissKopie.jpg\" alt=\"\" class=\"wp-image-2516\" srcset=\"https:\/\/headroomx.de\/wp-content\/uploads\/2023\/04\/GrundrissKopie.jpg 705w, https:\/\/headroomx.de\/wp-content\/uploads\/2023\/04\/GrundrissKopie-300x129.jpg 300w\" sizes=\"auto, (max-width: 705px) 100vw, 705px\" \/><\/figure>\n\n\n\n<p>Also habe ich eine Unterkonstruktion aus 20x40mm bzw. 20x20mm ITEM-Profilen gefertigt, die zus\u00e4tzlich angebracht werden kann (aber nicht muss) und worauf eine Abdeckung mit Polster kommt.<\/p>\n\n\n\n<p>Da ich nicht an die vorhandene Tragkonstruktion des Bettes eingreifen wollte, ist es komplett unabh\u00e4ngig konstruiert.<\/p>\n\n\n\n<figure class=\"wp-block-image size-large\"><img loading=\"lazy\" decoding=\"async\" width=\"1024\" height=\"768\" src=\"https:\/\/headroomx.de\/wp-content\/uploads\/2023\/04\/IMG_6679-2-1024x768.jpeg\" alt=\"\" class=\"wp-image-2517\" srcset=\"https:\/\/headroomx.de\/wp-content\/uploads\/2023\/04\/IMG_6679-2-1024x768.jpeg 1024w, https:\/\/headroomx.de\/wp-content\/uploads\/2023\/04\/IMG_6679-2-300x225.jpeg 300w, https:\/\/headroomx.de\/wp-content\/uploads\/2023\/04\/IMG_6679-2-768x576.jpeg 768w, https:\/\/headroomx.de\/wp-content\/uploads\/2023\/04\/IMG_6679-2-1536x1152.jpeg 1536w, https:\/\/headroomx.de\/wp-content\/uploads\/2023\/04\/IMG_6679-2.jpeg 1680w\" sizes=\"auto, (max-width: 1024px) 100vw, 1024px\" \/><\/figure>\n\n\n\n<p>Hier mit Bettrahmen von hinten&#8230;<\/p>\n\n\n\n<figure class=\"wp-block-image size-large\"><img loading=\"lazy\" decoding=\"async\" width=\"1024\" height=\"768\" src=\"https:\/\/headroomx.de\/wp-content\/uploads\/2023\/04\/IMG_6686-1024x768.jpeg\" alt=\"\" class=\"wp-image-2518\" srcset=\"https:\/\/headroomx.de\/wp-content\/uploads\/2023\/04\/IMG_6686-1024x768.jpeg 1024w, https:\/\/headroomx.de\/wp-content\/uploads\/2023\/04\/IMG_6686-300x225.jpeg 300w, https:\/\/headroomx.de\/wp-content\/uploads\/2023\/04\/IMG_6686-768x576.jpeg 768w, https:\/\/headroomx.de\/wp-content\/uploads\/2023\/04\/IMG_6686-1536x1152.jpeg 1536w, https:\/\/headroomx.de\/wp-content\/uploads\/2023\/04\/IMG_6686.jpeg 1680w\" sizes=\"auto, (max-width: 1024px) 100vw, 1024px\" \/><\/figure>\n\n\n\n<p>&#8230;und hier von vorne.<\/p>\n\n\n\n<figure class=\"wp-block-image size-large\"><img loading=\"lazy\" decoding=\"async\" width=\"1024\" height=\"768\" src=\"https:\/\/headroomx.de\/wp-content\/uploads\/2023\/04\/IMG_6692-1024x768.jpeg\" alt=\"\" class=\"wp-image-2519\" srcset=\"https:\/\/headroomx.de\/wp-content\/uploads\/2023\/04\/IMG_6692-1024x768.jpeg 1024w, https:\/\/headroomx.de\/wp-content\/uploads\/2023\/04\/IMG_6692-300x225.jpeg 300w, https:\/\/headroomx.de\/wp-content\/uploads\/2023\/04\/IMG_6692-768x576.jpeg 768w, https:\/\/headroomx.de\/wp-content\/uploads\/2023\/04\/IMG_6692-1536x1152.jpeg 1536w, https:\/\/headroomx.de\/wp-content\/uploads\/2023\/04\/IMG_6692.jpeg 1680w\" sizes=\"auto, (max-width: 1024px) 100vw, 1024px\" \/><\/figure>\n\n\n\n<p>Wie man nachfolgend sehen kann, bildet das ITEM-Profil ein zweites Gestell, auf das nun noch eine abnehmbare gepolsterte Platte kommt, und meine Frau hat Ruh&#8216;!<br>Die Platte ist abnehmbar und das ITEM-Profil kann zusammengefaltet werden. So kann der Zusatz beim Bettabbau an gleicher Stelle sicher verstaut werden, wie der Rest vom Bett.<\/p>\n\n\n\n<figure class=\"wp-block-image size-large\"><img loading=\"lazy\" decoding=\"async\" width=\"768\" height=\"1024\" src=\"https:\/\/headroomx.de\/wp-content\/uploads\/2023\/04\/IMG_6693-768x1024.jpeg\" alt=\"\" class=\"wp-image-2520\" srcset=\"https:\/\/headroomx.de\/wp-content\/uploads\/2023\/04\/IMG_6693-768x1024.jpeg 768w, https:\/\/headroomx.de\/wp-content\/uploads\/2023\/04\/IMG_6693-225x300.jpeg 225w, https:\/\/headroomx.de\/wp-content\/uploads\/2023\/04\/IMG_6693.jpeg 960w\" sizes=\"auto, (max-width: 768px) 100vw, 768px\" \/><\/figure>\n\n\n\n<p>Nach wie vor kann unser Dackel durch den Tunnel aufs Bett gelangen und der Schrank kann auch noch ge\u00f6ffnet werden. Trotzdem kann man bei Bedarf den ganzen F\u00fcllst\u00fcck-Kladderadatsch auch zu Hause lassen. Da einzige, was dann verbleibt, sind die zus\u00e4tzlich angebrachten Auflagerpunkte.<\/p>\n\n\n\n<p>So sieht es dann mit F\u00fcllst\u00fcck aus, also den Aufsatz, der auf die schon angefertigte Untergestell passt.<\/p>\n\n\n\n<figure class=\"wp-block-image size-large\"><img loading=\"lazy\" decoding=\"async\" width=\"1024\" height=\"768\" src=\"https:\/\/headroomx.de\/wp-content\/uploads\/2023\/04\/IMG_6703-2-1024x768.jpeg\" alt=\"\" class=\"wp-image-2521\" srcset=\"https:\/\/headroomx.de\/wp-content\/uploads\/2023\/04\/IMG_6703-2-1024x768.jpeg 1024w, https:\/\/headroomx.de\/wp-content\/uploads\/2023\/04\/IMG_6703-2-300x225.jpeg 300w, https:\/\/headroomx.de\/wp-content\/uploads\/2023\/04\/IMG_6703-2-768x576.jpeg 768w, https:\/\/headroomx.de\/wp-content\/uploads\/2023\/04\/IMG_6703-2-1536x1152.jpeg 1536w, https:\/\/headroomx.de\/wp-content\/uploads\/2023\/04\/IMG_6703-2.jpeg 1680w\" sizes=\"auto, (max-width: 1024px) 100vw, 1024px\" \/><\/figure>\n\n\n\n<p>So kann man, wenn man das Bett wegbauen will, den Aufsatz an gleicher Stelle verstauen, wie die Lattenroste und angefertigte der Alu-Unterbau kann zusammengefaltet werden und verschwindet an gleicher Stelle, wie die serienm\u00e4\u00dfigen Aluprofile.<\/p>\n\n\n\n<figure class=\"wp-block-image size-large\"><img loading=\"lazy\" decoding=\"async\" width=\"1024\" height=\"768\" src=\"https:\/\/headroomx.de\/wp-content\/uploads\/2023\/04\/IMG_6702-3-1024x768.jpeg\" alt=\"\" class=\"wp-image-2522\" srcset=\"https:\/\/headroomx.de\/wp-content\/uploads\/2023\/04\/IMG_6702-3-1024x768.jpeg 1024w, https:\/\/headroomx.de\/wp-content\/uploads\/2023\/04\/IMG_6702-3-300x225.jpeg 300w, https:\/\/headroomx.de\/wp-content\/uploads\/2023\/04\/IMG_6702-3-768x576.jpeg 768w, https:\/\/headroomx.de\/wp-content\/uploads\/2023\/04\/IMG_6702-3-1536x1152.jpeg 1536w, https:\/\/headroomx.de\/wp-content\/uploads\/2023\/04\/IMG_6702-3.jpeg 1680w\" sizes=\"auto, (max-width: 1024px) 100vw, 1024px\" \/><\/figure>\n\n\n\n<p>Ja, die Schrauben h\u00e4tte man auch weglassen k\u00f6nnen, weil es eh geleimt ist. Da ich aber &#8222;in situ&#8220; arbeiten wollte, konnte ich dort keine Zwingen verwenden, so bleiben nur Schrauben. Ich k\u00f6nnte sie raus drehen und verspachteln, aber warum, kommt eh eine Matratze drauf.<br>Die vorstehenden Schrauben auf den Aluprofilen passen unten in die L\u00f6cher und halten den Aufsatz auf Position.<\/p>\n\n\n\n<p>Nun war meine Frau am Zug. Sie musste nun ein Matratzenst\u00fcck fertigen, das da reinpasst. Sollte aber als gelernter Sattler keine gro\u00dfe Sache sein. Eher schon, Schaumstoff in gew\u00fcnschter Qualit\u00e4t und H\u00e4rte zu bekommen, weil es eben doch nur eine Kleinmenge ist.<\/p>\n\n\n\n<p>Und das Raumbad funktioniert trotzdem noch.<\/p>\n\n\n\n<figure class=\"wp-block-video\"><video height=\"720\" style=\"aspect-ratio: 1280 \/ 720;\" width=\"1280\" controls src=\"https:\/\/headroomx.de\/wp-content\/uploads\/2023\/04\/Raumbad.mp4\"><\/video><\/figure>\n","protected":false},"excerpt":{"rendered":"<p>Konstruktion eines Einsatzst\u00fcckes am Fu\u00dfende des Betts. Wir haben einen 636FR, also mit franz\u00f6sischem Bett. Das hat durchaus sein Eigenheiten: Es geht hier wohlgemerkt nicht um Tatsachen, sondern nur um Gef\u00fchle! So w\u00fcnschte sich mein Frau ein &#8222;F\u00fcllst\u00fcck&#8220; am Gang. Das habe ich dann auch was provisorisches gefertigt, es war eine Art Tisch mit Polsterung. [&hellip;]<\/p>\n","protected":false},"author":1,"featured_media":0,"parent":0,"menu_order":0,"comment_status":"closed","ping_status":"closed","template":"","meta":{"footnotes":""},"class_list":["post-2515","page","type-page","status-publish","czr-hentry"],"_links":{"self":[{"href":"https:\/\/headroomx.de\/index.php?rest_route=\/wp\/v2\/pages\/2515","targetHints":{"allow":["GET"]}}],"collection":[{"href":"https:\/\/headroomx.de\/index.php?rest_route=\/wp\/v2\/pages"}],"about":[{"href":"https:\/\/headroomx.de\/index.php?rest_route=\/wp\/v2\/types\/page"}],"author":[{"embeddable":true,"href":"https:\/\/headroomx.de\/index.php?rest_route=\/wp\/v2\/users\/1"}],"replies":[{"embeddable":true,"href":"https:\/\/headroomx.de\/index.php?rest_route=%2Fwp%2Fv2%2Fcomments&post=2515"}],"version-history":[{"count":3,"href":"https:\/\/headroomx.de\/index.php?rest_route=\/wp\/v2\/pages\/2515\/revisions"}],"predecessor-version":[{"id":2625,"href":"https:\/\/headroomx.de\/index.php?rest_route=\/wp\/v2\/pages\/2515\/revisions\/2625"}],"wp:attachment":[{"href":"https:\/\/headroomx.de\/index.php?rest_route=%2Fwp%2Fv2%2Fmedia&parent=2515"}],"curies":[{"name":"wp","href":"https:\/\/api.w.org\/{rel}","templated":true}]}}