{"id":2534,"date":"2023-04-12T07:49:41","date_gmt":"2023-04-12T07:49:41","guid":{"rendered":"https:\/\/headroomx.de\/?page_id=2534"},"modified":"2024-03-26T19:35:55","modified_gmt":"2024-03-26T19:35:55","slug":"wohnmobil","status":"publish","type":"page","link":"https:\/\/headroomx.de\/?page_id=2534","title":{"rendered":"Wohnmobil"},"content":{"rendered":"\n<p>Nunja, wir haben uns ein Wohnmobil zugelegt. Einen Poessl 636FR. 2014 wurde der P\u00f6ssl 636FR dann zum Poessl Roadcruiser FR umbenannt. <\/p>\n\n\n\n<p>Hier gibt es die eine oder andere Information \u00fcber Umbauten, Probleme und Basteleien am P\u00f6ssl.<\/p>\n\n\n\n<figure class=\"wp-block-image size-large\"><img loading=\"lazy\" decoding=\"async\" width=\"1024\" height=\"650\" src=\"https:\/\/headroomx.de\/wp-content\/uploads\/2023\/04\/IMG_7596-1024x650.jpeg\" alt=\"\" class=\"wp-image-2599\" srcset=\"https:\/\/headroomx.de\/wp-content\/uploads\/2023\/04\/IMG_7596-1024x650.jpeg 1024w, https:\/\/headroomx.de\/wp-content\/uploads\/2023\/04\/IMG_7596-300x190.jpeg 300w, https:\/\/headroomx.de\/wp-content\/uploads\/2023\/04\/IMG_7596-768x487.jpeg 768w, https:\/\/headroomx.de\/wp-content\/uploads\/2023\/04\/IMG_7596-1536x975.jpeg 1536w, https:\/\/headroomx.de\/wp-content\/uploads\/2023\/04\/IMG_7596-2048x1299.jpeg 2048w\" sizes=\"auto, (max-width: 1024px) 100vw, 1024px\" \/><\/figure>\n\n\n\n<p>So sieht der Grundriss aus. Den hat es nur kurze Zeit gegeben, anscheinend war die Nachfrage nicht so gro\u00df, wie von Poessl erhofft und dieser Grundriss wurde recht schnell wieder eingestellt. Einerseits mag ich ihn wegen dem hinteren hohen Schrank und trotzdem guten Durchblick bis hinten, andererseits ist das abgerundete Bett nervig. <\/p>\n\n\n\n<figure class=\"wp-block-image size-large\"><img loading=\"lazy\" decoding=\"async\" width=\"1024\" height=\"212\" src=\"https:\/\/headroomx.de\/wp-content\/uploads\/2023\/04\/Grundriss1-1024x212.png\" alt=\"\" class=\"wp-image-2544\" srcset=\"https:\/\/headroomx.de\/wp-content\/uploads\/2023\/04\/Grundriss1-1024x212.png 1024w, https:\/\/headroomx.de\/wp-content\/uploads\/2023\/04\/Grundriss1-300x62.png 300w, https:\/\/headroomx.de\/wp-content\/uploads\/2023\/04\/Grundriss1-768x159.png 768w, https:\/\/headroomx.de\/wp-content\/uploads\/2023\/04\/Grundriss1-1536x318.png 1536w, https:\/\/headroomx.de\/wp-content\/uploads\/2023\/04\/Grundriss1.png 1640w\" sizes=\"auto, (max-width: 1024px) 100vw, 1024px\" \/><\/figure>\n\n\n\n<p>Jedenfalls m\u00f6chte ich hier so einige Dinge vorstellen, die wir an unserem P\u00f6ssl ge\u00e4ndert haben oder andere Dinge, die vielleicht auch f\u00fcr andere interessant sein k\u00f6nnten.<\/p>\n\n\n\n<p>Hier unsere get\u00e4tigten Umbauten, Probleme und Ideen:<\/p>\n\n\n\n<div class=\"wp-block-group is-horizontal is-layout-flex wp-block-group-is-layout-flex\">\n<ul class=\"wp-block-list\">\n<li>Umbauten und Eigenbauten -&gt; <a href=\"https:\/\/headroomx.de\/?page_id=2829\" data-type=\"page\" data-id=\"2829\">Umbauten (Eigenbau)<\/a><\/li>\n\n\n\n<li>Nachr\u00fcstungen -&gt; <a href=\"https:\/\/headroomx.de\/?page_id=2840\" data-type=\"page\" data-id=\"2840\">Nachr\u00fcstungen<\/a><\/li>\n\n\n\n<li>Diverser Kleinkram -> <a href=\"https:\/\/headroomx.de\/?page_id=2853\" data-type=\"page\" data-id=\"2853\">Diverser Kram<\/a><\/li>\n\n\n\n<li>Ein launischer Kommentar -> <a href=\"https:\/\/headroomx.de\/?page_id=3065\" data-type=\"page\" data-id=\"3065\">Ein Kommentar zu Vanlifern und Eigenbau<\/a><\/li>\n<\/ul>\n<\/div>\n","protected":false},"excerpt":{"rendered":"<p>Nunja, wir haben uns ein Wohnmobil zugelegt. Einen Poessl 636FR. 2014 wurde der P\u00f6ssl 636FR dann zum Poessl Roadcruiser FR umbenannt. Hier gibt es die eine oder andere Information \u00fcber Umbauten, Probleme und Basteleien am P\u00f6ssl. So sieht der Grundriss aus. Den hat es nur kurze Zeit gegeben, anscheinend war die Nachfrage nicht so gro\u00df, [&hellip;]<\/p>\n","protected":false},"author":1,"featured_media":0,"parent":0,"menu_order":0,"comment_status":"closed","ping_status":"closed","template":"","meta":{"footnotes":""},"class_list":["post-2534","page","type-page","status-publish","czr-hentry"],"_links":{"self":[{"href":"https:\/\/headroomx.de\/index.php?rest_route=\/wp\/v2\/pages\/2534","targetHints":{"allow":["GET"]}}],"collection":[{"href":"https:\/\/headroomx.de\/index.php?rest_route=\/wp\/v2\/pages"}],"about":[{"href":"https:\/\/headroomx.de\/index.php?rest_route=\/wp\/v2\/types\/page"}],"author":[{"embeddable":true,"href":"https:\/\/headroomx.de\/index.php?rest_route=\/wp\/v2\/users\/1"}],"replies":[{"embeddable":true,"href":"https:\/\/headroomx.de\/index.php?rest_route=%2Fwp%2Fv2%2Fcomments&post=2534"}],"version-history":[{"count":22,"href":"https:\/\/headroomx.de\/index.php?rest_route=\/wp\/v2\/pages\/2534\/revisions"}],"predecessor-version":[{"id":3082,"href":"https:\/\/headroomx.de\/index.php?rest_route=\/wp\/v2\/pages\/2534\/revisions\/3082"}],"wp:attachment":[{"href":"https:\/\/headroomx.de\/index.php?rest_route=%2Fwp%2Fv2%2Fmedia&parent=2534"}],"curies":[{"name":"wp","href":"https:\/\/api.w.org\/{rel}","templated":true}]}}