{"id":2665,"date":"2023-04-21T21:07:34","date_gmt":"2023-04-21T21:07:34","guid":{"rendered":"https:\/\/headroomx.de\/?page_id=2665"},"modified":"2023-04-23T10:50:13","modified_gmt":"2023-04-23T10:50:13","slug":"gepaecknetz-ueber-dem-bett","status":"publish","type":"page","link":"https:\/\/headroomx.de\/?page_id=2665","title":{"rendered":"Gep\u00e4cknetz \u00fcber dem Bett"},"content":{"rendered":"\n<p>Wir haben hinten am Bett einen Teil ohne Oberschr\u00e4nke, dort wo der &#8222;Weg&#8220; am franz\u00f6sischen Bett vorbei f\u00fchrte (da ist jetzt das F\u00fcllst\u00fcck drin).<br>Nun hatte meine Frau den Wunsch, dort oben eine Ablage f\u00fcr Klamotten zu haben, die man beim \u00dcbernachten nutzen kann.<\/p>\n\n\n\n<p><br>Gel\u00f6st habe ich das mit einem elastischen Netz und Fiberglasst\u00e4ben mit schwarzen Gelcoat. Carbon w\u00e4re geringf\u00fcgig leichter gewesen, aber einfach dreimal so teuer. Das war mir f\u00fcr ein simples Gep\u00e4cknetz zu teuer.<\/p>\n\n\n\n<p><br>Das Netz ist ein Anh\u00e4ngerschutznetz und wurde im Ganzen eingebaut und erst dann zugeschnitten. Danach wurden die Schnittstellen verschmolzen. Die hintere Stangen muss ich nochmal entnehmen und das Netz einheitlich drehen, dass es \u00e4quivalent zu der vorderen Schlaufenausrichtung ist. Hab aber heute keine Lust mehr gehabt.<\/p>\n\n\n\n<p>Die verschmolzenen Enden geh\u00f6ren noch angebunden, damit sie nicht wegstehen. Das kann gleich mit erledigt werden, wenn ich die Schlaufen ausrichte.<\/p>\n\n\n\n<figure class=\"wp-block-image size-large\"><img loading=\"lazy\" decoding=\"async\" width=\"768\" height=\"1024\" src=\"https:\/\/headroomx.de\/wp-content\/uploads\/2023\/04\/IMG_7631-768x1024.jpeg\" alt=\"\" class=\"wp-image-2666\" srcset=\"https:\/\/headroomx.de\/wp-content\/uploads\/2023\/04\/IMG_7631-768x1024.jpeg 768w, https:\/\/headroomx.de\/wp-content\/uploads\/2023\/04\/IMG_7631-225x300.jpeg 225w, https:\/\/headroomx.de\/wp-content\/uploads\/2023\/04\/IMG_7631-1152x1536.jpeg 1152w, https:\/\/headroomx.de\/wp-content\/uploads\/2023\/04\/IMG_7631-1536x2048.jpeg 1536w, https:\/\/headroomx.de\/wp-content\/uploads\/2023\/04\/IMG_7631.jpeg 1920w\" sizes=\"auto, (max-width: 768px) 100vw, 768px\" \/><\/figure>\n\n\n\n<figure class=\"wp-block-image size-large\"><img loading=\"lazy\" decoding=\"async\" width=\"1024\" height=\"768\" src=\"https:\/\/headroomx.de\/wp-content\/uploads\/2023\/04\/IMG_7632-1024x768.jpeg\" alt=\"\" class=\"wp-image-2667\" srcset=\"https:\/\/headroomx.de\/wp-content\/uploads\/2023\/04\/IMG_7632-1024x768.jpeg 1024w, https:\/\/headroomx.de\/wp-content\/uploads\/2023\/04\/IMG_7632-300x225.jpeg 300w, https:\/\/headroomx.de\/wp-content\/uploads\/2023\/04\/IMG_7632-768x576.jpeg 768w, https:\/\/headroomx.de\/wp-content\/uploads\/2023\/04\/IMG_7632-1536x1152.jpeg 1536w, https:\/\/headroomx.de\/wp-content\/uploads\/2023\/04\/IMG_7632.jpeg 1920w\" sizes=\"auto, (max-width: 1024px) 100vw, 1024px\" \/><\/figure>\n\n\n\n<p>Ach ja, die Beleuchtung \u00fcber dem Gep\u00e4cknetz wird normalerweise nicht genutzt. Au\u00dferdem wird sie nicht heiss.<\/p>\n\n\n\n<figure class=\"wp-block-image size-large\"><img loading=\"lazy\" decoding=\"async\" width=\"768\" height=\"1024\" src=\"https:\/\/headroomx.de\/wp-content\/uploads\/2023\/04\/IMG_7653-768x1024.jpeg\" alt=\"\" class=\"wp-image-2677\" srcset=\"https:\/\/headroomx.de\/wp-content\/uploads\/2023\/04\/IMG_7653-768x1024.jpeg 768w, https:\/\/headroomx.de\/wp-content\/uploads\/2023\/04\/IMG_7653-225x300.jpeg 225w, https:\/\/headroomx.de\/wp-content\/uploads\/2023\/04\/IMG_7653-1152x1536.jpeg 1152w, https:\/\/headroomx.de\/wp-content\/uploads\/2023\/04\/IMG_7653-1536x2048.jpeg 1536w, https:\/\/headroomx.de\/wp-content\/uploads\/2023\/04\/IMG_7653.jpeg 1920w\" sizes=\"auto, (max-width: 768px) 100vw, 768px\" \/><\/figure>\n\n\n\n<p>Auf diesem Bild sind die Schlaufen nur gleichm\u00e4\u00dfig gedreht. Nun m\u00fcssen nur noch die Enden verklebt werden. <\/p>\n\n\n\n<div style=\"height:100px\" aria-hidden=\"true\" class=\"wp-block-spacer\"><\/div>\n\n\n\n<p><strong>Handtuchstange im Bad<\/strong><\/p>\n\n\n\n<p>Bei der Gelegenheit habe ich einen Rest des GFK-Rohres dazu verwendet, im Bad eine Handtuchstange anzubringen. Es ist immer \u00e4tzend, wenn man feuchte Handt\u00fccher hat und sie nirgend zum Trocknen aufh\u00e4ngen zu k\u00f6nnen. Da das Bad recht warm ist, w\u00fcrden sie dort besser Trocknen, als irgendwo im Innenraum. <\/p>\n\n\n\n<figure class=\"wp-block-image size-large\"><img loading=\"lazy\" decoding=\"async\" width=\"1024\" height=\"566\" src=\"https:\/\/headroomx.de\/wp-content\/uploads\/2023\/04\/IMG_7650-1024x566.jpeg\" alt=\"\" class=\"wp-image-2681\" srcset=\"https:\/\/headroomx.de\/wp-content\/uploads\/2023\/04\/IMG_7650-1024x566.jpeg 1024w, https:\/\/headroomx.de\/wp-content\/uploads\/2023\/04\/IMG_7650-300x166.jpeg 300w, https:\/\/headroomx.de\/wp-content\/uploads\/2023\/04\/IMG_7650-768x425.jpeg 768w, https:\/\/headroomx.de\/wp-content\/uploads\/2023\/04\/IMG_7650-1536x850.jpeg 1536w, https:\/\/headroomx.de\/wp-content\/uploads\/2023\/04\/IMG_7650.jpeg 1920w\" sizes=\"auto, (max-width: 1024px) 100vw, 1024px\" \/><\/figure>\n\n\n\n<figure class=\"wp-block-image size-large\"><img loading=\"lazy\" decoding=\"async\" width=\"768\" height=\"1024\" src=\"https:\/\/headroomx.de\/wp-content\/uploads\/2023\/04\/IMG_7649-768x1024.jpeg\" alt=\"\" class=\"wp-image-2678\" srcset=\"https:\/\/headroomx.de\/wp-content\/uploads\/2023\/04\/IMG_7649-768x1024.jpeg 768w, https:\/\/headroomx.de\/wp-content\/uploads\/2023\/04\/IMG_7649-225x300.jpeg 225w, https:\/\/headroomx.de\/wp-content\/uploads\/2023\/04\/IMG_7649-1152x1536.jpeg 1152w, https:\/\/headroomx.de\/wp-content\/uploads\/2023\/04\/IMG_7649-1536x2048.jpeg 1536w, https:\/\/headroomx.de\/wp-content\/uploads\/2023\/04\/IMG_7649.jpeg 1920w\" sizes=\"auto, (max-width: 768px) 100vw, 768px\" \/><\/figure>\n","protected":false},"excerpt":{"rendered":"<p>Wir haben hinten am Bett einen Teil ohne Oberschr\u00e4nke, dort wo der &#8222;Weg&#8220; am franz\u00f6sischen Bett vorbei f\u00fchrte (da ist jetzt das F\u00fcllst\u00fcck drin).Nun hatte meine Frau den Wunsch, dort oben eine Ablage f\u00fcr Klamotten zu haben, die man beim \u00dcbernachten nutzen kann. Gel\u00f6st habe ich das mit einem elastischen Netz und Fiberglasst\u00e4ben mit schwarzen [&hellip;]<\/p>\n","protected":false},"author":1,"featured_media":0,"parent":0,"menu_order":0,"comment_status":"closed","ping_status":"closed","template":"","meta":{"footnotes":""},"class_list":["post-2665","page","type-page","status-publish","czr-hentry"],"_links":{"self":[{"href":"https:\/\/headroomx.de\/index.php?rest_route=\/wp\/v2\/pages\/2665","targetHints":{"allow":["GET"]}}],"collection":[{"href":"https:\/\/headroomx.de\/index.php?rest_route=\/wp\/v2\/pages"}],"about":[{"href":"https:\/\/headroomx.de\/index.php?rest_route=\/wp\/v2\/types\/page"}],"author":[{"embeddable":true,"href":"https:\/\/headroomx.de\/index.php?rest_route=\/wp\/v2\/users\/1"}],"replies":[{"embeddable":true,"href":"https:\/\/headroomx.de\/index.php?rest_route=%2Fwp%2Fv2%2Fcomments&post=2665"}],"version-history":[{"count":4,"href":"https:\/\/headroomx.de\/index.php?rest_route=\/wp\/v2\/pages\/2665\/revisions"}],"predecessor-version":[{"id":2684,"href":"https:\/\/headroomx.de\/index.php?rest_route=\/wp\/v2\/pages\/2665\/revisions\/2684"}],"wp:attachment":[{"href":"https:\/\/headroomx.de\/index.php?rest_route=%2Fwp%2Fv2%2Fmedia&parent=2665"}],"curies":[{"name":"wp","href":"https:\/\/api.w.org\/{rel}","templated":true}]}}