{"id":2699,"date":"2023-04-30T21:15:25","date_gmt":"2023-04-30T21:15:25","guid":{"rendered":"https:\/\/headroomx.de\/?page_id=2699"},"modified":"2024-03-08T11:20:39","modified_gmt":"2024-03-08T11:20:39","slug":"schwerlastauszug-im-heck","status":"publish","type":"page","link":"https:\/\/headroomx.de\/?page_id=2699","title":{"rendered":"Schwerlastauszug im Heck"},"content":{"rendered":"\n<p>Ich wollte schon immer einen Heckauszug machen, bin aber nie dazu gekommen. Ein Forumsbeitrag hat mich erinnert und nun habe ich endlich den Auszug eingebaut.<br>Bei hinten recht eng und nicht so tief, so da\u00df nur ein 900er Auszug passt, damit die Gasflaschen noch getauscht werden k\u00f6nnen. Also habe ich mich f\u00fcr einen Auszug f\u00fcr 1 x 600&#215;400 und 1 x 400&#215;300 entschieden.<br>Den Schub und die zwei Schienen hab ich als Set gekauft. Die seitlichen Befestigungen der Schiene am Boden hab ich mit Item I5-Profile 20&#215;40 gemacht und ein Gestell dr\u00fcber, damit die St\u00fchle, Tisch etc. nicht in den Schub geraten k\u00f6nnen.<\/p>\n\n\n\n<p>Befestigt ist das ganze am Boden mit M6-Schrauben und Rampa-Muffen.<\/p>\n\n\n\n<figure class=\"wp-block-image size-large\"><img loading=\"lazy\" decoding=\"async\" width=\"918\" height=\"1024\" src=\"https:\/\/headroomx.de\/wp-content\/uploads\/2023\/04\/IMG_7702-918x1024.jpeg\" alt=\"\" class=\"wp-image-2700\" srcset=\"https:\/\/headroomx.de\/wp-content\/uploads\/2023\/04\/IMG_7702-918x1024.jpeg 918w, https:\/\/headroomx.de\/wp-content\/uploads\/2023\/04\/IMG_7702-269x300.jpeg 269w, https:\/\/headroomx.de\/wp-content\/uploads\/2023\/04\/IMG_7702-768x856.jpeg 768w, https:\/\/headroomx.de\/wp-content\/uploads\/2023\/04\/IMG_7702-1377x1536.jpeg 1377w, https:\/\/headroomx.de\/wp-content\/uploads\/2023\/04\/IMG_7702-1837x2048.jpeg 1837w, https:\/\/headroomx.de\/wp-content\/uploads\/2023\/04\/IMG_7702.jpeg 1920w\" sizes=\"auto, (max-width: 918px) 100vw, 918px\" \/><\/figure>\n\n\n\n<p>Das Gestell wurde vormontiert, aufgelegt und durch das Gestell erst mit 6mm vorgebohrt. An einer Seite waren 2 Schrauben an einer Stelle, an der nicht senkrecht gebohrt werden konnte. So hab ich mir mit Laborschlauch geholfen, um den Bohrer senkrecht zu bekommen. Mit Geduld geht es aber.<\/p>\n\n\n\n<figure class=\"wp-block-video\"><video height=\"480\" style=\"aspect-ratio: 640 \/ 480;\" width=\"640\" controls src=\"https:\/\/headroomx.de\/wp-content\/uploads\/2023\/04\/IMG_7698.mp4\"><\/video><\/figure>\n\n\n\n<p>Danach wurde das Gestell weggenommen und die L\u00f6cher auf 8mm erweitert. Ich habe mir ein Werkzeug gemacht, um die Muffen rechtwinklig einzuschrauben.<\/p>\n\n\n\n<figure class=\"wp-block-image size-large\"><img loading=\"lazy\" decoding=\"async\" width=\"1024\" height=\"588\" src=\"https:\/\/headroomx.de\/wp-content\/uploads\/2023\/04\/IMG_7700-1024x588.jpeg\" alt=\"\" class=\"wp-image-2702\" srcset=\"https:\/\/headroomx.de\/wp-content\/uploads\/2023\/04\/IMG_7700-1024x588.jpeg 1024w, https:\/\/headroomx.de\/wp-content\/uploads\/2023\/04\/IMG_7700-300x172.jpeg 300w, https:\/\/headroomx.de\/wp-content\/uploads\/2023\/04\/IMG_7700-768x441.jpeg 768w, https:\/\/headroomx.de\/wp-content\/uploads\/2023\/04\/IMG_7700.jpeg 1440w\" sizes=\"auto, (max-width: 1024px) 100vw, 1024px\" \/><\/figure>\n\n\n\n<p>Dann wurde noch der eine Steher auf der rechten Seite mit dem Schrank verbunden. Auf der R\u00fcckseite, wenn man durch das Fach rechts greift, ist eine R\u00e4ndelmutter, damit man, wenn man den Schub komplett ausbauen will, dort nicht blind mit Werkzeug rumeiern muss.<\/p>\n\n\n\n<figure class=\"wp-block-image size-large\"><img loading=\"lazy\" decoding=\"async\" width=\"1024\" height=\"768\" src=\"https:\/\/headroomx.de\/wp-content\/uploads\/2023\/04\/IMG_7704-1024x768.jpeg\" alt=\"\" class=\"wp-image-2703\" srcset=\"https:\/\/headroomx.de\/wp-content\/uploads\/2023\/04\/IMG_7704-1024x768.jpeg 1024w, https:\/\/headroomx.de\/wp-content\/uploads\/2023\/04\/IMG_7704-300x225.jpeg 300w, https:\/\/headroomx.de\/wp-content\/uploads\/2023\/04\/IMG_7704-768x576.jpeg 768w, https:\/\/headroomx.de\/wp-content\/uploads\/2023\/04\/IMG_7704-1536x1152.jpeg 1536w, https:\/\/headroomx.de\/wp-content\/uploads\/2023\/04\/IMG_7704.jpeg 1920w\" sizes=\"auto, (max-width: 1024px) 100vw, 1024px\" \/><\/figure>\n\n\n\n<figure class=\"wp-block-image size-large\"><img loading=\"lazy\" decoding=\"async\" width=\"916\" height=\"1024\" src=\"https:\/\/headroomx.de\/wp-content\/uploads\/2023\/04\/IMG_7707-916x1024.jpeg\" alt=\"\" class=\"wp-image-2704\" srcset=\"https:\/\/headroomx.de\/wp-content\/uploads\/2023\/04\/IMG_7707-916x1024.jpeg 916w, https:\/\/headroomx.de\/wp-content\/uploads\/2023\/04\/IMG_7707-268x300.jpeg 268w, https:\/\/headroomx.de\/wp-content\/uploads\/2023\/04\/IMG_7707-768x859.jpeg 768w, https:\/\/headroomx.de\/wp-content\/uploads\/2023\/04\/IMG_7707-1374x1536.jpeg 1374w, https:\/\/headroomx.de\/wp-content\/uploads\/2023\/04\/IMG_7707.jpeg 1440w\" sizes=\"auto, (max-width: 916px) 100vw, 916px\" \/><\/figure>\n\n\n\n<p>Praktischerweise geht der Schub auch auf, wenn nur die rechte T\u00fcr auf ist.<\/p>\n\n\n\n<figure class=\"wp-block-image size-large\"><img loading=\"lazy\" decoding=\"async\" width=\"768\" height=\"1024\" src=\"https:\/\/headroomx.de\/wp-content\/uploads\/2023\/04\/IMG_7709-768x1024.jpeg\" alt=\"\" class=\"wp-image-2705\" srcset=\"https:\/\/headroomx.de\/wp-content\/uploads\/2023\/04\/IMG_7709-768x1024.jpeg 768w, https:\/\/headroomx.de\/wp-content\/uploads\/2023\/04\/IMG_7709-225x300.jpeg 225w, https:\/\/headroomx.de\/wp-content\/uploads\/2023\/04\/IMG_7709-1152x1536.jpeg 1152w, https:\/\/headroomx.de\/wp-content\/uploads\/2023\/04\/IMG_7709.jpeg 1440w\" sizes=\"auto, (max-width: 768px) 100vw, 768px\" \/><\/figure>\n\n\n\n<p>Mit Euroboxen sieht es dann so aus&#8230;<\/p>\n\n\n\n<figure class=\"wp-block-image size-large\"><img loading=\"lazy\" decoding=\"async\" width=\"1024\" height=\"768\" src=\"https:\/\/headroomx.de\/wp-content\/uploads\/2023\/05\/IMG_7743-1024x768.jpeg\" alt=\"\" class=\"wp-image-2718\" srcset=\"https:\/\/headroomx.de\/wp-content\/uploads\/2023\/05\/IMG_7743-1024x768.jpeg 1024w, https:\/\/headroomx.de\/wp-content\/uploads\/2023\/05\/IMG_7743-300x225.jpeg 300w, https:\/\/headroomx.de\/wp-content\/uploads\/2023\/05\/IMG_7743-768x576.jpeg 768w, https:\/\/headroomx.de\/wp-content\/uploads\/2023\/05\/IMG_7743-1536x1152.jpeg 1536w, https:\/\/headroomx.de\/wp-content\/uploads\/2023\/05\/IMG_7743.jpeg 1920w\" sizes=\"auto, (max-width: 1024px) 100vw, 1024px\" \/><\/figure>\n\n\n\n<figure class=\"wp-block-image size-large\"><img loading=\"lazy\" decoding=\"async\" width=\"1024\" height=\"768\" src=\"https:\/\/headroomx.de\/wp-content\/uploads\/2023\/05\/IMG_7746-1024x768.jpeg\" alt=\"\" class=\"wp-image-2719\" srcset=\"https:\/\/headroomx.de\/wp-content\/uploads\/2023\/05\/IMG_7746-1024x768.jpeg 1024w, https:\/\/headroomx.de\/wp-content\/uploads\/2023\/05\/IMG_7746-300x225.jpeg 300w, https:\/\/headroomx.de\/wp-content\/uploads\/2023\/05\/IMG_7746-768x576.jpeg 768w, https:\/\/headroomx.de\/wp-content\/uploads\/2023\/05\/IMG_7746-1536x1152.jpeg 1536w, https:\/\/headroomx.de\/wp-content\/uploads\/2023\/05\/IMG_7746.jpeg 1920w\" sizes=\"auto, (max-width: 1024px) 100vw, 1024px\" \/><\/figure>\n\n\n\n<figure class=\"wp-block-image size-large\"><img loading=\"lazy\" decoding=\"async\" width=\"768\" height=\"1024\" src=\"https:\/\/headroomx.de\/wp-content\/uploads\/2023\/05\/IMG_7748-768x1024.jpeg\" alt=\"\" class=\"wp-image-2720\" srcset=\"https:\/\/headroomx.de\/wp-content\/uploads\/2023\/05\/IMG_7748-768x1024.jpeg 768w, https:\/\/headroomx.de\/wp-content\/uploads\/2023\/05\/IMG_7748-225x300.jpeg 225w, https:\/\/headroomx.de\/wp-content\/uploads\/2023\/05\/IMG_7748-1152x1536.jpeg 1152w, https:\/\/headroomx.de\/wp-content\/uploads\/2023\/05\/IMG_7748.jpeg 1440w\" sizes=\"auto, (max-width: 768px) 100vw, 768px\" \/><\/figure>\n\n\n\n<p>Nachtrag:<\/p>\n\n\n\n<p>Hinter dem Schwerlastauszug war noch eine Art dreieckiger Platz, der schlecht zu nutzen war. <\/p>\n\n\n\n<figure class=\"wp-block-image size-large\"><img loading=\"lazy\" decoding=\"async\" width=\"1024\" height=\"768\" src=\"https:\/\/headroomx.de\/wp-content\/uploads\/2024\/03\/IMG_9506-1024x768.jpeg\" alt=\"\" class=\"wp-image-2985\" srcset=\"https:\/\/headroomx.de\/wp-content\/uploads\/2024\/03\/IMG_9506-1024x768.jpeg 1024w, https:\/\/headroomx.de\/wp-content\/uploads\/2024\/03\/IMG_9506-300x225.jpeg 300w, https:\/\/headroomx.de\/wp-content\/uploads\/2024\/03\/IMG_9506-768x576.jpeg 768w, https:\/\/headroomx.de\/wp-content\/uploads\/2024\/03\/IMG_9506.jpeg 1200w\" sizes=\"auto, (max-width: 1024px) 100vw, 1024px\" \/><figcaption class=\"wp-element-caption\">Da, wo die Flaschen liegen, das ist Totraum, denn man nicht nutzen konnte und wenn da was reinfiel, dann musste man anschlie\u00dfend Kofferraumtieftauchen, um es wieder herauszuholen. <\/figcaption><\/figure>\n\n\n\n<p>Ich habe ich die hinteren Kisten entfernt und durch eine selbstgezimmerte Holzkiste ersetzt. Sie f\u00fcllt die Kontur aus und hat seitlich an einer Seite eine niedrigere Wand, so kann man dort von oben seitlich neben dem Bett reingreifen. Sie bietet sie an als Lagerort f\u00fcr Getr\u00e4nkeflaschen (Wein, Limo, Bier) und kleine 3-Liter-F\u00e4\u00dfchen. <\/p>\n\n\n\n<figure class=\"wp-block-image size-large\"><img loading=\"lazy\" decoding=\"async\" width=\"768\" height=\"1024\" src=\"https:\/\/headroomx.de\/wp-content\/uploads\/2024\/03\/IMG_9673-768x1024.jpeg\" alt=\"\" class=\"wp-image-2986\" srcset=\"https:\/\/headroomx.de\/wp-content\/uploads\/2024\/03\/IMG_9673-768x1024.jpeg 768w, https:\/\/headroomx.de\/wp-content\/uploads\/2024\/03\/IMG_9673-225x300.jpeg 225w, https:\/\/headroomx.de\/wp-content\/uploads\/2024\/03\/IMG_9673-1152x1536.jpeg 1152w, https:\/\/headroomx.de\/wp-content\/uploads\/2024\/03\/IMG_9673.jpeg 1200w\" sizes=\"auto, (max-width: 768px) 100vw, 768px\" \/><\/figure>\n\n\n\n<p>Da ich noch einige Holzreste rumliegen hatte, sieht sie ein wenig nach Villa Kunterbunt aus, was mich jedoch nicht st\u00f6rt. <\/p>\n\n\n\n<figure class=\"wp-block-image size-large\"><img loading=\"lazy\" decoding=\"async\" width=\"768\" height=\"1024\" src=\"https:\/\/headroomx.de\/wp-content\/uploads\/2024\/03\/IMG_9674-768x1024.jpeg\" alt=\"\" class=\"wp-image-2987\" srcset=\"https:\/\/headroomx.de\/wp-content\/uploads\/2024\/03\/IMG_9674-768x1024.jpeg 768w, https:\/\/headroomx.de\/wp-content\/uploads\/2024\/03\/IMG_9674-225x300.jpeg 225w, https:\/\/headroomx.de\/wp-content\/uploads\/2024\/03\/IMG_9674-1152x1536.jpeg 1152w, https:\/\/headroomx.de\/wp-content\/uploads\/2024\/03\/IMG_9674.jpeg 1200w\" sizes=\"auto, (max-width: 768px) 100vw, 768px\" \/><\/figure>\n","protected":false},"excerpt":{"rendered":"<p>Ich wollte schon immer einen Heckauszug machen, bin aber nie dazu gekommen. Ein Forumsbeitrag hat mich erinnert und nun habe ich endlich den Auszug eingebaut.Bei hinten recht eng und nicht so tief, so da\u00df nur ein 900er Auszug passt, damit die Gasflaschen noch getauscht werden k\u00f6nnen. Also habe ich mich f\u00fcr einen Auszug f\u00fcr 1 [&hellip;]<\/p>\n","protected":false},"author":1,"featured_media":0,"parent":0,"menu_order":0,"comment_status":"closed","ping_status":"closed","template":"","meta":{"footnotes":""},"class_list":["post-2699","page","type-page","status-publish","czr-hentry"],"_links":{"self":[{"href":"https:\/\/headroomx.de\/index.php?rest_route=\/wp\/v2\/pages\/2699","targetHints":{"allow":["GET"]}}],"collection":[{"href":"https:\/\/headroomx.de\/index.php?rest_route=\/wp\/v2\/pages"}],"about":[{"href":"https:\/\/headroomx.de\/index.php?rest_route=\/wp\/v2\/types\/page"}],"author":[{"embeddable":true,"href":"https:\/\/headroomx.de\/index.php?rest_route=\/wp\/v2\/users\/1"}],"replies":[{"embeddable":true,"href":"https:\/\/headroomx.de\/index.php?rest_route=%2Fwp%2Fv2%2Fcomments&post=2699"}],"version-history":[{"count":5,"href":"https:\/\/headroomx.de\/index.php?rest_route=\/wp\/v2\/pages\/2699\/revisions"}],"predecessor-version":[{"id":2988,"href":"https:\/\/headroomx.de\/index.php?rest_route=\/wp\/v2\/pages\/2699\/revisions\/2988"}],"wp:attachment":[{"href":"https:\/\/headroomx.de\/index.php?rest_route=%2Fwp%2Fv2%2Fmedia&parent=2699"}],"curies":[{"name":"wp","href":"https:\/\/api.w.org\/{rel}","templated":true}]}}