{"id":2743,"date":"2023-06-13T13:40:02","date_gmt":"2023-06-13T13:40:02","guid":{"rendered":"https:\/\/headroomx.de\/?page_id=2743"},"modified":"2024-01-26T10:31:55","modified_gmt":"2024-01-26T10:31:55","slug":"hundesitz-sitzbank-zwischen-den-drehsitzen","status":"publish","type":"page","link":"https:\/\/headroomx.de\/?page_id=2743","title":{"rendered":"Klappbarer Hundesitz"},"content":{"rendered":"\n<p class=\"has-text-align-center\">Wir genie\u00dfen es, dass wir ohne auszusteigen von vorne nach hinten gelangen k\u00f6nnen. Zwischen den beiden Vordersitzen ist ein Gang, durch den man recht brauchbar nach hinten gelangen kann. Auch das Umdrehen eines Sitzes kann man machen, ohne unbedingt aufstehen zu m\u00fcssen. <\/p>\n\n\n\n<p class=\"has-text-align-center\">Nun ist es aber so, dass wir einen Dackel haben, der es liebt, w\u00e4hrend der Fahrt bei uns zu sein und auch gerne etwas sehen m\u00f6chte. Dazu m\u00f6chte er gerne auf den Schoss, was aus Sicherheitsgr\u00fcnden suboptimal ist. <\/p>\n\n\n\n<p class=\"has-text-align-center\">Daher entstand die Idee, zwischen den Vordersitzen ein verankertes Podest zu machen, auf dem ein K\u00f6rbchen ist und eine M\u00f6glichkeit, den Hund mittels Geschirr\/Gurt zu sichern. Problem dabei ist, dass, wenn man dort eine &#8222;Kiste&#8220; einbaut, der Durchgang nach hinten nicht mehr m\u00f6glich ist. Auch w\u00e4re das Drehen der Sitze nur dann m\u00f6glich, wenn man vorher diese Kiste rausnimmt und die Sitze dreht. Also geht das mit einer Kiste so nicht. <\/p>\n\n\n\n<figure class=\"wp-block-image size-large\"><img loading=\"lazy\" decoding=\"async\" width=\"768\" height=\"1024\" src=\"https:\/\/headroomx.de\/wp-content\/uploads\/2023\/06\/IMG_7738-768x1024.jpeg\" alt=\"\" class=\"wp-image-2744\" srcset=\"https:\/\/headroomx.de\/wp-content\/uploads\/2023\/06\/IMG_7738-768x1024.jpeg 768w, https:\/\/headroomx.de\/wp-content\/uploads\/2023\/06\/IMG_7738-225x300.jpeg 225w, https:\/\/headroomx.de\/wp-content\/uploads\/2023\/06\/IMG_7738-1152x1536.jpeg 1152w, https:\/\/headroomx.de\/wp-content\/uploads\/2023\/06\/IMG_7738-1536x2048.jpeg 1536w, https:\/\/headroomx.de\/wp-content\/uploads\/2023\/06\/IMG_7738.jpeg 1920w\" sizes=\"auto, (max-width: 768px) 100vw, 768px\" \/><\/figure>\n\n\n\n<p class=\"has-text-align-center\">Nun habe ich mir eine Konstruktion aus B-Profilen einfallen lassen. Es soll unten ein Rahmen angebracht werden, an dem ein oberer Rahmen mittels Parallelogrammechanismus angebracht ist. Der untere Rahmen wird die Schr\u00e4ge des Wagenbodens ausgleichen. Oben kommt noch eine 6mm HPL-Platte drauf, auf der mittels Klettband ein Polster aufgebracht wird. Des weiteren wird ein Fixpunkt f\u00fcr das Sicherheitsgeschirr geschaffen. <\/p>\n\n\n\n<p class=\"has-text-align-center\">W\u00e4hrend der Fahrt f\u00fcllt das hochgestellte Teil den Zwischenraum zwischen Fahrer- und Beifahrersitz. Dort kann der Hund sitzen\/liegen und gesichert werden. Will man nun nach hinten gehen, zieht man vorne einen Sicherungstift und kann die ganze obere &#8222;Plattform&#8220; parallel nach unten schwenken. Im Eingeklappten Zustand hat das Ganze eine Dicke von 6cm + Polsterst\u00e4rke (welches auch mit einem Griff entfernt werden kann). <\/p>\n\n\n\n<p class=\"has-text-align-center\">So kann man im Notfall schnell nach hinten kommen. Auch kann man so die Sitze drehen. zum Drehen der Sitze braucht man das Polster nicht abnehmen. <\/p>\n\n\n\n<p class=\"has-text-align-center\">Stehen wir nun irgendwo und haben die Sitze nach hinten gedreht, kann man die &#8222;Plattform&#8220; wieder hochstellen und erh\u00e4lt so einen zus\u00e4tzlichen Sitz zwischen den beiden Einzelsitzen. Einerseits sollte dies das Hinsetzen\/Aufstehen auf den hinteren Sitz erleichtern, andereseits bietet es die M\u00f6glichkeit eines umkomplizierten Notbettes, ohne die Dinette umbauen zu m\u00fcssen. <\/p>\n\n\n\n<p class=\"has-text-align-center\">Das Profilmaterial ist bestellt, ich warte auf die Lieferung (seit dem Beginn des Ukraine-Krieges hat man den Eindruck, jegliches Material sei bisher in der Ukraine gefertigt worden). Die Fittings, also Gelenke, Verbinder, Schrauben und Bolzen sind schon lange da. Auch habe ich noch ein ausreichendes St\u00fcck HPL-Platte rumliegen. <\/p>\n\n\n\n<p class=\"has-text-align-center\">So, die Profile sind da und ich habe angefangen, das Untergestell zusammenzubauen. Nachfolgend mal ein Bild des grob zusammengebauten Gestells. Die silberne Gelenkaufnahme recht oben geh\u00f6rt nat\u00fcrlich noch nach unten montiert. Naja, wenn man nicht aufpasst, mach man&#8217;s zweimal. <\/p>\n\n\n\n<figure class=\"wp-block-image size-large is-resized\"><img loading=\"lazy\" decoding=\"async\" width=\"768\" height=\"1024\" src=\"https:\/\/headroomx.de\/wp-content\/uploads\/2023\/06\/IMG_8103-768x1024.jpeg\" alt=\"\" class=\"wp-image-2749\" style=\"width:768px;height:1024px\" srcset=\"https:\/\/headroomx.de\/wp-content\/uploads\/2023\/06\/IMG_8103-768x1024.jpeg 768w, https:\/\/headroomx.de\/wp-content\/uploads\/2023\/06\/IMG_8103-225x300.jpeg 225w, https:\/\/headroomx.de\/wp-content\/uploads\/2023\/06\/IMG_8103-1152x1536.jpeg 1152w, https:\/\/headroomx.de\/wp-content\/uploads\/2023\/06\/IMG_8103-1536x2048.jpeg 1536w, https:\/\/headroomx.de\/wp-content\/uploads\/2023\/06\/IMG_8103.jpeg 1920w\" sizes=\"auto, (max-width: 768px) 100vw, 768px\" \/><\/figure>\n\n\n\n<p class=\"has-text-align-center\">Das Gestell soll ja zusammengeklappt werden k\u00f6nnen. So bleibt dann in zusammengeklappter Stellung nur noch eine Dicke von gut 60mm \u00fcbrig&#8230;<\/p>\n\n\n\n<figure class=\"wp-block-image size-large is-resized\"><img loading=\"lazy\" decoding=\"async\" width=\"1024\" height=\"768\" src=\"https:\/\/headroomx.de\/wp-content\/uploads\/2023\/06\/IMG_8104-1024x768.jpeg\" alt=\"\" class=\"wp-image-2750\" style=\"width:768px;height:576px\" srcset=\"https:\/\/headroomx.de\/wp-content\/uploads\/2023\/06\/IMG_8104-1024x768.jpeg 1024w, https:\/\/headroomx.de\/wp-content\/uploads\/2023\/06\/IMG_8104-300x225.jpeg 300w, https:\/\/headroomx.de\/wp-content\/uploads\/2023\/06\/IMG_8104-768x576.jpeg 768w, https:\/\/headroomx.de\/wp-content\/uploads\/2023\/06\/IMG_8104-1536x1152.jpeg 1536w, https:\/\/headroomx.de\/wp-content\/uploads\/2023\/06\/IMG_8104.jpeg 1920w\" sizes=\"auto, (max-width: 1024px) 100vw, 1024px\" \/><\/figure>\n\n\n\n<p class=\"has-text-align-center\"><\/p>\n\n\n\n<p class=\"has-text-align-center\">Nachfolgend ist das Gestell montiert. Hier nun auch die Diagonalstrebe (silber) zu sehen, die das Ganze in Position h\u00e4lt. <\/p>\n\n\n\n<figure class=\"wp-block-image size-large\"><img loading=\"lazy\" decoding=\"async\" width=\"1024\" height=\"768\" src=\"https:\/\/headroomx.de\/wp-content\/uploads\/2023\/06\/IMG_8133-1024x768.jpeg\" alt=\"\" class=\"wp-image-2763\" srcset=\"https:\/\/headroomx.de\/wp-content\/uploads\/2023\/06\/IMG_8133-1024x768.jpeg 1024w, https:\/\/headroomx.de\/wp-content\/uploads\/2023\/06\/IMG_8133-300x225.jpeg 300w, https:\/\/headroomx.de\/wp-content\/uploads\/2023\/06\/IMG_8133-768x576.jpeg 768w, https:\/\/headroomx.de\/wp-content\/uploads\/2023\/06\/IMG_8133-1536x1152.jpeg 1536w, https:\/\/headroomx.de\/wp-content\/uploads\/2023\/06\/IMG_8133.jpeg 1920w\" sizes=\"auto, (max-width: 1024px) 100vw, 1024px\" \/><\/figure>\n\n\n\n<p class=\"has-text-align-center\">Nun kann man das Ganze ja zusammenklappen mit folgendem Ergebnis&#8230;<\/p>\n\n\n\n<figure class=\"wp-block-image size-large\"><img loading=\"lazy\" decoding=\"async\" width=\"1024\" height=\"768\" src=\"https:\/\/headroomx.de\/wp-content\/uploads\/2023\/06\/IMG_8138-1024x768.jpeg\" alt=\"\" class=\"wp-image-2764\" srcset=\"https:\/\/headroomx.de\/wp-content\/uploads\/2023\/06\/IMG_8138-1024x768.jpeg 1024w, https:\/\/headroomx.de\/wp-content\/uploads\/2023\/06\/IMG_8138-300x225.jpeg 300w, https:\/\/headroomx.de\/wp-content\/uploads\/2023\/06\/IMG_8138-768x576.jpeg 768w, https:\/\/headroomx.de\/wp-content\/uploads\/2023\/06\/IMG_8138-1536x1152.jpeg 1536w, https:\/\/headroomx.de\/wp-content\/uploads\/2023\/06\/IMG_8138.jpeg 1920w\" sizes=\"auto, (max-width: 1024px) 100vw, 1024px\" \/><\/figure>\n\n\n\n<p class=\"has-text-align-center\">Die silberne Strebe kann vorne oben mittels einem Kugelsperrbolzen gel\u00f6st werden. Die Strebe wird nach unten geklappt und das Gestell nach vorne zusammengefaltet. Nun fehlt nur noch die Beplankung aus 6mm HPL und fertig ist der Lack. <\/p>\n\n\n<div class=\"wp-block-image\">\n<figure class=\"aligncenter size-full\"><img loading=\"lazy\" decoding=\"async\" width=\"314\" height=\"389\" src=\"https:\/\/headroomx.de\/wp-content\/uploads\/2023\/06\/8877356.jpg\" alt=\"\" class=\"wp-image-2766\" srcset=\"https:\/\/headroomx.de\/wp-content\/uploads\/2023\/06\/8877356.jpg 314w, https:\/\/headroomx.de\/wp-content\/uploads\/2023\/06\/8877356-242x300.jpg 242w\" sizes=\"auto, (max-width: 314px) 100vw, 314px\" \/><figcaption class=\"wp-element-caption\">Kugelsperrbolzen<\/figcaption><\/figure>\n<\/div>\n\n\n<p class=\"has-text-align-center\">Die hintere Befestigung ist gemacht, die einerseits stabil sein muss (soll ja nicht bei einem Crash durchs Cockpit fliegen), andererseits es einfach erm\u00f6glichen soll, das Teil in G\u00e4nze zu rauszunehmen f\u00fcr Wartungsarbeiten, Reinigung etc.<\/p>\n\n\n\n<p class=\"has-text-align-center\">So, nun ist&#8217;s vollbracht. Das Ding ist fertig.<\/p>\n\n\n<div class=\"wp-block-image\">\n<figure class=\"aligncenter size-large\"><img loading=\"lazy\" decoding=\"async\" width=\"1024\" height=\"768\" src=\"https:\/\/headroomx.de\/wp-content\/uploads\/2023\/06\/IMG_8185-1-1024x768.jpeg\" alt=\"\" class=\"wp-image-2771\" srcset=\"https:\/\/headroomx.de\/wp-content\/uploads\/2023\/06\/IMG_8185-1-1024x768.jpeg 1024w, https:\/\/headroomx.de\/wp-content\/uploads\/2023\/06\/IMG_8185-1-300x225.jpeg 300w, https:\/\/headroomx.de\/wp-content\/uploads\/2023\/06\/IMG_8185-1-768x576.jpeg 768w, https:\/\/headroomx.de\/wp-content\/uploads\/2023\/06\/IMG_8185-1-1536x1152.jpeg 1536w, https:\/\/headroomx.de\/wp-content\/uploads\/2023\/06\/IMG_8185-1.jpeg 1920w\" sizes=\"auto, (max-width: 1024px) 100vw, 1024px\" \/><figcaption class=\"wp-element-caption\">Ansicht von hinten<\/figcaption><\/figure>\n<\/div>\n\n<div class=\"wp-block-image\">\n<figure class=\"aligncenter size-large\"><img loading=\"lazy\" decoding=\"async\" width=\"1024\" height=\"768\" src=\"https:\/\/headroomx.de\/wp-content\/uploads\/2023\/06\/IMG_8181-1024x768.jpeg\" alt=\"\" class=\"wp-image-2772\" srcset=\"https:\/\/headroomx.de\/wp-content\/uploads\/2023\/06\/IMG_8181-1024x768.jpeg 1024w, https:\/\/headroomx.de\/wp-content\/uploads\/2023\/06\/IMG_8181-300x225.jpeg 300w, https:\/\/headroomx.de\/wp-content\/uploads\/2023\/06\/IMG_8181-768x576.jpeg 768w, https:\/\/headroomx.de\/wp-content\/uploads\/2023\/06\/IMG_8181-1536x1152.jpeg 1536w, https:\/\/headroomx.de\/wp-content\/uploads\/2023\/06\/IMG_8181.jpeg 1920w\" sizes=\"auto, (max-width: 1024px) 100vw, 1024px\" \/><figcaption class=\"wp-element-caption\">Ansicht von vorne. Es fehlt noch das Polster. Das wird mit Klett befestigt.<\/figcaption><\/figure>\n<\/div>\n\n<div class=\"wp-block-image\">\n<figure class=\"aligncenter size-large\"><img loading=\"lazy\" decoding=\"async\" width=\"768\" height=\"1024\" src=\"https:\/\/headroomx.de\/wp-content\/uploads\/2023\/06\/IMG_8182-768x1024.jpeg\" alt=\"\" class=\"wp-image-2773\" srcset=\"https:\/\/headroomx.de\/wp-content\/uploads\/2023\/06\/IMG_8182-768x1024.jpeg 768w, https:\/\/headroomx.de\/wp-content\/uploads\/2023\/06\/IMG_8182-225x300.jpeg 225w, https:\/\/headroomx.de\/wp-content\/uploads\/2023\/06\/IMG_8182-1152x1536.jpeg 1152w, https:\/\/headroomx.de\/wp-content\/uploads\/2023\/06\/IMG_8182-1536x2048.jpeg 1536w, https:\/\/headroomx.de\/wp-content\/uploads\/2023\/06\/IMG_8182.jpeg 1920w\" sizes=\"auto, (max-width: 768px) 100vw, 768px\" \/><figcaption class=\"wp-element-caption\">Die Unterkonstruktion. Wenn man den Sicherungsstift mit dem blauen Knopf rauszieht, kann man das ganze Teil zusammenfalten. <\/figcaption><\/figure>\n<\/div>\n\n<div class=\"wp-block-image\">\n<figure class=\"aligncenter size-large\"><img loading=\"lazy\" decoding=\"async\" width=\"1024\" height=\"768\" src=\"https:\/\/headroomx.de\/wp-content\/uploads\/2023\/06\/IMG_8180-1024x768.jpeg\" alt=\"\" class=\"wp-image-2774\" srcset=\"https:\/\/headroomx.de\/wp-content\/uploads\/2023\/06\/IMG_8180-1024x768.jpeg 1024w, https:\/\/headroomx.de\/wp-content\/uploads\/2023\/06\/IMG_8180-300x225.jpeg 300w, https:\/\/headroomx.de\/wp-content\/uploads\/2023\/06\/IMG_8180-768x576.jpeg 768w, https:\/\/headroomx.de\/wp-content\/uploads\/2023\/06\/IMG_8180-1536x1152.jpeg 1536w, https:\/\/headroomx.de\/wp-content\/uploads\/2023\/06\/IMG_8180.jpeg 1920w\" sizes=\"auto, (max-width: 1024px) 100vw, 1024px\" \/><figcaption class=\"wp-element-caption\">Sieht zusammengeklappt so aus und ist begehbar. Mann kann also jederzeit w\u00e4hrend der Fahrt (bspw. in einem Stau) nach hinten, ohne aussteigen zu m\u00fcssen.<\/figcaption><\/figure>\n<\/div>\n\n\n<figure class=\"wp-block-video aligncenter\"><video height=\"720\" style=\"aspect-ratio: 1280 \/ 720;\" width=\"1280\" controls muted src=\"https:\/\/headroomx.de\/wp-content\/uploads\/2023\/06\/IMG_8170.mov\"><\/video><figcaption class=\"wp-element-caption\">Hier ist zu sehen, wie das Ganze wieder hochgeklappt wird.<\/figcaption><\/figure>\n\n\n\n<p class=\"has-text-align-center\">So, das wars, noch Saubermachen und fertig ist der Lack. Ach ja, zum Drehen der Sitze muss man runterklappen. Sind die Sitze gedreht, kann man wieder hochklappen und erh\u00e4lt einen kleinen Tisch oder einen Sitz, wenn man ein Polster auflegt. <\/p>\n\n\n\n<p>So, nun liegen erste Erfahrungen mit dem Sitz vor:<\/p>\n\n\n\n<p>Grunds\u00e4tzlich nutzt unser Hund den Hundesitz, aber irgendwie hat er sich dort wohl nicht ganz wohlgef\u00fchlt. Wir kamen dann auf die Idee, dass ihn eventuell das Loch zwischen Sitz und Armaturenbrett st\u00f6rte. Immerhin kann so ein Dackel liegend ausgesteckt auch recht lang werden. <\/p>\n\n\n\n<p>Also konstruierte ich ein kleines Klappbrett vorne dran, so dass im aufgestelltem Zustand die L\u00fccke zum Armaturenbrett geschlossen ist, andererseits die Klappfunktion des Sitzes nicht beeintr\u00e4chtigt ist.<\/p>\n\n\n\n<figure class=\"wp-block-image size-large\"><img loading=\"lazy\" decoding=\"async\" width=\"1024\" height=\"768\" src=\"https:\/\/headroomx.de\/wp-content\/uploads\/2024\/01\/IMG_9388-1024x768.jpeg\" alt=\"\" class=\"wp-image-2903\" srcset=\"https:\/\/headroomx.de\/wp-content\/uploads\/2024\/01\/IMG_9388-1024x768.jpeg 1024w, https:\/\/headroomx.de\/wp-content\/uploads\/2024\/01\/IMG_9388-300x225.jpeg 300w, https:\/\/headroomx.de\/wp-content\/uploads\/2024\/01\/IMG_9388-768x576.jpeg 768w, https:\/\/headroomx.de\/wp-content\/uploads\/2024\/01\/IMG_9388-1536x1152.jpeg 1536w, https:\/\/headroomx.de\/wp-content\/uploads\/2024\/01\/IMG_9388-2048x1536.jpeg 2048w\" sizes=\"auto, (max-width: 1024px) 100vw, 1024px\" \/><figcaption class=\"wp-element-caption\">Eingeklappte Verl\u00e4ngerung, so dass der Sitz runtergeklappt werden kann. <\/figcaption><\/figure>\n\n\n\n<figure class=\"wp-block-image size-large\"><img loading=\"lazy\" decoding=\"async\" width=\"1024\" height=\"768\" src=\"https:\/\/headroomx.de\/wp-content\/uploads\/2024\/01\/IMG_9389-1024x768.jpeg\" alt=\"\" class=\"wp-image-2904\" srcset=\"https:\/\/headroomx.de\/wp-content\/uploads\/2024\/01\/IMG_9389-1024x768.jpeg 1024w, https:\/\/headroomx.de\/wp-content\/uploads\/2024\/01\/IMG_9389-300x225.jpeg 300w, https:\/\/headroomx.de\/wp-content\/uploads\/2024\/01\/IMG_9389-768x576.jpeg 768w, https:\/\/headroomx.de\/wp-content\/uploads\/2024\/01\/IMG_9389-1536x1152.jpeg 1536w, https:\/\/headroomx.de\/wp-content\/uploads\/2024\/01\/IMG_9389-2048x1536.jpeg 2048w\" sizes=\"auto, (max-width: 1024px) 100vw, 1024px\" \/><figcaption class=\"wp-element-caption\">Ausgeklapptes Brett, nur noch Polster drauf und der Hund hat es bequem.<\/figcaption><\/figure>\n\n\n\n<figure class=\"wp-block-image size-large\"><img loading=\"lazy\" decoding=\"async\" width=\"1024\" height=\"576\" src=\"https:\/\/headroomx.de\/wp-content\/uploads\/2024\/01\/F4CBD36E-00F7-4E6C-A58B-662C2628D536-1024x576.jpeg\" alt=\"\" class=\"wp-image-2905\" srcset=\"https:\/\/headroomx.de\/wp-content\/uploads\/2024\/01\/F4CBD36E-00F7-4E6C-A58B-662C2628D536-1024x576.jpeg 1024w, https:\/\/headroomx.de\/wp-content\/uploads\/2024\/01\/F4CBD36E-00F7-4E6C-A58B-662C2628D536-300x169.jpeg 300w, https:\/\/headroomx.de\/wp-content\/uploads\/2024\/01\/F4CBD36E-00F7-4E6C-A58B-662C2628D536-768x432.jpeg 768w, https:\/\/headroomx.de\/wp-content\/uploads\/2024\/01\/F4CBD36E-00F7-4E6C-A58B-662C2628D536-1536x864.jpeg 1536w, https:\/\/headroomx.de\/wp-content\/uploads\/2024\/01\/F4CBD36E-00F7-4E6C-A58B-662C2628D536-2048x1152.jpeg 2048w, https:\/\/headroomx.de\/wp-content\/uploads\/2024\/01\/F4CBD36E-00F7-4E6C-A58B-662C2628D536-1110x624.jpeg 1110w, https:\/\/headroomx.de\/wp-content\/uploads\/2024\/01\/F4CBD36E-00F7-4E6C-A58B-662C2628D536-528x297.jpeg 528w\" sizes=\"auto, (max-width: 1024px) 100vw, 1024px\" \/><figcaption class=\"wp-element-caption\">Sieht man zwar schlecht auf dem Bild, aber der Hund genie\u00dft es. Er nutzt seitdem den Sitz sehr gerne, sieht etwas und ist trotzdem angeschnallt. <\/figcaption><\/figure>\n\n\n\n<p><\/p>\n","protected":false},"excerpt":{"rendered":"<p>Wir genie\u00dfen es, dass wir ohne auszusteigen von vorne nach hinten gelangen k\u00f6nnen. Zwischen den beiden Vordersitzen ist ein Gang, durch den man recht brauchbar nach hinten gelangen kann. Auch das Umdrehen eines Sitzes kann man machen, ohne unbedingt aufstehen zu m\u00fcssen. Nun ist es aber so, dass wir einen Dackel haben, der es liebt, [&hellip;]<\/p>\n","protected":false},"author":1,"featured_media":0,"parent":0,"menu_order":0,"comment_status":"closed","ping_status":"closed","template":"","meta":{"footnotes":""},"class_list":["post-2743","page","type-page","status-publish","czr-hentry"],"_links":{"self":[{"href":"https:\/\/headroomx.de\/index.php?rest_route=\/wp\/v2\/pages\/2743","targetHints":{"allow":["GET"]}}],"collection":[{"href":"https:\/\/headroomx.de\/index.php?rest_route=\/wp\/v2\/pages"}],"about":[{"href":"https:\/\/headroomx.de\/index.php?rest_route=\/wp\/v2\/types\/page"}],"author":[{"embeddable":true,"href":"https:\/\/headroomx.de\/index.php?rest_route=\/wp\/v2\/users\/1"}],"replies":[{"embeddable":true,"href":"https:\/\/headroomx.de\/index.php?rest_route=%2Fwp%2Fv2%2Fcomments&post=2743"}],"version-history":[{"count":13,"href":"https:\/\/headroomx.de\/index.php?rest_route=\/wp\/v2\/pages\/2743\/revisions"}],"predecessor-version":[{"id":2932,"href":"https:\/\/headroomx.de\/index.php?rest_route=\/wp\/v2\/pages\/2743\/revisions\/2932"}],"wp:attachment":[{"href":"https:\/\/headroomx.de\/index.php?rest_route=%2Fwp%2Fv2%2Fmedia&parent=2743"}],"curies":[{"name":"wp","href":"https:\/\/api.w.org\/{rel}","templated":true}]}}