{"id":2860,"date":"2023-09-25T09:25:43","date_gmt":"2023-09-25T09:25:43","guid":{"rendered":"https:\/\/headroomx.de\/?page_id=2860"},"modified":"2024-03-12T12:00:17","modified_gmt":"2024-03-12T12:00:17","slug":"netzfaecher","status":"publish","type":"page","link":"https:\/\/headroomx.de\/?page_id=2860","title":{"rendered":"Netzf\u00e4cher\/-taschen"},"content":{"rendered":"\n<p>Bachdem ich mir lange Gedanken gemacht hatte, wie und ob ich noch F\u00e4cher anbringen sollte, bin ich letztendlich bei Netzf\u00e4chern gelandet. In diversen Onlineplattformen gibt es solche zu kaufen. <\/p>\n\n\n\n<p>Also hab ich dann mal zugeschlagen und 4 St\u00fcck bestellt. <\/p>\n\n\n\n<p>Ich habe sie dann \u00fcber der Dinette, am Fussende des Bettes, seitlich am Kopfende des Bettes und im Heck montiert. Passt zwar nicht viel rein, aber f\u00fcr den t\u00e4glichen Kleinkram sind sie ideal.<\/p>\n\n\n\n<figure class=\"wp-block-image size-large\"><img loading=\"lazy\" decoding=\"async\" width=\"1024\" height=\"768\" src=\"https:\/\/headroomx.de\/wp-content\/uploads\/2024\/03\/IMG_8881-2-1024x768.jpeg\" alt=\"\" class=\"wp-image-3038\" srcset=\"https:\/\/headroomx.de\/wp-content\/uploads\/2024\/03\/IMG_8881-2-1024x768.jpeg 1024w, https:\/\/headroomx.de\/wp-content\/uploads\/2024\/03\/IMG_8881-2-300x225.jpeg 300w, https:\/\/headroomx.de\/wp-content\/uploads\/2024\/03\/IMG_8881-2-768x576.jpeg 768w, https:\/\/headroomx.de\/wp-content\/uploads\/2024\/03\/IMG_8881-2-1536x1152.jpeg 1536w, https:\/\/headroomx.de\/wp-content\/uploads\/2024\/03\/IMG_8881-2.jpeg 1600w\" sizes=\"auto, (max-width: 1024px) 100vw, 1024px\" \/><\/figure>\n\n\n\n<figure class=\"wp-block-image size-large\"><img loading=\"lazy\" decoding=\"async\" width=\"768\" height=\"1024\" src=\"https:\/\/headroomx.de\/wp-content\/uploads\/2024\/03\/IMG_8884-2-768x1024.jpeg\" alt=\"\" class=\"wp-image-3039\" srcset=\"https:\/\/headroomx.de\/wp-content\/uploads\/2024\/03\/IMG_8884-2-768x1024.jpeg 768w, https:\/\/headroomx.de\/wp-content\/uploads\/2024\/03\/IMG_8884-2-225x300.jpeg 225w, https:\/\/headroomx.de\/wp-content\/uploads\/2024\/03\/IMG_8884-2-1152x1536.jpeg 1152w, https:\/\/headroomx.de\/wp-content\/uploads\/2024\/03\/IMG_8884-2-1536x2048.jpeg 1536w, https:\/\/headroomx.de\/wp-content\/uploads\/2024\/03\/IMG_8884-2.jpeg 1600w\" sizes=\"auto, (max-width: 768px) 100vw, 768px\" \/><\/figure>\n\n\n\n<figure class=\"wp-block-image size-large\"><img loading=\"lazy\" decoding=\"async\" width=\"768\" height=\"1024\" src=\"https:\/\/headroomx.de\/wp-content\/uploads\/2024\/03\/IMG_8887-2-768x1024.jpeg\" alt=\"\" class=\"wp-image-3041\" srcset=\"https:\/\/headroomx.de\/wp-content\/uploads\/2024\/03\/IMG_8887-2-768x1024.jpeg 768w, https:\/\/headroomx.de\/wp-content\/uploads\/2024\/03\/IMG_8887-2-225x300.jpeg 225w, https:\/\/headroomx.de\/wp-content\/uploads\/2024\/03\/IMG_8887-2-1152x1536.jpeg 1152w, https:\/\/headroomx.de\/wp-content\/uploads\/2024\/03\/IMG_8887-2-1536x2048.jpeg 1536w, https:\/\/headroomx.de\/wp-content\/uploads\/2024\/03\/IMG_8887-2.jpeg 1600w\" sizes=\"auto, (max-width: 768px) 100vw, 768px\" \/><\/figure>\n\n\n\n<figure class=\"wp-block-image size-large\"><img loading=\"lazy\" decoding=\"async\" width=\"1024\" height=\"768\" src=\"https:\/\/headroomx.de\/wp-content\/uploads\/2024\/03\/IMG_8880-2-1024x768.jpeg\" alt=\"\" class=\"wp-image-3042\" srcset=\"https:\/\/headroomx.de\/wp-content\/uploads\/2024\/03\/IMG_8880-2-1024x768.jpeg 1024w, https:\/\/headroomx.de\/wp-content\/uploads\/2024\/03\/IMG_8880-2-300x225.jpeg 300w, https:\/\/headroomx.de\/wp-content\/uploads\/2024\/03\/IMG_8880-2-768x576.jpeg 768w, https:\/\/headroomx.de\/wp-content\/uploads\/2024\/03\/IMG_8880-2-1536x1152.jpeg 1536w, https:\/\/headroomx.de\/wp-content\/uploads\/2024\/03\/IMG_8880-2.jpeg 1600w\" sizes=\"auto, (max-width: 1024px) 100vw, 1024px\" \/><\/figure>\n","protected":false},"excerpt":{"rendered":"<p>Bachdem ich mir lange Gedanken gemacht hatte, wie und ob ich noch F\u00e4cher anbringen sollte, bin ich letztendlich bei Netzf\u00e4chern gelandet. In diversen Onlineplattformen gibt es solche zu kaufen. Also hab ich dann mal zugeschlagen und 4 St\u00fcck bestellt. Ich habe sie dann \u00fcber der Dinette, am Fussende des Bettes, seitlich am Kopfende des Bettes [&hellip;]<\/p>\n","protected":false},"author":1,"featured_media":0,"parent":0,"menu_order":0,"comment_status":"closed","ping_status":"closed","template":"","meta":{"footnotes":""},"class_list":["post-2860","page","type-page","status-publish","czr-hentry"],"_links":{"self":[{"href":"https:\/\/headroomx.de\/index.php?rest_route=\/wp\/v2\/pages\/2860","targetHints":{"allow":["GET"]}}],"collection":[{"href":"https:\/\/headroomx.de\/index.php?rest_route=\/wp\/v2\/pages"}],"about":[{"href":"https:\/\/headroomx.de\/index.php?rest_route=\/wp\/v2\/types\/page"}],"author":[{"embeddable":true,"href":"https:\/\/headroomx.de\/index.php?rest_route=\/wp\/v2\/users\/1"}],"replies":[{"embeddable":true,"href":"https:\/\/headroomx.de\/index.php?rest_route=%2Fwp%2Fv2%2Fcomments&post=2860"}],"version-history":[{"count":2,"href":"https:\/\/headroomx.de\/index.php?rest_route=\/wp\/v2\/pages\/2860\/revisions"}],"predecessor-version":[{"id":3043,"href":"https:\/\/headroomx.de\/index.php?rest_route=\/wp\/v2\/pages\/2860\/revisions\/3043"}],"wp:attachment":[{"href":"https:\/\/headroomx.de\/index.php?rest_route=%2Fwp%2Fv2%2Fmedia&parent=2860"}],"curies":[{"name":"wp","href":"https:\/\/api.w.org\/{rel}","templated":true}]}}