{"id":2933,"date":"2024-02-11T15:09:39","date_gmt":"2024-02-11T15:09:39","guid":{"rendered":"https:\/\/headroomx.de\/?page_id=2933"},"modified":"2024-02-26T14:50:45","modified_gmt":"2024-02-26T14:50:45","slug":"anhaengerkupplung-nachruesten","status":"publish","type":"page","link":"https:\/\/headroomx.de\/?page_id=2933","title":{"rendered":"Anh\u00e4ngerkupplung nachr\u00fcsten"},"content":{"rendered":"\n<p><strong>Grunds\u00e4tzliches und Technisches<\/strong><\/p>\n\n\n\n<p>Westfalia (D) mit senkrechtem Ziehkeilmechanismus (D=16,9 kN), Brink (D) mit schr\u00e4gem Schnappmechanismus (D=16,83 kN), Steinhof (PL) mit waagrechtem Schnappmechanismus (D=16,2 kN), AutoHAK (PL) mit waagrechtem Exzentermechanismus (D=16,13 kN) oder Umbra Rimorchi (I) mit verriegeltem Bajonettmechanismus. Eine feststehende Kupplung kam nicht in Frage. <\/p>\n\n\n\n<p>Nun, ich hatte ja einen Elektrosatz mit Dose eh schon drin, weil ich den f\u00fcr die Beleuchtung von Fahrradtr\u00e4ger brauchte. Da wir aus gesch\u00e4ftlichen Gr\u00fcnden \u00f6fters mal nach Berlin fahren (m\u00fcssen) und dort auch Material einkaufen, hatten wir ein Problem:<\/p>\n\n\n\n<p>In einem Tag 600km + 3 verschiedene Lager abklappern + 600km Heimfahrt, das ist uns zu stressig. Wir h\u00e4tten ja auch einen 540er Peugeot Boxer zur Verf\u00fcgung, aber dessen Laderaum ist mit Regalen vollgepflastert. Au\u00dferdem kann man darin nicht vern\u00fcnftig schlafen (aus dem &#8222;Matratze auf dem Boden-Alter&#8220; bin ich raus). <\/p>\n\n\n\n<p>So, nun, da ein Wohnmobil vorhanden ist, kann man damit auch fahren, was wir auch schon gemacht haben. Allerdings ist dort die r\u00e4umliche Ladekapazit\u00e4t auch begrenzt und l\u00e4ngere Teile sind problematisch, weil dann Toilette etc. nicht mehr nutzbar ist. <\/p>\n\n\n\n<p>So kamen wir auf die Idee, unserem Wohnmobil eine Anh\u00e4ngerkupplung zu verpassen. Also machte ich mich auf die Suche. Dabei stellte ich einige seltsame Dinge fest, die mir zu denken geben. Aber fangen wir mal von vorne an:<\/p>\n\n\n\n<p>Unser Womo ist ein sog. L4 mit 6363mm L\u00e4nge.<\/p>\n\n\n\n<p>Nun gibt es den Ducato in verschiedenen L\u00e4ngen (L1 bis L5) mit verschiednen Radst\u00e4nden und verschieden langem \u00dcberhang hinten. Das stellt so einen Kupplungshersteller vor Probleme.<\/p>\n\n\n\n<p>Bei den k\u00fcrzeren Versionen muss der Rahmen bis hinten voll tragen, da die Fahrwerkskomponenten bis nach hinten reichen. Dort betr\u00e4gt der \u00dcberhang zwischen 1015 (L1, L2) und 1250 (L3). Dort ist auch die hintere Federaufnahme nicht weit.<br>Beim L4 ist jedoch der \u00dcberhang 1380mm. Das der Rahmen nach der Federaufnahme keine weiteren Fahrwerkskr\u00e4fte aufnehmen muss, sondern nur den Laderraum tragen muss, ist dort der Rahmen verl\u00e4ngert und, soweit ich gesehen habe, vom Blech her auch d\u00fcnner ausgef\u00fchrt.<br><\/p>\n\n\n\n<p>Westfalia verwendet aber die gleichen Zugelemente bei L1 bis L4 (vermutlich aus Einsparungsgr\u00fcnden). Demzufolge muss bei L4 dort ein Loch gebohrt werden, da es bei L4 nicht vorhanden ist. Da aber der Tr\u00e4ger dort nicht mehr die Materialst\u00e4rke hat und nicht so steif ausgelegt ist, wie weiter vorne oder bei den k\u00fcrzeren Rahmen, funktioniert das ohne Distanzh\u00fclsen, die den Rahmen vor Quetschung sch\u00fctzen eher schlecht wie recht. Also muss man dort f\u00fcr L4 zus\u00e4tzliche H\u00fclsen ordern.<\/p>\n\n\n\n<p>Bei Brink gilt das gleiche, nur Brink verlangt nicht, dass zus\u00e4tzliche H\u00fclsen gesetzten werden. Nun frage ich mich, wieso bei Westfalia bei L4 drei Tonnen nur gezogen werden k\u00f6nnen, wenn dort eine H\u00fclse gesetzt wird, bei Brink aber, bei identischen Befestigungspunkten (auch dort muss gebohrt werden) drei Tonnen ohne diese Verst\u00e4rkungsh\u00fclse gezogen werden k\u00f6nnen. <\/p>\n\n\n\n<p>Bei Steinhof, die auch die gleichen Befestigungspunkte verwendet, m\u00fcssen wieder H\u00fclsen gesetzt werden, die allerdings mitgeliefert werden. <\/p>\n\n\n\n<p><br>Bei AutoHAK gehen sie mit den Zugelementen bis vor der Rahmenverl\u00e4ngerung hinaus und sind so im Bereich, wo der Rahmen mehr Stabilit\u00e4t aufweist. Dort sind auch schon vorhandene Bohrungen, es muss nicht gebohrt werden. Kurz gesagt, AutoHAK verwendet zum einen zwei Befestigungspunkte mehr und geht bis in den Grundrahmen nach vorne, wo schon Bohrungen existieren. Daf\u00fcr ist die Kupplung von AutoHAK auch nur f\u00fcr L4 und L5. Die Kupplungen f\u00fcr L1 bis L3 von AutoHAK haben andere Zugelemente, die denen von Westfalia, Brink und Steinhof \u00e4hnlich sind. <\/p>\n\n\n\n<p>\u00dcber die italienische Kupplung kann ich gar nicht viel sagen, dort habe ich weder E-Zulassungen, noch Montageanleitungen gefunden. <\/p>\n\n\n\n<p>Lange Rede, kurzer Sinn, reden wir \u00fcber den Preis (ohne E-Satz und ohne Einbau), Stand Januar 2024:<\/p>\n\n\n\n<ul class=\"wp-block-list\">\n<li>Westfalia -&gt; 550\u20ac bis 800\u20ac (ca. 32kg)<\/li>\n\n\n\n<li>Brink -&gt; 450 bis 550\u20ac (ca. 32kg)<\/li>\n\n\n\n<li>Steinhof -&gt; 450 bis 550\u20ac <\/li>\n\n\n\n<li>Umbra Rimorchi -&gt; 200\u20ac (Zulassung unklar)<\/li>\n\n\n\n<li>AutoHAK -> 250\u20ac (25,4kg)<\/li>\n<\/ul>\n\n\n\n<p>Zwischen AutoHAK und den Konkurrenten gibt es noch einen Unterschied:<\/p>\n\n\n\n<p>AutoHAK verwendet 8.8er Schrauben, die beispielsweise bei M12 mit 87 Nm angezogen werden m\u00fcssen. Westfalia und Brink verlangen &#8222;nur 65 Nm, was auf 6.8er Schrauben hindeuten w\u00fcrde. Es gibt mehrere Wege, nach Rom zu gelangen. W\u00e4hrend auch alle Konkurrenten links und rechts in jeweils nur einem &#8222;Rahmenfenster&#8220; eine Spezialmutter einsetzen, macht dies AutoHAK bei links und rechts jeweils zwei Fenstern. Daher auch der Hinweis, dass die AutoHAK insgesamt zwei Befestigungspunkte mehr hat. <\/p>\n\n\n\n<p>So, ich habe mich nun f\u00fcr die AutoHAK entschieden. Sie ist vom Mechanismus einfach ausgef\u00fchrt, unauff\u00e4llig und kann ohne Bohren am Rahmen montiert werden. Und nein, bei abgenommener Kupplung sieht man, wie bei Brink und Steinhof auch, die Kupplungsaufnahme. Nur bei Westfalia w\u00e4re die Kupplung komplett unsichtbar, wenn sie abgenommen ist. Allerdings hatte ich schon zwei Autos mit Westfaliakupplungen und weiss, wie Schei55e die einzustecken geht, bis sie richtig sitzt. Offenbar passieren dort auch immer wieder Unf\u00e4lle, weil die Leute die (Westfalia) Kupplung nicht richtig eingesteckt und gesichert haben. <\/p>\n\n\n\n<p>Hinweis: Gebohrt werden muss allerdings bei jeder Kupplung immer an der Stelle, wo die alte Sto\u00dfstange verschraubt ist. Dort ist ein Gewinde im Rahmen vorhanden, das Karossierblech verdeckt dieses allerdings. Dort muss man bohren. Aber eben nicht an tragenden Teilen. <\/p>\n\n\n\n<p>Als ich mein Paket bekam, habe ich nat\u00fcrlich erstmal ausgepackt. <\/p>\n\n\n\n<div class=\"wp-block-columns is-layout-flex wp-container-core-columns-is-layout-9d6595d7 wp-block-columns-is-layout-flex\">\n<div class=\"wp-block-column is-layout-flow wp-block-column-is-layout-flow\" style=\"flex-basis:33.34%\">\n<figure class=\"wp-block-gallery has-nested-images columns-default is-cropped wp-block-gallery-1 is-layout-flex wp-block-gallery-is-layout-flex\">\n<figure data-wp-context=\"{&quot;imageId&quot;:&quot;69df9885752ed&quot;}\" data-wp-interactive=\"core\/image\" data-wp-key=\"69df9885752ed\" class=\"wp-block-image size-large is-style-rounded wp-lightbox-container\"><img loading=\"lazy\" decoding=\"async\" width=\"1024\" height=\"768\" data-wp-class--hide=\"state.isContentHidden\" data-wp-class--show=\"state.isContentVisible\" data-wp-init=\"callbacks.setButtonStyles\" data-wp-on--click=\"actions.showLightbox\" data-wp-on--load=\"callbacks.setButtonStyles\" data-wp-on-window--resize=\"callbacks.setButtonStyles\" data-id=\"2941\" src=\"https:\/\/headroomx.de\/wp-content\/uploads\/2024\/02\/IMG_9540-1-1024x768.jpeg\" alt=\"\" class=\"wp-image-2941\" srcset=\"https:\/\/headroomx.de\/wp-content\/uploads\/2024\/02\/IMG_9540-1-1024x768.jpeg 1024w, https:\/\/headroomx.de\/wp-content\/uploads\/2024\/02\/IMG_9540-1-300x225.jpeg 300w, https:\/\/headroomx.de\/wp-content\/uploads\/2024\/02\/IMG_9540-1-768x576.jpeg 768w, https:\/\/headroomx.de\/wp-content\/uploads\/2024\/02\/IMG_9540-1-1536x1152.jpeg 1536w, https:\/\/headroomx.de\/wp-content\/uploads\/2024\/02\/IMG_9540-1-2048x1536.jpeg 2048w\" sizes=\"auto, (max-width: 1024px) 100vw, 1024px\" \/><button\n\t\t\tclass=\"lightbox-trigger\"\n\t\t\ttype=\"button\"\n\t\t\taria-haspopup=\"dialog\"\n\t\t\taria-label=\"Vergr\u00f6\u00dfern\"\n\t\t\tdata-wp-init=\"callbacks.initTriggerButton\"\n\t\t\tdata-wp-on--click=\"actions.showLightbox\"\n\t\t\tdata-wp-style--right=\"state.imageButtonRight\"\n\t\t\tdata-wp-style--top=\"state.imageButtonTop\"\n\t\t>\n\t\t\t<svg xmlns=\"http:\/\/www.w3.org\/2000\/svg\" width=\"12\" height=\"12\" fill=\"none\" viewBox=\"0 0 12 12\">\n\t\t\t\t<path fill=\"#fff\" d=\"M2 0a2 2 0 0 0-2 2v2h1.5V2a.5.5 0 0 1 .5-.5h2V0H2Zm2 10.5H2a.5.5 0 0 1-.5-.5V8H0v2a2 2 0 0 0 2 2h2v-1.5ZM8 12v-1.5h2a.5.5 0 0 0 .5-.5V8H12v2a2 2 0 0 1-2 2H8Zm2-12a2 2 0 0 1 2 2v2h-1.5V2a.5.5 0 0 0-.5-.5H8V0h2Z\" \/>\n\t\t\t<\/svg>\n\t\t<\/button><\/figure>\n<\/figure>\n<\/div>\n\n\n\n<div class=\"wp-block-column is-layout-flow wp-block-column-is-layout-flow\" style=\"flex-basis:33.34%\">\n<figure data-wp-context=\"{&quot;imageId&quot;:&quot;69df9885767d6&quot;}\" data-wp-interactive=\"core\/image\" data-wp-key=\"69df9885767d6\" class=\"wp-block-image size-large is-style-rounded wp-lightbox-container\"><img loading=\"lazy\" decoding=\"async\" width=\"1024\" height=\"768\" data-wp-class--hide=\"state.isContentHidden\" data-wp-class--show=\"state.isContentVisible\" data-wp-init=\"callbacks.setButtonStyles\" data-wp-on--click=\"actions.showLightbox\" data-wp-on--load=\"callbacks.setButtonStyles\" data-wp-on-window--resize=\"callbacks.setButtonStyles\" src=\"https:\/\/headroomx.de\/wp-content\/uploads\/2024\/02\/IMG_9542-1-1-1024x768.jpeg\" alt=\"\" class=\"wp-image-2942\" srcset=\"https:\/\/headroomx.de\/wp-content\/uploads\/2024\/02\/IMG_9542-1-1-1024x768.jpeg 1024w, https:\/\/headroomx.de\/wp-content\/uploads\/2024\/02\/IMG_9542-1-1-300x225.jpeg 300w, https:\/\/headroomx.de\/wp-content\/uploads\/2024\/02\/IMG_9542-1-1-768x576.jpeg 768w, https:\/\/headroomx.de\/wp-content\/uploads\/2024\/02\/IMG_9542-1-1-1536x1152.jpeg 1536w, https:\/\/headroomx.de\/wp-content\/uploads\/2024\/02\/IMG_9542-1-1-2048x1536.jpeg 2048w\" sizes=\"auto, (max-width: 1024px) 100vw, 1024px\" \/><button\n\t\t\tclass=\"lightbox-trigger\"\n\t\t\ttype=\"button\"\n\t\t\taria-haspopup=\"dialog\"\n\t\t\taria-label=\"Vergr\u00f6\u00dfern\"\n\t\t\tdata-wp-init=\"callbacks.initTriggerButton\"\n\t\t\tdata-wp-on--click=\"actions.showLightbox\"\n\t\t\tdata-wp-style--right=\"state.imageButtonRight\"\n\t\t\tdata-wp-style--top=\"state.imageButtonTop\"\n\t\t>\n\t\t\t<svg xmlns=\"http:\/\/www.w3.org\/2000\/svg\" width=\"12\" height=\"12\" fill=\"none\" viewBox=\"0 0 12 12\">\n\t\t\t\t<path fill=\"#fff\" d=\"M2 0a2 2 0 0 0-2 2v2h1.5V2a.5.5 0 0 1 .5-.5h2V0H2Zm2 10.5H2a.5.5 0 0 1-.5-.5V8H0v2a2 2 0 0 0 2 2h2v-1.5ZM8 12v-1.5h2a.5.5 0 0 0 .5-.5V8H12v2a2 2 0 0 1-2 2H8Zm2-12a2 2 0 0 1 2 2v2h-1.5V2a.5.5 0 0 0-.5-.5H8V0h2Z\" \/>\n\t\t\t<\/svg>\n\t\t<\/button><\/figure>\n<\/div>\n\n\n\n<div class=\"wp-block-column is-layout-flow wp-block-column-is-layout-flow\" style=\"flex-basis:33.33%\">\n<figure data-wp-context=\"{&quot;imageId&quot;:&quot;69df9885776f2&quot;}\" data-wp-interactive=\"core\/image\" data-wp-key=\"69df9885776f2\" class=\"wp-block-image size-large is-style-rounded wp-lightbox-container\"><img loading=\"lazy\" decoding=\"async\" width=\"1024\" height=\"768\" data-wp-class--hide=\"state.isContentHidden\" data-wp-class--show=\"state.isContentVisible\" data-wp-init=\"callbacks.setButtonStyles\" data-wp-on--click=\"actions.showLightbox\" data-wp-on--load=\"callbacks.setButtonStyles\" data-wp-on-window--resize=\"callbacks.setButtonStyles\" src=\"https:\/\/headroomx.de\/wp-content\/uploads\/2024\/02\/IMG_9544-1-1024x768.jpeg\" alt=\"\" class=\"wp-image-2943\" srcset=\"https:\/\/headroomx.de\/wp-content\/uploads\/2024\/02\/IMG_9544-1-1024x768.jpeg 1024w, https:\/\/headroomx.de\/wp-content\/uploads\/2024\/02\/IMG_9544-1-300x225.jpeg 300w, https:\/\/headroomx.de\/wp-content\/uploads\/2024\/02\/IMG_9544-1-768x576.jpeg 768w, https:\/\/headroomx.de\/wp-content\/uploads\/2024\/02\/IMG_9544-1-1536x1152.jpeg 1536w, https:\/\/headroomx.de\/wp-content\/uploads\/2024\/02\/IMG_9544-1-2048x1536.jpeg 2048w\" sizes=\"auto, (max-width: 1024px) 100vw, 1024px\" \/><button\n\t\t\tclass=\"lightbox-trigger\"\n\t\t\ttype=\"button\"\n\t\t\taria-haspopup=\"dialog\"\n\t\t\taria-label=\"Vergr\u00f6\u00dfern\"\n\t\t\tdata-wp-init=\"callbacks.initTriggerButton\"\n\t\t\tdata-wp-on--click=\"actions.showLightbox\"\n\t\t\tdata-wp-style--right=\"state.imageButtonRight\"\n\t\t\tdata-wp-style--top=\"state.imageButtonTop\"\n\t\t>\n\t\t\t<svg xmlns=\"http:\/\/www.w3.org\/2000\/svg\" width=\"12\" height=\"12\" fill=\"none\" viewBox=\"0 0 12 12\">\n\t\t\t\t<path fill=\"#fff\" d=\"M2 0a2 2 0 0 0-2 2v2h1.5V2a.5.5 0 0 1 .5-.5h2V0H2Zm2 10.5H2a.5.5 0 0 1-.5-.5V8H0v2a2 2 0 0 0 2 2h2v-1.5ZM8 12v-1.5h2a.5.5 0 0 0 .5-.5V8H12v2a2 2 0 0 1-2 2H8Zm2-12a2 2 0 0 1 2 2v2h-1.5V2a.5.5 0 0 0-.5-.5H8V0h2Z\" \/>\n\t\t\t<\/svg>\n\t\t<\/button><\/figure>\n<\/div>\n<\/div>\n\n\n\n<p><strong>So, nun kann es ans montieren gehen&#8230;<\/strong><\/p>\n\n\n\n<p>So, nun ist sie eingebaut.<br>Der Einbau ist eigentlich recht simpel, wenn man handwerkliche Ahnung hat.<br>Fangen wir mal mit den L\u00f6chern an:<br>Die AutoHAK braucht, wie alle Konkurrenten auch, zus\u00e4tzlich gebohrte L\u00f6cher an der Stelle, wo die Originalsto\u00dfstange verschraubt ist. Dort gibt es zwei versteckte Gewinde, die hinter einem Blech liegen. Dort muss man das Blech dar\u00fcber erst aufbohren, um die Gewinde nutzen zu k\u00f6nnen. Dazu gibt es Ma\u00dfe, wo man das findet. Ich habe es von Hand aufgerissen und erst mit einem kleine Bohrer vorgebohrt, um ggf. korrigieren zu k\u00f6nnen. Im Nachhinein w\u00e4re es einfacher gewesen, aus Pappe eine Schablone zu machen. Sei wie es sei, f\u00fcr mich war es recht problemlos, ich verf\u00fcge aber auch \u00fcber ein ausreichendes Werkzeugkontingent.<\/p>\n\n\n\n<figure class=\"wp-block-image size-large\"><img loading=\"lazy\" decoding=\"async\" width=\"1024\" height=\"768\" src=\"https:\/\/headroomx.de\/wp-content\/uploads\/2024\/02\/IMG_9555-1024x768.png\" alt=\"\" class=\"wp-image-2949\" srcset=\"https:\/\/headroomx.de\/wp-content\/uploads\/2024\/02\/IMG_9555-1024x768.png 1024w, https:\/\/headroomx.de\/wp-content\/uploads\/2024\/02\/IMG_9555-300x225.png 300w, https:\/\/headroomx.de\/wp-content\/uploads\/2024\/02\/IMG_9555-768x576.png 768w, https:\/\/headroomx.de\/wp-content\/uploads\/2024\/02\/IMG_9555.png 1200w\" sizes=\"auto, (max-width: 1024px) 100vw, 1024px\" \/><\/figure>\n\n\n\n<p>Dann wird der hintere Quertr\u00e4ger verschraubt und leicht angezogen.<\/p>\n\n\n\n<figure class=\"wp-block-image size-large\"><img loading=\"lazy\" decoding=\"async\" width=\"1024\" height=\"480\" src=\"https:\/\/headroomx.de\/wp-content\/uploads\/2024\/02\/IMG_9570-1024x480.jpeg\" alt=\"\" class=\"wp-image-2950\" srcset=\"https:\/\/headroomx.de\/wp-content\/uploads\/2024\/02\/IMG_9570-1024x480.jpeg 1024w, https:\/\/headroomx.de\/wp-content\/uploads\/2024\/02\/IMG_9570-300x141.jpeg 300w, https:\/\/headroomx.de\/wp-content\/uploads\/2024\/02\/IMG_9570-768x360.jpeg 768w, https:\/\/headroomx.de\/wp-content\/uploads\/2024\/02\/IMG_9570.jpeg 1200w\" sizes=\"auto, (max-width: 1024px) 100vw, 1024px\" \/><\/figure>\n\n\n\n<p>Dann werden die L\u00e4ngstr\u00e4ger eingebaut. Bei dem 636er (L4) werden l\u00e4nger Zugelemente mitgeliefert, die am Karossieriel\u00e4ngsrahmen zweimal an den &#8222;Fenstern&#8220; verschraubt werden und einmal ziemlich weit vorne an einer vorhandenen Bohrung.<br>Zuerst die linke Seite mal lose drangeh\u00e4ngt. Die L\u00f6cher f\u00fcr die Verschraubungen an der Karosserie sind markiert.<\/p>\n\n\n\n<figure class=\"wp-block-image size-large\"><img loading=\"lazy\" decoding=\"async\" width=\"1024\" height=\"768\" src=\"https:\/\/headroomx.de\/wp-content\/uploads\/2024\/02\/IMG_9560-1024x768.jpeg\" alt=\"\" class=\"wp-image-2951\" srcset=\"https:\/\/headroomx.de\/wp-content\/uploads\/2024\/02\/IMG_9560-1024x768.jpeg 1024w, https:\/\/headroomx.de\/wp-content\/uploads\/2024\/02\/IMG_9560-300x225.jpeg 300w, https:\/\/headroomx.de\/wp-content\/uploads\/2024\/02\/IMG_9560-768x576.jpeg 768w, https:\/\/headroomx.de\/wp-content\/uploads\/2024\/02\/IMG_9560.jpeg 1200w\" sizes=\"auto, (max-width: 1024px) 100vw, 1024px\" \/><\/figure>\n\n\n\n<p>Andere Ansicht, schon mit Winkel&#8230;<\/p>\n\n\n\n<figure class=\"wp-block-image size-large\"><img loading=\"lazy\" decoding=\"async\" width=\"768\" height=\"1024\" src=\"https:\/\/headroomx.de\/wp-content\/uploads\/2024\/02\/IMG_9564-768x1024.jpeg\" alt=\"\" class=\"wp-image-2952\" srcset=\"https:\/\/headroomx.de\/wp-content\/uploads\/2024\/02\/IMG_9564-768x1024.jpeg 768w, https:\/\/headroomx.de\/wp-content\/uploads\/2024\/02\/IMG_9564-225x300.jpeg 225w, https:\/\/headroomx.de\/wp-content\/uploads\/2024\/02\/IMG_9564-1152x1536.jpeg 1152w, https:\/\/headroomx.de\/wp-content\/uploads\/2024\/02\/IMG_9564.jpeg 1200w\" sizes=\"auto, (max-width: 768px) 100vw, 768px\" \/><\/figure>\n\n\n\n<figure class=\"wp-block-image size-large is-resized\"><img loading=\"lazy\" decoding=\"async\" width=\"768\" height=\"1024\" src=\"https:\/\/headroomx.de\/wp-content\/uploads\/2024\/02\/IMG_9565-768x1024.jpeg\" alt=\"\" class=\"wp-image-2953\" style=\"width:960px;height:auto\" srcset=\"https:\/\/headroomx.de\/wp-content\/uploads\/2024\/02\/IMG_9565-768x1024.jpeg 768w, https:\/\/headroomx.de\/wp-content\/uploads\/2024\/02\/IMG_9565-225x300.jpeg 225w, https:\/\/headroomx.de\/wp-content\/uploads\/2024\/02\/IMG_9565-1152x1536.jpeg 1152w, https:\/\/headroomx.de\/wp-content\/uploads\/2024\/02\/IMG_9565.jpeg 1200w\" sizes=\"auto, (max-width: 768px) 100vw, 768px\" \/><\/figure>\n\n\n\n<p>Hier die andere Seite. F\u00fcr die Reserveradkurbel wurde Platz gelassen.<\/p>\n\n\n\n<figure class=\"wp-block-image size-large\"><img loading=\"lazy\" decoding=\"async\" width=\"1024\" height=\"768\" src=\"https:\/\/headroomx.de\/wp-content\/uploads\/2024\/02\/IMG_9574-1024x768.jpeg\" alt=\"\" class=\"wp-image-2954\" srcset=\"https:\/\/headroomx.de\/wp-content\/uploads\/2024\/02\/IMG_9574-1024x768.jpeg 1024w, https:\/\/headroomx.de\/wp-content\/uploads\/2024\/02\/IMG_9574-300x225.jpeg 300w, https:\/\/headroomx.de\/wp-content\/uploads\/2024\/02\/IMG_9574-768x576.jpeg 768w, https:\/\/headroomx.de\/wp-content\/uploads\/2024\/02\/IMG_9574.jpeg 1200w\" sizes=\"auto, (max-width: 1024px) 100vw, 1024px\" \/><\/figure>\n\n\n\n<p>Andere Ansicht&#8230;<\/p>\n\n\n\n<figure class=\"wp-block-image size-large\"><img loading=\"lazy\" decoding=\"async\" width=\"1024\" height=\"768\" src=\"https:\/\/headroomx.de\/wp-content\/uploads\/2024\/02\/IMG_9571-1024x768.jpeg\" alt=\"\" class=\"wp-image-2955\" srcset=\"https:\/\/headroomx.de\/wp-content\/uploads\/2024\/02\/IMG_9571-1024x768.jpeg 1024w, https:\/\/headroomx.de\/wp-content\/uploads\/2024\/02\/IMG_9571-300x225.jpeg 300w, https:\/\/headroomx.de\/wp-content\/uploads\/2024\/02\/IMG_9571-768x576.jpeg 768w, https:\/\/headroomx.de\/wp-content\/uploads\/2024\/02\/IMG_9571.jpeg 1200w\" sizes=\"auto, (max-width: 1024px) 100vw, 1024px\" \/><\/figure>\n\n\n\n<p>Ist alles vormontiert werden die Schrauben mit bis zu 117 Nm angezogen, je nach Klasse (8.8 bzw. 10.9) und Durchmesser (M10 bzw. M12). Ein Drehmomentschl\u00fcssel ist Pflicht. Die Qualit\u00e4t der Schrauben ist gut und die Positionen der L\u00f6cher perfekt.<\/p>\n\n\n\n<p>Dann kam die Aufnahme f\u00fcr den Kupplungshaken. Die Aufnahme hat 4 Gewinde, mit denen es an den Kupplungstr\u00e4ger verschraubt wird. Diese 4 Gewinde sind nicht besonders brauchbar:<br>Man hat bei der Produktion erst die Gewinde geschnitten und anschlie\u00dfend die Beschichtung aufgebracht. Also auch in den Gewinden. Es bleibt nichts anderes \u00fcbrig, als diese 4 Gewinde (M12) nachzuschneiden. Dazu baucht man schon Kraft, also einen guten Gewindeschneider, keinen 3in1, sondern den 3er eines 3er-Sets. Damit geht es recht schnell und problemlos, die 4 Gewinde nachzuschneiden. Mit einem 3in1 geht es kaum und es besteht Gefahr, den Gewindebohrer abzureissen. Schneid\u00f6l zu verwenden w\u00e4re auch nicht schlecht.<br><\/p>\n\n\n\n<p>Jedenfalls war das in 10 Minuten erledigt.<\/p>\n\n\n\n<figure class=\"wp-block-image size-large\"><img loading=\"lazy\" decoding=\"async\" width=\"768\" height=\"1024\" src=\"https:\/\/headroomx.de\/wp-content\/uploads\/2024\/02\/IMG_9566-768x1024.jpeg\" alt=\"\" class=\"wp-image-2956\" srcset=\"https:\/\/headroomx.de\/wp-content\/uploads\/2024\/02\/IMG_9566-768x1024.jpeg 768w, https:\/\/headroomx.de\/wp-content\/uploads\/2024\/02\/IMG_9566-225x300.jpeg 225w, https:\/\/headroomx.de\/wp-content\/uploads\/2024\/02\/IMG_9566-1152x1536.jpeg 1152w, https:\/\/headroomx.de\/wp-content\/uploads\/2024\/02\/IMG_9566.jpeg 1200w\" sizes=\"auto, (max-width: 768px) 100vw, 768px\" \/><\/figure>\n\n\n\n<p>Danach lie\u00df sich die Kupplungsaufnahme problemlos verschrauben und mit dem Drehmoment korrekt anziehen. Hier mit eingesteckter Kupplung.<\/p>\n\n\n\n<figure class=\"wp-block-image size-large is-resized\"><img loading=\"lazy\" decoding=\"async\" width=\"1024\" height=\"1021\" src=\"https:\/\/headroomx.de\/wp-content\/uploads\/2024\/02\/IMG_9569-1024x1021.jpeg\" alt=\"\" class=\"wp-image-2957\" style=\"width:960px;height:auto\" srcset=\"https:\/\/headroomx.de\/wp-content\/uploads\/2024\/02\/IMG_9569-1024x1021.jpeg 1024w, https:\/\/headroomx.de\/wp-content\/uploads\/2024\/02\/IMG_9569-300x300.jpeg 300w, https:\/\/headroomx.de\/wp-content\/uploads\/2024\/02\/IMG_9569-150x150.jpeg 150w, https:\/\/headroomx.de\/wp-content\/uploads\/2024\/02\/IMG_9569-768x766.jpeg 768w, https:\/\/headroomx.de\/wp-content\/uploads\/2024\/02\/IMG_9569-510x510.jpeg 510w, https:\/\/headroomx.de\/wp-content\/uploads\/2024\/02\/IMG_9569-250x250.jpeg 250w, https:\/\/headroomx.de\/wp-content\/uploads\/2024\/02\/IMG_9569.jpeg 1200w\" sizes=\"auto, (max-width: 1024px) 100vw, 1024px\" \/><\/figure>\n\n\n\n<p>Dann noch Kunststoffsto\u00dfstange drauf und feddich. Hier im Bild mit abgebauter Kupplung. Es schaut nichts nach hinten vor und der B\u00f6schungswinkel hat nur minimal gelitten.<\/p>\n\n\n\n<figure class=\"wp-block-image size-large\"><img loading=\"lazy\" decoding=\"async\" width=\"1024\" height=\"461\" src=\"https:\/\/headroomx.de\/wp-content\/uploads\/2024\/02\/IMG_9582-1024x461.jpeg\" alt=\"\" class=\"wp-image-2958\" srcset=\"https:\/\/headroomx.de\/wp-content\/uploads\/2024\/02\/IMG_9582-1024x461.jpeg 1024w, https:\/\/headroomx.de\/wp-content\/uploads\/2024\/02\/IMG_9582-300x135.jpeg 300w, https:\/\/headroomx.de\/wp-content\/uploads\/2024\/02\/IMG_9582-768x346.jpeg 768w, https:\/\/headroomx.de\/wp-content\/uploads\/2024\/02\/IMG_9582-1110x500.jpeg 1110w, https:\/\/headroomx.de\/wp-content\/uploads\/2024\/02\/IMG_9582.jpeg 1200w\" sizes=\"auto, (max-width: 1024px) 100vw, 1024px\" \/><\/figure>\n\n\n\n<p><strong>Vielleicht noch ein Hinweis:<\/strong><br>Die ganze Konstruktion ist zwar lackiert, aber erfahrungsgem\u00e4\u00df eher m\u00e4\u00dfig gegen Rost gesch\u00fctzt. So habe ich \u00fcberall, wo keine Montagestellen waren, schon mit Eisenglimmerfarbe gestrichen. Da die Schrauben nach 1000km H\u00e4ngerfahrt nochmals mit Drehmoment nachgezogen\/kontrolliert werden m\u00fcssen, kann ich derzeit die Verbindungsstellen nicht streichen, um die Drehmomentwerte nicht zu verf\u00e4lschen. Wenn alles kontrolliert ist, wird das ganze Konstrukt unten mit Eisenglimmerfarbe gestrichen. Das heisst, irgendwann im Sommer.<\/p>\n\n\n\n<p><br>Da ich im Sinn habe, einen Gastank im Flaschenkasten einbauen zu lassen (oder selbst?), habe ich das Blech unter den Gaskastenl\u00fcftungen nur beiseite gebogen und wieder hingebogen. Wenn dort etwas umgebaut wird, kommt ein eh anderes Blech dran. Abgesehen davon finde ich diese Blechl\u00f6sung generell popelig.<\/p>\n\n\n\n<h2 class=\"wp-block-heading\">Nachtrag:<\/h2>\n\n\n\n<p>Mittlerweile war die H\u00e4ngerkupplung in Betrieb:<\/p>\n\n\n\n<p>Da wir in Berlin drei Einbauk\u00fcchen mit E-Ger\u00e4ten abholen wollten, hatte ich einen Tandem-Planenanh\u00e4nger gemietet, dessen Ladefl\u00e4che eine Gr\u00f6\u00dfe von 4m x 2m x 2m aufweist. Die Hinfahrt von 510km erfolgte leer, die R\u00fcckfahrt mit Ladung. <\/p>\n\n\n\n<p>Anh\u00e4nger + Ladung ca. 2t. (3t d\u00fcrfe mein Maxi ziehen)<\/p>\n\n\n\n<p>Interessant war einerseits der Durchschnittsverbrauch, der insgesamt (hin und zur\u00fcck) bei 13,6 L\/100km lag. Bei einem Schnitt von knapp 80kmh. Interessant war auch die Momentanverbrauchsanzeige, die an Steigungen durchaus mal auf 30,3 L\/100km hochschnellte, bergab dann aber auch oft auf 2 L\/100km sankt. <\/p>\n\n\n\n<p>Kurzum, H\u00e4ngerbetrieb mit einem H\u00e4nger, der etwas h\u00f6her wie das Zugfahrzeug ist, kostet rund 2,5 L\/100km Mehrverbrauch. <\/p>\n\n\n\n<figure class=\"wp-block-image size-large is-style-default wp-duotone-unset-2\"><img loading=\"lazy\" decoding=\"async\" width=\"1024\" height=\"768\" src=\"https:\/\/headroomx.de\/wp-content\/uploads\/2024\/02\/IMG_9653a-1-1024x768.jpeg\" alt=\"\" class=\"wp-image-2966\" srcset=\"https:\/\/headroomx.de\/wp-content\/uploads\/2024\/02\/IMG_9653a-1-1024x768.jpeg 1024w, https:\/\/headroomx.de\/wp-content\/uploads\/2024\/02\/IMG_9653a-1-300x225.jpeg 300w, https:\/\/headroomx.de\/wp-content\/uploads\/2024\/02\/IMG_9653a-1-768x576.jpeg 768w, https:\/\/headroomx.de\/wp-content\/uploads\/2024\/02\/IMG_9653a-1.jpeg 1200w\" sizes=\"auto, (max-width: 1024px) 100vw, 1024px\" \/><\/figure>\n\n\n\n<p>Die Fahrt war komplett entspannt, keine Pendelneigung, keine Schw\u00e4chen und trotz den gro\u00dfen hinteren \u00dcberhangs keine Einfl\u00fcsse auf die Lenkung. <\/p>\n\n\n\n<p>Bei n\u00e4chster Gelegenheit kann ich nun die Schrauben nochmals kontrollieren und den Rest streichen. <\/p>\n\n\n\n<p><\/p>\n","protected":false},"excerpt":{"rendered":"<p>Grunds\u00e4tzliches und Technisches Westfalia (D) mit senkrechtem Ziehkeilmechanismus (D=16,9 kN), Brink (D) mit schr\u00e4gem Schnappmechanismus (D=16,83 kN), Steinhof (PL) mit waagrechtem Schnappmechanismus (D=16,2 kN), AutoHAK (PL) mit waagrechtem Exzentermechanismus (D=16,13 kN) oder Umbra Rimorchi (I) mit verriegeltem Bajonettmechanismus. Eine feststehende Kupplung kam nicht in Frage. Nun, ich hatte ja einen Elektrosatz mit Dose eh schon [&hellip;]<\/p>\n","protected":false},"author":1,"featured_media":0,"parent":0,"menu_order":0,"comment_status":"closed","ping_status":"closed","template":"","meta":{"footnotes":""},"class_list":["post-2933","page","type-page","status-publish","czr-hentry"],"_links":{"self":[{"href":"https:\/\/headroomx.de\/index.php?rest_route=\/wp\/v2\/pages\/2933","targetHints":{"allow":["GET"]}}],"collection":[{"href":"https:\/\/headroomx.de\/index.php?rest_route=\/wp\/v2\/pages"}],"about":[{"href":"https:\/\/headroomx.de\/index.php?rest_route=\/wp\/v2\/types\/page"}],"author":[{"embeddable":true,"href":"https:\/\/headroomx.de\/index.php?rest_route=\/wp\/v2\/users\/1"}],"replies":[{"embeddable":true,"href":"https:\/\/headroomx.de\/index.php?rest_route=%2Fwp%2Fv2%2Fcomments&post=2933"}],"version-history":[{"count":17,"href":"https:\/\/headroomx.de\/index.php?rest_route=\/wp\/v2\/pages\/2933\/revisions"}],"predecessor-version":[{"id":2980,"href":"https:\/\/headroomx.de\/index.php?rest_route=\/wp\/v2\/pages\/2933\/revisions\/2980"}],"wp:attachment":[{"href":"https:\/\/headroomx.de\/index.php?rest_route=%2Fwp%2Fv2%2Fmedia&parent=2933"}],"curies":[{"name":"wp","href":"https:\/\/api.w.org\/{rel}","templated":true}]}}