{"id":2991,"date":"2024-03-12T07:45:22","date_gmt":"2024-03-12T07:45:22","guid":{"rendered":"https:\/\/headroomx.de\/?page_id=2991"},"modified":"2024-03-21T16:20:59","modified_gmt":"2024-03-21T16:20:59","slug":"lederlenkrad-nachruesten","status":"publish","type":"page","link":"https:\/\/headroomx.de\/?page_id=2991","title":{"rendered":"Lederlenkrad nachr\u00fcsten"},"content":{"rendered":"\n<h2 class=\"wp-block-heading\">Problem<\/h2>\n\n\n\n<p>Das serienm\u00e4\u00dfig Lenkrad beim Ducato (bei unserem noch ohne den ganzen Schalter-Pille-Palle) hat eigentlich eine brauchbare Form und der Reifen zum Greifen ist auch einigerma\u00dfen ausreichend dick im Durchmesser. Allerdings st\u00f6rte mich zum Einen die Plastik-Haptik, zum Anderen d\u00fcrfte der Reifen noch etwas dicker sein. <\/p>\n\n\n\n<h2 class=\"wp-block-heading\">L\u00f6sungsm\u00f6glichkeiten<\/h2>\n\n\n\n<p>Nun habe ich nat\u00fcrlich in Foren gelesen und fand heraus, dass es Firmen gibt, denen man das Lenkrad zuschicken kann und sie gegen einen (nicht gerade geringen) Obolus das Lenkrad mit Leder \u00fcberziehen und gegen Aufpreis sogar die Geometrie \u00e4ndern zum Beispiel in eine D-Form (unten abgeflacht) oder mit Daumenauflagen etc. <\/p>\n\n\n\n<p>Der Ablauf ist einfach: Man bekommt ein Leihlenkrad und tauscht sein Lenkrad mit diesem aus. Dann schickt man sein Lenkrad dort hin und bekommt es nach einige tagen fertig zur\u00fcck, tauscht wieder aus und sendet das Leihlenkrad zur\u00fcck. <\/p>\n\n\n\n<p>Alternativ macht man dort einen Termin, f\u00e4hrt hin und die Firma tauscht das eigene Lenkrad gegen einanderes, das wie gew\u00fcnscht ausgestattet ist. <\/p>\n\n\n\n<p>Mein Problem war, dass ich zum Einen nicht an meinem Lenkrad selbst rumfummeln m\u00f6chte:  Aus dem einfachen Grund, weil dort ein pyrotechnischer Treibsatz (Airbag) verbaut ist. Ich war zwar mal Feuerwerker beim Bund, aber genau deswegen, weil ich dieses Wissen habe, fasse ich pyrotechnische Treibs\u00e4tze nicht an. (Ja&#8230; lacht nur&#8230;)<\/p>\n\n\n\n<p>Zum Anderen war mir die Strecke zu weit und der Aufwand zu gro\u00df, durch die halbe Republik zu gondeln f\u00fcr ein Lenkrad! Ich bin kein Rentner, meine Zeit ist nicht so \u00fcppig vorhanden, als dass ich sie mit &#8222;Kurierfahrten&#8220; verbl\u00f6deln m\u00f6chte. <\/p>\n\n\n\n<p>Zum Dritten ist mir der Preis eigentlich zu hoch (200 bis 350 Euronen, <a href=\"http:\/\/leder-lenkrad.de\" data-type=\"link\" data-id=\"leder-lenkrad.de\">leder-lenkrad.de<\/a>). Nicht f\u00fcr das Lenkrad, da ist er gerechtfertigt, aber f\u00fcr meinem Bedarf, sprich einfach die Haptik ver\u00e4ndern, keine Abflachungen, keine 7-farbigen Hundertwasser-Versionen o.\u00e4. Sonderw\u00fcnsche.<\/p>\n\n\n\n<p>Also habe ich mir die angesehen, was es auf dem Markt an Nachr\u00fcstl\u00f6sungen gibt, die nicht aus Plastik sind und auch nicht wie &#8222;Arsch-Friederich&#8220; einfach \u00fcbers Lenkrad gest\u00fclpt werden. Der Markt ist voll von Kram, der nur auf Bildern gut aussieht. Nachr\u00fcstl\u00f6sungen enthalten generell nicht Leder f\u00fcr die Speichen, die werden bei Nachr\u00fcsts\u00e4tzen nicht ber\u00fccksichtigt. Mit viel Gl\u00fcck bekommt man eine Lederhaut, die inklusive Speichen zugeschnitten ist, da ist aber beim Vern\u00e4hen Expertise notwendig. Au\u00dferdem sind dort die L\u00f6cher nicht vorgestochen, man braucht also dann Sattlerwerkzeug.<\/p>\n\n\n\n<h2 class=\"wp-block-heading\">Meine L\u00f6sung<\/h2>\n\n\n\n<p>Nach langem Suchen fand ich eine Rindsleder-Lenkradh\u00fclle zum Aufn\u00e4hen f\u00fcr Lenkr\u00e4der von 37-39cm Durchmesser. Sie ist aus einem St\u00fcck gefertigt und hat nur eine Naht, die nach unten kommt. <\/p>\n\n\n\n<p>Es gibt nat\u00fcrlich auch welche mit roten, blauen, sonstwas Streifen, mit Verdickungen f\u00fcr die Daumen etc. etc. Bei diesen ist das Problem, dass sie aus mehreren Lederst\u00fccken zusammengesetzt sind, also im Griffbereich auch au\u00dfen N\u00e4hte haben (was evtl. unangenehm werden k\u00f6nnte). <\/p>\n\n\n\n<p>Ein anderer Aspekt ist, dass man die H\u00fclle selbst aufn\u00e4hen muss. Macht man dann nicht alles richtig und perfekt wie ein Sattler, dann sieht hinterher der rote, blaue, sonstwas Streifen aus, wie die Spur in Schnee, die ein Bauer macht, wenn er besoffen heimgeht. <\/p>\n\n\n\n<p>Es wurden zwei F\u00e4den mitgeliefert, zwei Nadeln und ein spartanischer Fingerschutz. <\/p>\n\n\n\n<figure class=\"wp-block-image size-full\"><img loading=\"lazy\" decoding=\"async\" width=\"654\" height=\"674\" src=\"https:\/\/headroomx.de\/wp-content\/uploads\/2024\/03\/Lenkradhuelle.png\" alt=\"\" class=\"wp-image-2992\" srcset=\"https:\/\/headroomx.de\/wp-content\/uploads\/2024\/03\/Lenkradhuelle.png 654w, https:\/\/headroomx.de\/wp-content\/uploads\/2024\/03\/Lenkradhuelle-291x300.png 291w\" sizes=\"auto, (max-width: 654px) 100vw, 654px\" \/><\/figure>\n\n\n\n<h2 class=\"wp-block-heading\">Anbringung\/Vern\u00e4hen<\/h2>\n\n\n\n<p>Also habe ich die H\u00fclle bei meinen Lenkrad dr\u00fcber gezogen (macht braucht dazu Kraft), so da\u00df die eine Naht unten zu liegen kommt. Dann nimmt man einen Faden (der zweite ist eigentlich nur Ersatz) und macht an beiden Enden die Nadeln dran. Dann beginnt man unten und arbeitet sich mit beiden Nadeln im Stich immer wieder \u00fcberkreuzend an einer Seite hoch. <\/p>\n\n\n\n<p>Wichtig: <strong>Jedes<\/strong> mal, wenn die beiden F\u00e4den gestochen wurden, wird kr\u00e4ftig angezogen. Ja richtig kr\u00e4ftig! Noch fester&#8230; nur Mut, es reisst nicht aus! <\/p>\n\n\n\n<p>Macht man das nicht, wird hinterher das ganze nicht fest, denn nachziehen ist nicht. Und immer gegen\u00fcberliegend arbeiten, nicht mit einem Faden vorarbeiten. Das wird sonst nichts. <\/p>\n\n\n\n<p>An den Speichen sticht man den einen Faden oben, den anderen unter mit Leerstichen durch. Dabei z\u00e4hlt man die Stiche, sie m\u00fcssen oben und unten in gleicher Anzahl gemacht werden, damit es sich nach der Speiche nicht verzieht.<\/p>\n\n\n\n<p>Ist man ganz rum, n\u00e4ht man unten ein St\u00fcck doppelt weiter und verknotet das Ganze dann. Die Enden verflechtet man mit der Nacht und schneidet die \u00fcberstehenden F\u00e4den ab. <\/p>\n\n\n\n<p>Und ja, bei einem gekauften Lederlenkrad sind die Speichen auch \u00fcberzogen. F\u00fcr mich spielt das keine Rolle, das was ich erreichen wollte, habe ich erreicht und das f\u00fcr weniger als 1\/10 des Preises + 1 Stunde schinden (die armen Finger)<\/p>\n\n\n\n<p>Btw.: Den &#8222;Fingerhut&#8220; braucht man nicht. Das Anstrengende ist nicht das n\u00e4hen, sondern das immer wieder zu wiederholende Festziehen.<\/p>\n\n\n\n<h2 class=\"wp-block-heading\">Ergebnis<\/h2>\n\n\n\n<figure class=\"wp-block-image size-large\"><img loading=\"lazy\" decoding=\"async\" width=\"1024\" height=\"768\" src=\"https:\/\/headroomx.de\/wp-content\/uploads\/2024\/03\/IMG_9683-1024x768.jpeg\" alt=\"\" class=\"wp-image-2993\" srcset=\"https:\/\/headroomx.de\/wp-content\/uploads\/2024\/03\/IMG_9683-1024x768.jpeg 1024w, https:\/\/headroomx.de\/wp-content\/uploads\/2024\/03\/IMG_9683-300x225.jpeg 300w, https:\/\/headroomx.de\/wp-content\/uploads\/2024\/03\/IMG_9683-768x576.jpeg 768w, https:\/\/headroomx.de\/wp-content\/uploads\/2024\/03\/IMG_9683-1536x1152.jpeg 1536w, https:\/\/headroomx.de\/wp-content\/uploads\/2024\/03\/IMG_9683.jpeg 1600w\" sizes=\"auto, (max-width: 1024px) 100vw, 1024px\" \/><figcaption class=\"wp-element-caption\">Hier kann man die Naht recht gut sehen. Wichtig ist, nach jedem Kreuzstich beide F\u00e4den fest zu ziehen, sonst wird es hinterher nicht richtig fest. <\/figcaption><\/figure>\n\n\n\n<figure class=\"wp-block-image size-large\"><img loading=\"lazy\" decoding=\"async\" width=\"1024\" height=\"768\" src=\"https:\/\/headroomx.de\/wp-content\/uploads\/2024\/03\/IMG_9682-1024x768.jpeg\" alt=\"\" class=\"wp-image-2994\" srcset=\"https:\/\/headroomx.de\/wp-content\/uploads\/2024\/03\/IMG_9682-1024x768.jpeg 1024w, https:\/\/headroomx.de\/wp-content\/uploads\/2024\/03\/IMG_9682-300x225.jpeg 300w, https:\/\/headroomx.de\/wp-content\/uploads\/2024\/03\/IMG_9682-768x576.jpeg 768w, https:\/\/headroomx.de\/wp-content\/uploads\/2024\/03\/IMG_9682-1536x1152.jpeg 1536w, https:\/\/headroomx.de\/wp-content\/uploads\/2024\/03\/IMG_9682.jpeg 1600w\" sizes=\"auto, (max-width: 1024px) 100vw, 1024px\" \/><figcaption class=\"wp-element-caption\">Das Lenkrad ist jetzt angenehmer zu greifen und f\u00fcr meine Zwecke reicht es aus. <\/figcaption><\/figure>\n\n\n\n<p>An dieser Stelle ein Dankesch\u00f6n an meine Frau, die mir mit ihrem Fachwissen (sie ist gelernter Autosattler) zur Seite stand. <\/p>\n","protected":false},"excerpt":{"rendered":"<p>Problem Das serienm\u00e4\u00dfig Lenkrad beim Ducato (bei unserem noch ohne den ganzen Schalter-Pille-Palle) hat eigentlich eine brauchbare Form und der Reifen zum Greifen ist auch einigerma\u00dfen ausreichend dick im Durchmesser. Allerdings st\u00f6rte mich zum Einen die Plastik-Haptik, zum Anderen d\u00fcrfte der Reifen noch etwas dicker sein. L\u00f6sungsm\u00f6glichkeiten Nun habe ich nat\u00fcrlich in Foren gelesen und [&hellip;]<\/p>\n","protected":false},"author":1,"featured_media":0,"parent":0,"menu_order":0,"comment_status":"closed","ping_status":"closed","template":"","meta":{"footnotes":""},"class_list":["post-2991","page","type-page","status-publish","czr-hentry"],"_links":{"self":[{"href":"https:\/\/headroomx.de\/index.php?rest_route=\/wp\/v2\/pages\/2991","targetHints":{"allow":["GET"]}}],"collection":[{"href":"https:\/\/headroomx.de\/index.php?rest_route=\/wp\/v2\/pages"}],"about":[{"href":"https:\/\/headroomx.de\/index.php?rest_route=\/wp\/v2\/types\/page"}],"author":[{"embeddable":true,"href":"https:\/\/headroomx.de\/index.php?rest_route=\/wp\/v2\/users\/1"}],"replies":[{"embeddable":true,"href":"https:\/\/headroomx.de\/index.php?rest_route=%2Fwp%2Fv2%2Fcomments&post=2991"}],"version-history":[{"count":12,"href":"https:\/\/headroomx.de\/index.php?rest_route=\/wp\/v2\/pages\/2991\/revisions"}],"predecessor-version":[{"id":3053,"href":"https:\/\/headroomx.de\/index.php?rest_route=\/wp\/v2\/pages\/2991\/revisions\/3053"}],"wp:attachment":[{"href":"https:\/\/headroomx.de\/index.php?rest_route=%2Fwp%2Fv2%2Fmedia&parent=2991"}],"curies":[{"name":"wp","href":"https:\/\/api.w.org\/{rel}","templated":true}]}}