{"id":3019,"date":"2024-03-12T11:35:51","date_gmt":"2024-03-12T11:35:51","guid":{"rendered":"https:\/\/headroomx.de\/?page_id=3019"},"modified":"2024-03-12T11:52:51","modified_gmt":"2024-03-12T11:52:51","slug":"reisen","status":"publish","type":"page","link":"https:\/\/headroomx.de\/?page_id=3019","title":{"rendered":"Reisen"},"content":{"rendered":"\n<p>Neben unseren &#8222;normalen&#8220; Reisen haben wir jedoch so manche Reise gemacht, die vielleicht doch von Interesse sein k\u00f6nnte. Da wir einerseits mit dem Rad einige gro\u00dfe Reisen gemacht haben, andererseits nun mit dem Wohnmobil unterwegs sind, m\u00f6chte ich hier einige ausgew\u00e4hlte reisen vorstellen. <\/p>\n\n\n\n<p> <a href=\"https:\/\/headroomx.de\/?page_id=49\" data-type=\"page\" data-id=\"49\">Radreisen<\/a><\/p>\n\n\n\n<p> <a href=\"https:\/\/headroomx.de\/?page_id=3022\" data-type=\"page\" data-id=\"3022\">Wohnmobilreisen<\/a><\/p>\n\n\n\n<figure class=\"wp-block-image size-full\"><img loading=\"lazy\" decoding=\"async\" width=\"702\" height=\"524\" src=\"https:\/\/headroomx.de\/wp-content\/uploads\/2022\/05\/07_02_Fotor.jpg\" alt=\"\" class=\"wp-image-2026\" srcset=\"https:\/\/headroomx.de\/wp-content\/uploads\/2022\/05\/07_02_Fotor.jpg 702w, https:\/\/headroomx.de\/wp-content\/uploads\/2022\/05\/07_02_Fotor-300x224.jpg 300w\" sizes=\"auto, (max-width: 702px) 100vw, 702px\" \/><\/figure>\n","protected":false},"excerpt":{"rendered":"<p>Neben unseren &#8222;normalen&#8220; Reisen haben wir jedoch so manche Reise gemacht, die vielleicht doch von Interesse sein k\u00f6nnte. Da wir einerseits mit dem Rad einige gro\u00dfe Reisen gemacht haben, andererseits nun mit dem Wohnmobil unterwegs sind, m\u00f6chte ich hier einige ausgew\u00e4hlte reisen vorstellen. Radreisen Wohnmobilreisen<\/p>\n","protected":false},"author":1,"featured_media":0,"parent":0,"menu_order":0,"comment_status":"closed","ping_status":"closed","template":"","meta":{"footnotes":""},"class_list":["post-3019","page","type-page","status-publish","czr-hentry"],"_links":{"self":[{"href":"https:\/\/headroomx.de\/index.php?rest_route=\/wp\/v2\/pages\/3019","targetHints":{"allow":["GET"]}}],"collection":[{"href":"https:\/\/headroomx.de\/index.php?rest_route=\/wp\/v2\/pages"}],"about":[{"href":"https:\/\/headroomx.de\/index.php?rest_route=\/wp\/v2\/types\/page"}],"author":[{"embeddable":true,"href":"https:\/\/headroomx.de\/index.php?rest_route=\/wp\/v2\/users\/1"}],"replies":[{"embeddable":true,"href":"https:\/\/headroomx.de\/index.php?rest_route=%2Fwp%2Fv2%2Fcomments&post=3019"}],"version-history":[{"count":4,"href":"https:\/\/headroomx.de\/index.php?rest_route=\/wp\/v2\/pages\/3019\/revisions"}],"predecessor-version":[{"id":3037,"href":"https:\/\/headroomx.de\/index.php?rest_route=\/wp\/v2\/pages\/3019\/revisions\/3037"}],"wp:attachment":[{"href":"https:\/\/headroomx.de\/index.php?rest_route=%2Fwp%2Fv2%2Fmedia&parent=3019"}],"curies":[{"name":"wp","href":"https:\/\/api.w.org\/{rel}","templated":true}]}}