{"id":3104,"date":"2024-04-02T20:21:38","date_gmt":"2024-04-02T20:21:38","guid":{"rendered":"https:\/\/headroomx.de\/?page_id=3104"},"modified":"2024-08-18T15:12:31","modified_gmt":"2024-08-18T15:12:31","slug":"regal-statt-tv","status":"publish","type":"page","link":"https:\/\/headroomx.de\/?page_id=3104","title":{"rendered":"Regal statt TV"},"content":{"rendered":"\n<p>Jeder macht ja im Urlaub, was ihm spa\u00df macht. Das machen wir auch. Fernsehen geh\u00f6rt eindeutig nicht dazu. Als wir unseren P\u00f6ssl kauften, war die automatische Sat-Sch\u00fcssel, Receiver und TV-ger\u00e4t nebst superduper-Schwenkhalter schon eingebaut. <\/p>\n\n\n\n<p>Bisher habe ich den Fernseher 2 x mal benutzt&#8230; zur Kontrolle, ob er noch geht. Kurzum, 7kg Sat-Sch\u00fcssel, die selbst eingefahren wie ein Segel im Wind h\u00e4ngt, den Verbrauch erh\u00f6ht und die Nutzlast verringert und 3 kg Receiver, TV mit Halter sind sinnlose 10kg Zuladung. Ausserdem ist die Glotzkiste immer irgendwie im Weg. Daf\u00fcr, dass sie keiner braucht, verdammt l\u00e4stig.<\/p>\n\n\n\n<figure class=\"wp-block-image size-large\"><img loading=\"lazy\" decoding=\"async\" width=\"768\" height=\"1024\" src=\"https:\/\/headroomx.de\/wp-content\/uploads\/2024\/04\/05-768x1024.jpeg\" alt=\"\" class=\"wp-image-3105\" srcset=\"https:\/\/headroomx.de\/wp-content\/uploads\/2024\/04\/05-768x1024.jpeg 768w, https:\/\/headroomx.de\/wp-content\/uploads\/2024\/04\/05-225x300.jpeg 225w, https:\/\/headroomx.de\/wp-content\/uploads\/2024\/04\/05.jpeg 960w\" sizes=\"auto, (max-width: 768px) 100vw, 768px\" \/><figcaption class=\"wp-element-caption\">Gut, das Bett ist mittlerweile anders, aber der TV links im Bild ist einfach zu l\u00e4stig, daf\u00fcr dass ihn keiner braucht.<\/figcaption><\/figure>\n\n\n\n<p>Also wurde kurzerhand die Sch\u00fcssel demontiert, der Fernseher entfernt und der Receiver aus dem Schrank demontiert. Werde den Klimbim wohl demn\u00e4chst verkaufen, falls es jemand will. <\/p>\n\n\n\n<p>Nun ist es aber so, dass man an der Stelle durchaus was sinnvolles machen k\u00f6nnte. Wir entschieden uns f\u00fcr ein Regal und einen Wassersprudler.<\/p>\n\n\n\n<p>Also wurde gesucht und bei einem Onlineversender etwas passendes gefunden. Also bestellt und wenige Tage sp\u00e4ter war es da. Leider hatte das gelieferte Zeugs nichts mit dem zu tun, was im Onlineshop abgebildet war. Also geht der Kram zur\u00fcck. Problem war nur, dass wir immer noch nichts passendes hatten.<\/p>\n\n\n\n<p>Also kam eine Einrichtungswunderwaffe zum Einsatz: IKEA. Also los zu IKEA und die Abteilungen durchforstet. Und sieh da, wir wurden f\u00fcndig in dem Lochplattensystem &#8222;Skadis&#8220;, das es in wei\u00df und schwarz gibt. <\/p>\n\n\n\n<p>Also wurde montiert&#8230;<\/p>\n\n\n\n<figure class=\"wp-block-image size-large\"><img loading=\"lazy\" decoding=\"async\" width=\"693\" height=\"1024\" src=\"https:\/\/headroomx.de\/wp-content\/uploads\/2024\/04\/IMG_9749-693x1024.jpeg\" alt=\"\" class=\"wp-image-3106\" srcset=\"https:\/\/headroomx.de\/wp-content\/uploads\/2024\/04\/IMG_9749-693x1024.jpeg 693w, https:\/\/headroomx.de\/wp-content\/uploads\/2024\/04\/IMG_9749-203x300.jpeg 203w, https:\/\/headroomx.de\/wp-content\/uploads\/2024\/04\/IMG_9749-768x1134.jpeg 768w, https:\/\/headroomx.de\/wp-content\/uploads\/2024\/04\/IMG_9749-1040x1536.jpeg 1040w, https:\/\/headroomx.de\/wp-content\/uploads\/2024\/04\/IMG_9749-1387x2048.jpeg 1387w, https:\/\/headroomx.de\/wp-content\/uploads\/2024\/04\/IMG_9749-scaled.jpeg 1734w\" sizes=\"auto, (max-width: 693px) 100vw, 693px\" \/><figcaption class=\"wp-element-caption\">Unten die zwei schwarzen &#8222;Gnubbel&#8220; sind auf der Arbeitsplatte aufgeklebt und die Lochplatte ist eingeschoben. Die Gnubbel habe ich separat besorgt, die gibt es nicht bei IKEA.<\/figcaption><\/figure>\n\n\n\n<p>Fertig montiert sieht das dann so aus. Momentan h\u00e4ngen alle F\u00e4cher mehr oder weniger unsortiert dran. Es wird sich mit der Zeit rausstellen, wie sie am besten angeordnet werden.<\/p>\n\n\n\n<figure class=\"wp-block-image size-large\"><img loading=\"lazy\" decoding=\"async\" width=\"768\" height=\"1024\" src=\"https:\/\/headroomx.de\/wp-content\/uploads\/2024\/04\/IMG_9759-768x1024.jpeg\" alt=\"\" class=\"wp-image-3107\" srcset=\"https:\/\/headroomx.de\/wp-content\/uploads\/2024\/04\/IMG_9759-768x1024.jpeg 768w, https:\/\/headroomx.de\/wp-content\/uploads\/2024\/04\/IMG_9759-225x300.jpeg 225w, https:\/\/headroomx.de\/wp-content\/uploads\/2024\/04\/IMG_9759-1152x1536.jpeg 1152w, https:\/\/headroomx.de\/wp-content\/uploads\/2024\/04\/IMG_9759.jpeg 1200w\" sizes=\"auto, (max-width: 768px) 100vw, 768px\" \/><\/figure>\n\n\n\n<p>Die drei Kunststoffbeh\u00e4lter sind eingeschoben. Sie w\u00fcrden bei der Fahrt rausfallen. Also habe ich auf der R\u00fcckseite der Beh\u00e4lter Magnete aufgeklebt, die die Sch\u00fcbe festhalten. <\/p>\n\n\n\n<figure class=\"wp-block-gallery has-nested-images columns-2 is-cropped wp-block-gallery-1 is-layout-flex wp-block-gallery-is-layout-flex\">\n<figure class=\"wp-block-image size-large is-style-rounded\"><img loading=\"lazy\" decoding=\"async\" width=\"768\" height=\"1024\" data-id=\"3111\" src=\"https:\/\/headroomx.de\/wp-content\/uploads\/2024\/04\/IMG_9753-768x1024.jpeg\" alt=\"\" class=\"wp-image-3111\" srcset=\"https:\/\/headroomx.de\/wp-content\/uploads\/2024\/04\/IMG_9753-768x1024.jpeg 768w, https:\/\/headroomx.de\/wp-content\/uploads\/2024\/04\/IMG_9753-225x300.jpeg 225w, https:\/\/headroomx.de\/wp-content\/uploads\/2024\/04\/IMG_9753.jpeg 800w\" sizes=\"auto, (max-width: 768px) 100vw, 768px\" \/><figcaption class=\"wp-element-caption\">Originalzustand<\/figcaption><\/figure>\n\n\n\n<figure class=\"wp-block-image size-large is-style-rounded\"><img loading=\"lazy\" decoding=\"async\" width=\"768\" height=\"1024\" data-id=\"3110\" src=\"https:\/\/headroomx.de\/wp-content\/uploads\/2024\/04\/IMG_9754-768x1024.jpeg\" alt=\"\" class=\"wp-image-3110\" srcset=\"https:\/\/headroomx.de\/wp-content\/uploads\/2024\/04\/IMG_9754-768x1024.jpeg 768w, https:\/\/headroomx.de\/wp-content\/uploads\/2024\/04\/IMG_9754-225x300.jpeg 225w, https:\/\/headroomx.de\/wp-content\/uploads\/2024\/04\/IMG_9754.jpeg 800w\" sizes=\"auto, (max-width: 768px) 100vw, 768px\" \/><figcaption class=\"wp-element-caption\">Lade<\/figcaption><\/figure>\n\n\n\n<figure class=\"wp-block-image size-large is-style-rounded\"><img loading=\"lazy\" decoding=\"async\" width=\"768\" height=\"1024\" data-id=\"3108\" src=\"https:\/\/headroomx.de\/wp-content\/uploads\/2024\/04\/IMG_9755-768x1024.jpeg\" alt=\"\" class=\"wp-image-3108\" srcset=\"https:\/\/headroomx.de\/wp-content\/uploads\/2024\/04\/IMG_9755-768x1024.jpeg 768w, https:\/\/headroomx.de\/wp-content\/uploads\/2024\/04\/IMG_9755-225x300.jpeg 225w, https:\/\/headroomx.de\/wp-content\/uploads\/2024\/04\/IMG_9755.jpeg 800w\" sizes=\"auto, (max-width: 768px) 100vw, 768px\" \/><figcaption class=\"wp-element-caption\">Mit aufgeklebten Magnet<\/figcaption><\/figure>\n\n\n\n<figure class=\"wp-block-image size-large is-style-rounded\"><img loading=\"lazy\" decoding=\"async\" width=\"768\" height=\"1024\" data-id=\"3109\" src=\"https:\/\/headroomx.de\/wp-content\/uploads\/2024\/04\/IMG_9756-768x1024.jpeg\" alt=\"\" class=\"wp-image-3109\" srcset=\"https:\/\/headroomx.de\/wp-content\/uploads\/2024\/04\/IMG_9756-768x1024.jpeg 768w, https:\/\/headroomx.de\/wp-content\/uploads\/2024\/04\/IMG_9756-225x300.jpeg 225w, https:\/\/headroomx.de\/wp-content\/uploads\/2024\/04\/IMG_9756.jpeg 800w\" sizes=\"auto, (max-width: 768px) 100vw, 768px\" \/><figcaption class=\"wp-element-caption\">Magnet h\u00e4lt die Lade in Position<\/figcaption><\/figure>\n<\/figure>\n\n\n\n<p>Es ist sicher aufgefallen, dass links neben der Lochplatte noch Platz ist. Dort kommt ein Getr\u00e4nkesprudler hin.<\/p>\n\n\n\n<p>Nun ist auch der Getr\u00e4nkesprudler dran. Er ist mit einem passenden Rahmen oben und unten befestigt und kann so benutzt werden. Zum Reinigen oder zum Tausch des Gaszylinders, kann man oben den Rahmen hochklappen und den Sprudler komplett entnehmen. <\/p>\n\n\n\n<figure class=\"wp-block-image size-large\"><img loading=\"lazy\" decoding=\"async\" width=\"768\" height=\"1024\" src=\"https:\/\/headroomx.de\/wp-content\/uploads\/2024\/04\/IMG_9778-768x1024.jpeg\" alt=\"\" class=\"wp-image-3124\" srcset=\"https:\/\/headroomx.de\/wp-content\/uploads\/2024\/04\/IMG_9778-768x1024.jpeg 768w, https:\/\/headroomx.de\/wp-content\/uploads\/2024\/04\/IMG_9778-225x300.jpeg 225w, https:\/\/headroomx.de\/wp-content\/uploads\/2024\/04\/IMG_9778-1152x1536.jpeg 1152w, https:\/\/headroomx.de\/wp-content\/uploads\/2024\/04\/IMG_9778.jpeg 1200w\" sizes=\"auto, (max-width: 768px) 100vw, 768px\" \/><figcaption class=\"wp-element-caption\">Den unteren Rahmen kann man hochklappen und den oberen dar\u00fcber klappen, dann h\u00e4lt der obere den unteren in Position und die Arbeitsfl\u00e4che ist voll nutzbar oder man kann sie problemlos reinigen.<\/figcaption><\/figure>\n\n\n\n<figure class=\"wp-block-image size-large\"><img loading=\"lazy\" decoding=\"async\" width=\"768\" height=\"1024\" src=\"https:\/\/headroomx.de\/wp-content\/uploads\/2024\/04\/IMG_9779-768x1024.jpeg\" alt=\"\" class=\"wp-image-3125\" srcset=\"https:\/\/headroomx.de\/wp-content\/uploads\/2024\/04\/IMG_9779-768x1024.jpeg 768w, https:\/\/headroomx.de\/wp-content\/uploads\/2024\/04\/IMG_9779-225x300.jpeg 225w, https:\/\/headroomx.de\/wp-content\/uploads\/2024\/04\/IMG_9779-1152x1536.jpeg 1152w, https:\/\/headroomx.de\/wp-content\/uploads\/2024\/04\/IMG_9779.jpeg 1200w\" sizes=\"auto, (max-width: 768px) 100vw, 768px\" \/><figcaption class=\"wp-element-caption\">Der Sprudler ist eingesetzt und fixiert. Er kann w\u00e4hrend der Fahrt dort bleiben und jederzeit benutzt werden. <\/figcaption><\/figure>\n\n\n\n<figure class=\"wp-block-image size-large\"><img loading=\"lazy\" decoding=\"async\" width=\"768\" height=\"1024\" src=\"https:\/\/headroomx.de\/wp-content\/uploads\/2024\/04\/IMG_9791-768x1024.jpeg\" alt=\"\" class=\"wp-image-3126\" srcset=\"https:\/\/headroomx.de\/wp-content\/uploads\/2024\/04\/IMG_9791-768x1024.jpeg 768w, https:\/\/headroomx.de\/wp-content\/uploads\/2024\/04\/IMG_9791-225x300.jpeg 225w, https:\/\/headroomx.de\/wp-content\/uploads\/2024\/04\/IMG_9791-1152x1536.jpeg 1152w, https:\/\/headroomx.de\/wp-content\/uploads\/2024\/04\/IMG_9791.jpeg 1200w\" sizes=\"auto, (max-width: 768px) 100vw, 768px\" \/><figcaption class=\"wp-element-caption\">Ansicht von der anderen Seite. Selbst wenn die Glasabdeckung vom Waschbecken hochgeklappt ist, kann man den Sprudler nutzen.<\/figcaption><\/figure>\n\n\n\n<div class=\"wp-block-media-text is-stacked-on-mobile\"><figure class=\"wp-block-media-text__media\"><video controls src=\"https:\/\/headroomx.de\/wp-content\/uploads\/2024\/04\/IMG_9800-1.mov\"><\/video><\/figure><div class=\"wp-block-media-text__content\">\n<p>Hier die Funktion im Video&#8230;<\/p>\n<\/div><\/div>\n\n\n\n<p>Ach, das mit dem Sprudler hat seinen Grund: Wir wollen nicht st\u00e4ndig viele Flaschen mit rumschleppen. Einmal ist das \u00fcberfl\u00fcssigen Gewicht, zum anderen muss das Leergut auch entsorgt werden. So haben wir keinen M\u00fcll und brauchen kein Getr\u00e4nkelager. <\/p>\n\n\n\n<p>Aber das muss jeder selbst wissen. <\/p>\n\n\n\n<p><strong>Nachtrag:<\/strong><\/p>\n\n\n\n<p>Die Klebepads der Magneten haben die Sommerhitze nicht ausgehalten und sich gel\u00f6st. Nun habe ich stattdessen je zwei kleinere Magneten verwendet, die allerdings mit VA-Senkschrauben und selbstsichernden VA-Flanschmuttern befestigt.<\/p>\n\n\n\n<figure class=\"wp-block-image size-large\"><img loading=\"lazy\" decoding=\"async\" width=\"768\" height=\"1024\" src=\"https:\/\/headroomx.de\/wp-content\/uploads\/2024\/08\/IMG_0617-768x1024.jpeg\" alt=\"\" class=\"wp-image-3253\" srcset=\"https:\/\/headroomx.de\/wp-content\/uploads\/2024\/08\/IMG_0617-768x1024.jpeg 768w, https:\/\/headroomx.de\/wp-content\/uploads\/2024\/08\/IMG_0617-225x300.jpeg 225w, https:\/\/headroomx.de\/wp-content\/uploads\/2024\/08\/IMG_0617-1152x1536.jpeg 1152w, https:\/\/headroomx.de\/wp-content\/uploads\/2024\/08\/IMG_0617.jpeg 1200w\" sizes=\"auto, (max-width: 768px) 100vw, 768px\" \/><\/figure>\n","protected":false},"excerpt":{"rendered":"<p>Jeder macht ja im Urlaub, was ihm spa\u00df macht. Das machen wir auch. Fernsehen geh\u00f6rt eindeutig nicht dazu. Als wir unseren P\u00f6ssl kauften, war die automatische Sat-Sch\u00fcssel, Receiver und TV-ger\u00e4t nebst superduper-Schwenkhalter schon eingebaut. Bisher habe ich den Fernseher 2 x mal benutzt&#8230; zur Kontrolle, ob er noch geht. Kurzum, 7kg Sat-Sch\u00fcssel, die selbst eingefahren [&hellip;]<\/p>\n","protected":false},"author":1,"featured_media":0,"parent":0,"menu_order":0,"comment_status":"closed","ping_status":"closed","template":"","meta":{"footnotes":""},"class_list":["post-3104","page","type-page","status-publish","czr-hentry"],"_links":{"self":[{"href":"https:\/\/headroomx.de\/index.php?rest_route=\/wp\/v2\/pages\/3104","targetHints":{"allow":["GET"]}}],"collection":[{"href":"https:\/\/headroomx.de\/index.php?rest_route=\/wp\/v2\/pages"}],"about":[{"href":"https:\/\/headroomx.de\/index.php?rest_route=\/wp\/v2\/types\/page"}],"author":[{"embeddable":true,"href":"https:\/\/headroomx.de\/index.php?rest_route=\/wp\/v2\/users\/1"}],"replies":[{"embeddable":true,"href":"https:\/\/headroomx.de\/index.php?rest_route=%2Fwp%2Fv2%2Fcomments&post=3104"}],"version-history":[{"count":9,"href":"https:\/\/headroomx.de\/index.php?rest_route=\/wp\/v2\/pages\/3104\/revisions"}],"predecessor-version":[{"id":3254,"href":"https:\/\/headroomx.de\/index.php?rest_route=\/wp\/v2\/pages\/3104\/revisions\/3254"}],"wp:attachment":[{"href":"https:\/\/headroomx.de\/index.php?rest_route=%2Fwp%2Fv2%2Fmedia&parent=3104"}],"curies":[{"name":"wp","href":"https:\/\/api.w.org\/{rel}","templated":true}]}}