{"id":3144,"date":"2024-05-11T19:11:01","date_gmt":"2024-05-11T19:11:01","guid":{"rendered":"https:\/\/headroomx.de\/?page_id=3144"},"modified":"2024-05-11T19:11:02","modified_gmt":"2024-05-11T19:11:02","slug":"fiat-ducato-bis-2014-scheibenablaeufe-vergroessern","status":"publish","type":"page","link":"https:\/\/headroomx.de\/?page_id=3144","title":{"rendered":"Fiat Ducato bis 2014 Scheibenabl\u00e4ufe vergr\u00f6\u00dfern"},"content":{"rendered":"\n<p>Der Fiat Ducato hat unter der Frontscheibe wo die Scheibenwischer sind, eine Plastikverkleidung, in der auch die Scheibenwischerdurchf\u00fchrungen sind. <\/p>\n\n\n\n<p>Bei meinem Ducato ist das dreigeteilt:<\/p>\n\n\n\n<ul class=\"wp-block-list\">\n<li>Links eine kleine &#8222;Wanne&#8220; mit einem kleinen Ablauf, der ca. 4mm Durchmesser hat. Von dort aus geht ein 8mm Schlauch ein St\u00fcck nach unten oberhalb des Kotfl\u00fcgels. Das funktioniert, solange das Miniloch nicht verstopft ist und der Larifari-Schlauch nicht geknickt ist, also rund 2 Tage nach dem Neukauf. Auch Reinigen bringt Besserung nur bis zum n\u00e4chsten Regen. Das bleibt wieder das Wasser drin stehen und der Dreck sammelt sich.<\/li>\n\n\n\n<li>Rechts ist es genauso, allerdings ist dort auch die Scheibenwischerwelle. Die sethe dann immer im Modder und vergammelt. Das grenzt an geplante Obsoleszenz. <\/li>\n\n\n\n<li>In der Mitte ist ein gro\u00dfer Ablauf, dessen Durchmesser rund 4cm betr\u00e4gt, nicht verstopft und das Wasser am Motor vorbei nach unten ableitet.  <\/li>\n<\/ul>\n\n\n\n<p>Also m\u00fcssten links und rechts die Abl\u00e4ufe vergr\u00f6\u00dfert werden und dickere Schl\u00e4uche gelegt werden. Auf dem Bild einer der entfernten Abl\u00e4ufe, in diesem Fall von der Fahrerseite.<\/p>\n\n\n\n<p>Um da dran zu kommen, macht es Sinn, den Scheinwerfer auszubauen. Weiter unten ist es kurz erkl\u00e4rt.<\/p>\n\n\n\n<figure class=\"wp-block-image size-large\"><img loading=\"lazy\" decoding=\"async\" width=\"1024\" height=\"768\" src=\"https:\/\/headroomx.de\/wp-content\/uploads\/2024\/05\/IMG_9989-1024x768.jpeg\" alt=\"\" class=\"wp-image-3145\" srcset=\"https:\/\/headroomx.de\/wp-content\/uploads\/2024\/05\/IMG_9989-1024x768.jpeg 1024w, https:\/\/headroomx.de\/wp-content\/uploads\/2024\/05\/IMG_9989-300x225.jpeg 300w, https:\/\/headroomx.de\/wp-content\/uploads\/2024\/05\/IMG_9989-768x576.jpeg 768w, https:\/\/headroomx.de\/wp-content\/uploads\/2024\/05\/IMG_9989.jpeg 1200w\" sizes=\"auto, (max-width: 1024px) 100vw, 1024px\" \/><\/figure>\n\n\n\n<p>Die linke &#8222;Wanne&#8220; sieht so aus, wenn der Ablauf verstopft ist. In diesem Fall wurde der komplette Ablauf und Wanne erst vor 3 Wochen gereinigt. Wie man ahnen kann, steht die Scheibenwischerwelle in Modder, wenn es regnet.<\/p>\n\n\n\n<figure class=\"wp-block-image size-large\"><img loading=\"lazy\" decoding=\"async\" width=\"1024\" height=\"810\" src=\"https:\/\/headroomx.de\/wp-content\/uploads\/2024\/05\/IMG_9987-1024x810.jpeg\" alt=\"\" class=\"wp-image-3146\" srcset=\"https:\/\/headroomx.de\/wp-content\/uploads\/2024\/05\/IMG_9987-1024x810.jpeg 1024w, https:\/\/headroomx.de\/wp-content\/uploads\/2024\/05\/IMG_9987-300x237.jpeg 300w, https:\/\/headroomx.de\/wp-content\/uploads\/2024\/05\/IMG_9987-768x607.jpeg 768w, https:\/\/headroomx.de\/wp-content\/uploads\/2024\/05\/IMG_9987.jpeg 1200w\" sizes=\"auto, (max-width: 1024px) 100vw, 1024px\" \/><\/figure>\n\n\n\n<p>Also entfernt man den Gummistutzen mitsamt Schlauch. Dann ist dort ein 10mm Loch zu sehen. Ich habe mir zu diesem Zeitpunkt gespart, es auszuwaschen, weil ich die Drecksuppe nicht auf dem Sicherungskasten haben wollte. <\/p>\n\n\n\n<figure class=\"wp-block-image size-large is-resized\"><img loading=\"lazy\" decoding=\"async\" width=\"1024\" height=\"768\" src=\"https:\/\/headroomx.de\/wp-content\/uploads\/2024\/05\/IMG_9990-1024x768.jpeg\" alt=\"\" class=\"wp-image-3147\" style=\"width:841px;height:auto\" srcset=\"https:\/\/headroomx.de\/wp-content\/uploads\/2024\/05\/IMG_9990-1024x768.jpeg 1024w, https:\/\/headroomx.de\/wp-content\/uploads\/2024\/05\/IMG_9990-300x225.jpeg 300w, https:\/\/headroomx.de\/wp-content\/uploads\/2024\/05\/IMG_9990-768x576.jpeg 768w, https:\/\/headroomx.de\/wp-content\/uploads\/2024\/05\/IMG_9990.jpeg 1200w\" sizes=\"auto, (max-width: 1024px) 100vw, 1024px\" \/><\/figure>\n\n\n\n<p>Also aus einem alten Kupferrohr von einem alten Wasserhahnanschluss einen Bogen gemacht und an einer seite ein wenig aufgeb\u00f6rdelt. Wenn man den dann einschiebt, kann er nicht durchrutschen.<\/p>\n\n\n\n<figure class=\"wp-block-image size-large\"><img loading=\"lazy\" decoding=\"async\" width=\"1024\" height=\"814\" src=\"https:\/\/headroomx.de\/wp-content\/uploads\/2024\/05\/IMG_9992-1024x814.jpeg\" alt=\"\" class=\"wp-image-3148\" srcset=\"https:\/\/headroomx.de\/wp-content\/uploads\/2024\/05\/IMG_9992-1024x814.jpeg 1024w, https:\/\/headroomx.de\/wp-content\/uploads\/2024\/05\/IMG_9992-300x239.jpeg 300w, https:\/\/headroomx.de\/wp-content\/uploads\/2024\/05\/IMG_9992-768x611.jpeg 768w, https:\/\/headroomx.de\/wp-content\/uploads\/2024\/05\/IMG_9992.jpeg 1200w\" sizes=\"auto, (max-width: 1024px) 100vw, 1024px\" \/><\/figure>\n\n\n\n<p>Dann schiebt man das von oben mit der d\u00fcnne Serite voran, in das Loch bis es nicht mehr weiter geht. Von oben sieht das dann so aus. <\/p>\n\n\n\n<figure class=\"wp-block-image size-large\"><img loading=\"lazy\" decoding=\"async\" width=\"1024\" height=\"912\" src=\"https:\/\/headroomx.de\/wp-content\/uploads\/2024\/05\/IMG_9994-1024x912.jpeg\" alt=\"\" class=\"wp-image-3149\" srcset=\"https:\/\/headroomx.de\/wp-content\/uploads\/2024\/05\/IMG_9994-1024x912.jpeg 1024w, https:\/\/headroomx.de\/wp-content\/uploads\/2024\/05\/IMG_9994-300x267.jpeg 300w, https:\/\/headroomx.de\/wp-content\/uploads\/2024\/05\/IMG_9994-768x684.jpeg 768w, https:\/\/headroomx.de\/wp-content\/uploads\/2024\/05\/IMG_9994.jpeg 1200w\" sizes=\"auto, (max-width: 1024px) 100vw, 1024px\" \/><\/figure>\n\n\n\n<p>In der Seitenansicht sieht das so aus.<\/p>\n\n\n\n<figure class=\"wp-block-image size-large\"><img loading=\"lazy\" decoding=\"async\" width=\"1024\" height=\"767\" src=\"https:\/\/headroomx.de\/wp-content\/uploads\/2024\/05\/IMG_9996-1024x767.jpeg\" alt=\"\" class=\"wp-image-3150\" srcset=\"https:\/\/headroomx.de\/wp-content\/uploads\/2024\/05\/IMG_9996-1024x767.jpeg 1024w, https:\/\/headroomx.de\/wp-content\/uploads\/2024\/05\/IMG_9996-300x225.jpeg 300w, https:\/\/headroomx.de\/wp-content\/uploads\/2024\/05\/IMG_9996-768x575.jpeg 768w, https:\/\/headroomx.de\/wp-content\/uploads\/2024\/05\/IMG_9996.jpeg 1200w\" sizes=\"auto, (max-width: 1024px) 100vw, 1024px\" \/><\/figure>\n\n\n\n<p>Damit das nicht zur\u00fcckrutschen kann, kommt erst ein St\u00fcck 14er Schlauch drauf und als Ablaufschlauch wird ein 10x2mm-Schlauch verwendet. Dieser h\u00e4lt den dickeren Schlauch und sichert so das Metallrohr. <\/p>\n\n\n\n<figure class=\"wp-block-image size-large\"><img loading=\"lazy\" decoding=\"async\" width=\"768\" height=\"1024\" src=\"https:\/\/headroomx.de\/wp-content\/uploads\/2024\/05\/IMG_9999-768x1024.jpeg\" alt=\"\" class=\"wp-image-3151\" srcset=\"https:\/\/headroomx.de\/wp-content\/uploads\/2024\/05\/IMG_9999-768x1024.jpeg 768w, https:\/\/headroomx.de\/wp-content\/uploads\/2024\/05\/IMG_9999-225x300.jpeg 225w, https:\/\/headroomx.de\/wp-content\/uploads\/2024\/05\/IMG_9999-1152x1536.jpeg 1152w, https:\/\/headroomx.de\/wp-content\/uploads\/2024\/05\/IMG_9999.jpeg 1200w\" sizes=\"auto, (max-width: 768px) 100vw, 768px\" \/><\/figure>\n\n\n\n<p>Der Schlauch wird nach unten geleitet, so dass die Suppe nicht in den Motorraum l\u00e4uft.<\/p>\n\n\n\n<hr class=\"wp-block-separator has-alpha-channel-opacity\"\/>\n\n\n\n<div style=\"height:100px\" aria-hidden=\"true\" class=\"wp-block-spacer\"><\/div>\n\n\n\n<h2 class=\"wp-block-heading\">Ausbau des Scheinwerfers<\/h2>\n\n\n\n<figure class=\"wp-block-image size-large\"><img loading=\"lazy\" decoding=\"async\" width=\"768\" height=\"1024\" src=\"https:\/\/headroomx.de\/wp-content\/uploads\/2024\/05\/IMG_9980-768x1024.jpeg\" alt=\"\" class=\"wp-image-3153\" srcset=\"https:\/\/headroomx.de\/wp-content\/uploads\/2024\/05\/IMG_9980-768x1024.jpeg 768w, https:\/\/headroomx.de\/wp-content\/uploads\/2024\/05\/IMG_9980-225x300.jpeg 225w, https:\/\/headroomx.de\/wp-content\/uploads\/2024\/05\/IMG_9980-1152x1536.jpeg 1152w, https:\/\/headroomx.de\/wp-content\/uploads\/2024\/05\/IMG_9980.jpeg 1200w\" sizes=\"auto, (max-width: 768px) 100vw, 768px\" \/><figcaption class=\"wp-element-caption\">Hier die Schraube entfernen<\/figcaption><\/figure>\n\n\n\n<figure class=\"wp-block-image size-large\"><img loading=\"lazy\" decoding=\"async\" width=\"768\" height=\"1024\" src=\"https:\/\/headroomx.de\/wp-content\/uploads\/2024\/05\/IMG_9981-768x1024.jpeg\" alt=\"\" class=\"wp-image-3154\" srcset=\"https:\/\/headroomx.de\/wp-content\/uploads\/2024\/05\/IMG_9981-768x1024.jpeg 768w, https:\/\/headroomx.de\/wp-content\/uploads\/2024\/05\/IMG_9981-225x300.jpeg 225w, https:\/\/headroomx.de\/wp-content\/uploads\/2024\/05\/IMG_9981-1152x1536.jpeg 1152w, https:\/\/headroomx.de\/wp-content\/uploads\/2024\/05\/IMG_9981.jpeg 1200w\" sizes=\"auto, (max-width: 768px) 100vw, 768px\" \/><figcaption class=\"wp-element-caption\">Dann kann man die Blende mit etwas Kraftaufwand seitlich entfernen, sie ise an 4 Stellen geklipst. <\/figcaption><\/figure>\n\n\n\n<figure class=\"wp-block-image size-large\"><img loading=\"lazy\" decoding=\"async\" width=\"1024\" height=\"452\" src=\"https:\/\/headroomx.de\/wp-content\/uploads\/2024\/05\/IMG_9982-1024x452.jpeg\" alt=\"\" class=\"wp-image-3155\" srcset=\"https:\/\/headroomx.de\/wp-content\/uploads\/2024\/05\/IMG_9982-1024x452.jpeg 1024w, https:\/\/headroomx.de\/wp-content\/uploads\/2024\/05\/IMG_9982-300x133.jpeg 300w, https:\/\/headroomx.de\/wp-content\/uploads\/2024\/05\/IMG_9982-768x339.jpeg 768w, https:\/\/headroomx.de\/wp-content\/uploads\/2024\/05\/IMG_9982.jpeg 1200w\" sizes=\"auto, (max-width: 1024px) 100vw, 1024px\" \/><figcaption class=\"wp-element-caption\">Diese zweit Schrauben komplett entfernen und vorher Position anzeichnen.<\/figcaption><\/figure>\n\n\n\n<figure class=\"wp-block-image size-large\"><img loading=\"lazy\" decoding=\"async\" width=\"1024\" height=\"768\" src=\"https:\/\/headroomx.de\/wp-content\/uploads\/2024\/05\/IMG_9983-1024x768.jpeg\" alt=\"\" class=\"wp-image-3156\" srcset=\"https:\/\/headroomx.de\/wp-content\/uploads\/2024\/05\/IMG_9983-1024x768.jpeg 1024w, https:\/\/headroomx.de\/wp-content\/uploads\/2024\/05\/IMG_9983-300x225.jpeg 300w, https:\/\/headroomx.de\/wp-content\/uploads\/2024\/05\/IMG_9983-768x576.jpeg 768w, https:\/\/headroomx.de\/wp-content\/uploads\/2024\/05\/IMG_9983.jpeg 1200w\" sizes=\"auto, (max-width: 1024px) 100vw, 1024px\" \/><figcaption class=\"wp-element-caption\">Diese zwei Schrauben entfernen und&#8230;<\/figcaption><\/figure>\n\n\n\n<figure class=\"wp-block-image size-large\"><img loading=\"lazy\" decoding=\"async\" width=\"1024\" height=\"960\" src=\"https:\/\/headroomx.de\/wp-content\/uploads\/2024\/05\/IMG_9985-1024x960.jpeg\" alt=\"\" class=\"wp-image-3157\" srcset=\"https:\/\/headroomx.de\/wp-content\/uploads\/2024\/05\/IMG_9985-1024x960.jpeg 1024w, https:\/\/headroomx.de\/wp-content\/uploads\/2024\/05\/IMG_9985-300x281.jpeg 300w, https:\/\/headroomx.de\/wp-content\/uploads\/2024\/05\/IMG_9985-768x720.jpeg 768w, https:\/\/headroomx.de\/wp-content\/uploads\/2024\/05\/IMG_9985.jpeg 1200w\" sizes=\"auto, (max-width: 1024px) 100vw, 1024px\" \/><figcaption class=\"wp-element-caption\">&#8230;dann nach oben ziehen. Die zweit Clips gehen etwas hart. Dann kann ma das Teil hinten auch aush\u00e4ngen.<\/figcaption><\/figure>\n\n\n\n<figure class=\"wp-block-image size-large\"><img loading=\"lazy\" decoding=\"async\" width=\"768\" height=\"1024\" src=\"https:\/\/headroomx.de\/wp-content\/uploads\/2024\/05\/IMG_9986-768x1024.jpeg\" alt=\"\" class=\"wp-image-3158\" srcset=\"https:\/\/headroomx.de\/wp-content\/uploads\/2024\/05\/IMG_9986-768x1024.jpeg 768w, https:\/\/headroomx.de\/wp-content\/uploads\/2024\/05\/IMG_9986-225x300.jpeg 225w, https:\/\/headroomx.de\/wp-content\/uploads\/2024\/05\/IMG_9986-1152x1536.jpeg 1152w, https:\/\/headroomx.de\/wp-content\/uploads\/2024\/05\/IMG_9986.jpeg 1200w\" sizes=\"auto, (max-width: 768px) 100vw, 768px\" \/><figcaption class=\"wp-element-caption\">Diese Schraube noch markieren und entfernen. Dann kann man den Scheinwerfer mit einem leichten Ruck nach vorne rausziehen. Der Scheinwerfer hat hinten einen Clip, der sich dadurch l\u00f6sen l\u00e4sst. Dann den Stecker entfernen und den Scheinwerfer an die Seite legen. <\/figcaption><\/figure>\n\n\n\n<p>Der Zusammenbau passiert einfach umgekehrt. <\/p>\n","protected":false},"excerpt":{"rendered":"<p>Der Fiat Ducato hat unter der Frontscheibe wo die Scheibenwischer sind, eine Plastikverkleidung, in der auch die Scheibenwischerdurchf\u00fchrungen sind. Bei meinem Ducato ist das dreigeteilt: Also m\u00fcssten links und rechts die Abl\u00e4ufe vergr\u00f6\u00dfert werden und dickere Schl\u00e4uche gelegt werden. Auf dem Bild einer der entfernten Abl\u00e4ufe, in diesem Fall von der Fahrerseite. Um da dran [&hellip;]<\/p>\n","protected":false},"author":1,"featured_media":0,"parent":0,"menu_order":0,"comment_status":"closed","ping_status":"closed","template":"","meta":{"footnotes":""},"class_list":["post-3144","page","type-page","status-publish","czr-hentry"],"_links":{"self":[{"href":"https:\/\/headroomx.de\/index.php?rest_route=\/wp\/v2\/pages\/3144","targetHints":{"allow":["GET"]}}],"collection":[{"href":"https:\/\/headroomx.de\/index.php?rest_route=\/wp\/v2\/pages"}],"about":[{"href":"https:\/\/headroomx.de\/index.php?rest_route=\/wp\/v2\/types\/page"}],"author":[{"embeddable":true,"href":"https:\/\/headroomx.de\/index.php?rest_route=\/wp\/v2\/users\/1"}],"replies":[{"embeddable":true,"href":"https:\/\/headroomx.de\/index.php?rest_route=%2Fwp%2Fv2%2Fcomments&post=3144"}],"version-history":[{"count":2,"href":"https:\/\/headroomx.de\/index.php?rest_route=\/wp\/v2\/pages\/3144\/revisions"}],"predecessor-version":[{"id":3160,"href":"https:\/\/headroomx.de\/index.php?rest_route=\/wp\/v2\/pages\/3144\/revisions\/3160"}],"wp:attachment":[{"href":"https:\/\/headroomx.de\/index.php?rest_route=%2Fwp%2Fv2%2Fmedia&parent=3144"}],"curies":[{"name":"wp","href":"https:\/\/api.w.org\/{rel}","templated":true}]}}